{"id":259,"date":"2025-11-13T22:24:43","date_gmt":"2025-11-14T01:24:43","guid":{"rendered":"https:\/\/casadovento.com.br\/novo\/?page_id=259"},"modified":"2025-12-15T14:20:24","modified_gmt":"2025-12-15T17:20:24","slug":"micro-ventilador","status":"publish","type":"page","link":"https:\/\/casadovento.com.br\/novo\/micro-ventilador\/","title":{"rendered":"Micro-ventilador"},"content":{"rendered":"<p><a href=\"https:\/\/casadovento.com.br\/\"><img decoding=\"async\" src=\"\/novo\/wp-content\/uploads\/2025\/07\/cdv-logo-inv-2.svg\" alt=\"\"><\/a><\/p>\n<h1>Micro Ventilador<\/h1>\n<h1>Efici\u00eancia profissional<\/h1>\n<ul>\n<li>\n<p>        <img decoding=\"async\" src=\"\/novo\/wp-content\/uploads\/2025\/11\/micro-01.jpg\" alt=\"\"><\/p>\n<h3>micro-01<\/h3>\n<\/li>\n<li>\n<p>        <img decoding=\"async\" src=\"\/novo\/wp-content\/uploads\/2025\/11\/micro-02.jpg\" alt=\"\"><\/p>\n<h3>micro-02<\/h3>\n<\/li>\n<li>\n<p>        <img decoding=\"async\" src=\"\/novo\/wp-content\/uploads\/2025\/11\/micro-03.jpg\" alt=\"\"><\/p>\n<h3>micro-03<\/h3>\n<\/li>\n<\/ul>\n<div>Os micro ventiladores industriais oferecem alta efici\u00eancia em um formato compacto, sendo ideais para resfriar componentes, m\u00e1quinas e pain\u00e9is el\u00e9tricos em ambientes onde o espa\u00e7o \u00e9 limitado. Apesar do tamanho reduzido, eles proporcionam forte fluxo de ar cont\u00ednuo, ajudando a evitar o superaquecimento e aumentando a vida \u00fatil de equipamentos sens\u00edveis. Sua constru\u00e7\u00e3o robusta garante durabilidade mesmo sob uso intenso, enquanto o baixo consumo de energia contribui para a economia operacional. Al\u00e9m disso, s\u00e3o f\u00e1ceis de instalar, silenciosos e podem ser integrados a diversos sistemas industriais, tornando-se uma solu\u00e7\u00e3o pr\u00e1tica, confi\u00e1vel e vers\u00e1til para controle t\u00e9rmico.\n<\/div>\n<h1>Veja mais<\/h1>\n<ul>\n<li>\n<p>        <img decoding=\"async\" src=\"\/novo\/wp-content\/uploads\/2025\/12\/5463-aqlq4k2tww.webp\" alt=\"\"><\/p>\n<h3>MICRO VENTILADOR AC CV250A3<\/h3>\n<div>\n<div class=\"row-fluid\">\n<div class=\"span12\">\n<div class=\"abas-custom\">\n<div class=\"tab-content\">\n<div class=\"tab-pane active\" id=\"descricao\" itemprop=\"description\">\n<p><span>MICRO VENTILADOR AC CV250A3<br \/>TENS\u00c3O-127\/220V<br \/>POT\u00caNCIA-140\/110W<br \/>VAZ\u00c3O M\u00c1XIMA-420I\/s<br \/>ISOLA\u00c7\u00c3O DE CLASSE-155\u00b0<br \/>N\u00cdVEL DE RU\u00cdDO-81dBA<br \/>ROTA\u00c7\u00c3O-3380\/3345rpm<br \/>FREQU\u00caNCIA-60Hz OU 50\/60Hz<br \/>TEMPERATURA ADMISS\u00cdVEL DE TRABALHO-<br \/>m\u00ednima-10\u00b0C, m\u00e1xima +60\u00b0C<br \/>VARIA\u00c7\u00c3O DE TENS\u00c3O ADMIS\u00cdVEL<br \/>VIDA \u00daTIL ESTIMADA-20.000HORAS<br \/>VARIA\u00c7\u00c3O DE TENS\u00c3O ADMIS\u00cdVEL-10% DO VALOR<br \/>NOMINAL POR CURTO ESPA\u00c7O DE TEMPO<br \/>H\u00c9LICE-INJENTADA EM PL\u00c1STICO DE ENGENHARIA<br \/>CARCA\u00c7A-FUNDIDA SOB PRESS\u00c3O EM ALUMIN\u00cdO<br \/>DIMENS\u00d5ES-151X171X51<br \/>CABO-230mm<br \/>GARANTIA-3 ANOS<\/span><\/p>\n<\/div>\n<\/div>\n<\/div>\n<\/div>\n<\/div>\n<\/div>\n<\/li>\n<li>\n<p>        <img decoding=\"async\" src=\"\/novo\/wp-content\/uploads\/2025\/12\/micro-ventilador-ac-cv170a3-221296a2-eue9wozwnt.webp\" alt=\"\"><\/p>\n<h3>MICRO VENTILADOR AC CV170A3<\/h3>\n<div>\n<p><span>MICRO VENTILADOR AC CV170A3<br \/>TENS\u00c3O-127\/220V<br \/>POT\u00caNCIA-77,5\/52,8W<br \/>VAZ\u00c3O M\u00c1XIMA-100I\/s<br \/>ISOLA\u00c7\u00c3O DE CLASSE-155\u00b0<br \/>N\u00cdVEL DE RU\u00cdDO-78dBA<br \/>ROTA\u00c7\u00c3O-3240\/3040rpm<br \/>FREQU\u00caNCIA-60Hz OU 50\/60Hz<br \/>TEMPERATURA ADMISS\u00cdVEL DE TRABALHO-<br \/>M\u00cdNIMA -10\u00b0C M\u00c1XIMA +60\u00b0C<br \/>VIDA \u00daTIL ESTIMADA-15.000HORAS<br \/>VARIA\u00c7\u00c3O DE TENS\u00c3O ADMIS\u00cdVEL-10% DO VALOR<br \/>NOMINAL POR CURTO ESPA\u00c7O DE TEMPO<br \/>H\u00c9LICE-INJENTADA EM PL\u00c1STICO DE ENGENHARIA<br \/>CARCA\u00c7A-FUNDIDA SOB PRESS\u00c3O EM ALUMIN\u00cdO<br \/>DIMENS\u00d5ES-151X171X51<br \/>CABO-230mm<br \/>GARANTIA-3 ANOS<\/span><\/p>\n<\/div>\n<\/li>\n<li>\n<p>        <img decoding=\"async\" src=\"\/novo\/wp-content\/uploads\/2025\/12\/micro-ventilador-ac-cv160a3-358302ea-nlhxpo1se3.webp\" alt=\"\"><\/p>\n<h3>MICRO VENTILADOR AC CV160A3<\/h3>\n<div>\n<p><span>MICRO VENTILADOR AC CV120A3R<br \/>TENS\u00c3O-127\/220V<br \/>POT\u00caNCIA-47W<br \/>VAZ\u00c3O M\u00c1XIMA-110I\/s<br \/>ISOLA\u00c7\u00c3O DE CLASSE-155\u00b0<br \/>N\u00cdVEL DE RU\u00cdDO-70dBA<br \/>ROTA\u00c7\u00c3O-3440rpm<br \/>FREQU\u00caNCIA-60Hz OU 50\/60Hz<br \/>TEMPERATURA ADMISS\u00cdVEL DE TRABALHO-<br \/>M\u00cdNIMA -10\u00b0C M\u00c1XIMA +60\u00b0C<br \/>TEMPERATURA DE ARMAZENAGEM-<br \/>VIDA \u00daTIL ESTIMADA-50.000HORAS<br \/>VARIA\u00c7\u00c3O DE TENS\u00c3O ADMIS\u00cdVEL-10% DO VALOR<br \/>NOMINAL POR CURTO ESPA\u00c7O DE TEMPO<br \/>H\u00c9LICE-INJENTADA EM PL\u00c1STICO DE ENGENHARIA<br \/>REFOR\u00c7ADA<br \/>CARCA\u00c7A-INJETADA EM POLIAMIDA REFOR\u00c7ADA<br \/>COM FIBRA DE VIDRO<br \/>DIMENS\u00d5ES-162X162X55<br \/>CABO-230mm<br \/>GARANTIA-3 ANOS<\/span><\/p>\n<\/div>\n<\/li>\n<li>\n<p>        <img decoding=\"async\" src=\"\/novo\/wp-content\/uploads\/2025\/12\/micro-ventilador-cv120a3r-f2ab2b6f-3imxo7n841.webp\" alt=\"\"><\/p>\n<h3>MICRO VENTILADOR CV120A3R<\/h3>\n<div>\n<p><span>MICRO VENTILADOR AC Q120A3R<br \/>TENS\u00c3O-127\/220V<br \/>POT\u00caNCIA-32\/34W<br \/>VAZ\u00c3O M\u00c1XIMA-48I\/s<br \/>ISOLA\u00c7\u00c3O DE CLASSE-155\u00b0<br \/>N\u00cdVEL DE RU\u00cdDO-57dBA<br \/>ROTA\u00c7\u00c3O-3100rpm<br \/>FREQU\u00caNCIA-60Hz OU 50\/60Hz<br \/>TEMPERATURA ADMISS\u00cdVEL DE TRABALHO-<br \/>M\u00cdNIMA -1\u00b0C M\u00c1XIMA+60\u00b0C<br \/>VIDA \u00daTIL ESTIMADA-50.000HORAS<br \/>VARIA\u00c7\u00c3O DE TENS\u00c3O ADMIS\u00cdVEL-10% DO VALOR<br \/>NOMINAL POR CURTO ESPA\u00c7O DE TEMPO<br \/>H\u00c9LICE-INJENTADA EM PL\u00c1STICO DE ENGENHARIA<br \/>REFOR\u00c7ADA<br \/>CARCA\u00c7A-FUNDIDO SOB PRESS\u00c3O EM ALUMIN\u00cdO<br \/>MOTOR PROTEGIDO POR IMPED\u00c2NCIA<br \/>DIMENS\u00d5ES-121X121X38<br \/>CABO-230mm<br \/>GARANTIA-3 ANOS<\/span><\/p>\n<\/div>\n<\/li>\n<li>\n<p>        <img decoding=\"async\" src=\"\/novo\/wp-content\/uploads\/2025\/12\/micro-ventilador-ac-cv120a3-9c2c71cd-9c9opegwvi.webp\" alt=\"\"><\/p>\n<h3>MICRO VENTILADOR AC CV120A3<\/h3>\n<div>\n<p><span>MICRO VENTILADOR AC CV120A3<br \/>TENS\u00c3O-127\/220V<br \/>POT\u00caNCIA-34\/26W<br \/>VAZ\u00c3O M\u00c1XIMA-47I\/s<br \/>ISOLA\u00c7\u00c3O DE CLASSE-155\u00b0<br \/>N\u00cdVEL DE RU\u00cdDO-57dBA<br \/>ROTA\u00c7\u00c3O-2800\/2650rpm<br \/>FREQU\u00caNCIA-60Hz OU 50\/60Hz<br \/>TEMPERATURA ADMISS\u00cdVEL DE TRABALHO-<br \/>M\u00cdNIMA -10\u00b0C M\u00c1XIMA +60\u00b0C<br \/>VIDA \u00daTIL ESTIMADA-20.000HORAS<br \/>VARIA\u00c7\u00c3O DE TENS\u00c3O ADMIS\u00cdVEL-10% DO VALOR<br \/>NOMINAL POR CURTO ESPA\u00c7O DE TEMPO<br \/>H\u00c9LICE-INJENTADA EM PL\u00c1STICO DE ENGENHARIA<br \/>REFOR\u00c7ADA<br \/>CARCA\u00c7A-FUNDIDO SOB PRESS\u00c3O EM ALUMIN\u00cdO<br \/>MOTOR PROTEGIDO POR IMPED\u00c2NCIA<br \/>DIMENS\u00d5ES-121X121X38<br \/>CABO-230mm<br \/>GARANTIA-3 ANOS<\/span><\/p>\n<\/div>\n<\/li>\n<li>\n<p>        <img decoding=\"async\" src=\"\/novo\/wp-content\/uploads\/2025\/12\/micro-ventilador-ac-cv80a3-6p-9ab66b85-t0px3s8s0c.webp\" alt=\"\"><\/p>\n<h3>MICRO VENTILADOR AC CV80A3 (6P)<\/h3>\n<div>\n<p><span>MICRO VENTILADOR AC CV80A3D4\u00a0(6P)<br \/>TENS\u00c3O- 12v<br \/>POT\u00caNCIA-12W<br \/>VAZ\u00c3O M\u00c1XIMA-16I\/s<br \/>ISOLA\u00c7\u00c3O DE CLASSE-155\u00b0<br \/>N\u00cdVEL DE RU\u00cdDO-45dBA<br \/>ROTA\u00c7\u00c3O-2400 Rpm<br \/>FREQU\u00caNCIA-60Hz OU 50\/60Hz<br \/>TEMPERATURA ADMISS\u00cdVEL DE TRABALHO-<br \/>M\u00cdNIMA -10\u00b0C M\u00c1XIMA +60\u00b0C<br \/>VIDA \u00daTIL ESTIMADA-20.000HORAS<br \/>VARIA\u00c7\u00c3O DE TENS\u00c3O ADMIS\u00cdVEL-10% DO VALOR<br \/>NOMINAL POR CURTO ESPA\u00c7O DE TEMPO<br \/>H\u00c9LICE-INJENTADA EM PL\u00c1STICO DE ENGENHARIA<br \/>REFOR\u00c7ADA<br \/>CARCA\u00c7A-FUNDIDO SOB PRESS\u00c3O EM ALUMIN\u00cdO<br \/>MOTOR PROTEGIDO POR IMPED\u00c2NCIA<br \/>DIMENS\u00d5ES-<br \/>CABO-230mm<br \/>GARANTIA-3 ANOS<\/span><\/p>\n<\/div>\n<\/li>\n<li>\n<p>        <img decoding=\"async\" src=\"\/novo\/wp-content\/uploads\/2025\/12\/micro-ventilador-ac-cv80a3-5p-6e797e78-clx45j6xin.webp\" alt=\"\"><\/p>\n<h3>MICRO VENTILADOR AC CV80A3 (5P)<\/h3>\n<div>\n<p><span>MICRO VENTILADOR AC CV80A3 (5P)<br \/>TENS\u00c3O-127\/220V<br \/>POT\u00caNCIA-12W<br \/>VAZ\u00c3O M\u00c1XIMA-16I\/s<br \/>ISOLA\u00c7\u00c3O DE CLASSE-155\u00b0<br \/>N\u00cdVEL DE RU\u00cdDO-45dBA<br \/>ROTA\u00c7\u00c3O-3065\/3045rpm<br \/>FREQU\u00caNCIA-60Hz OU 50\/60Hz<br \/>TEMPERATURA ADMISS\u00cdVEL DE TRABALHO-<br \/>M\u00cdNIMA -10\u00b0C M\u00c1XIMA +60\u00b0C<br \/>VIDA \u00daTIL ESTIMADA-20.000HORAS<br \/>VARIA\u00c7\u00c3O DE TENS\u00c3O ADMIS\u00cdVEL-10% DO VALOR<br \/>NOMINAL POR CURTO ESPA\u00c7O DE TEMPO<br \/>H\u00c9LICE-INJENTADA EM NYLON 6.6<br \/>REFOR\u00c7ADA COM FIBRA DE VIDRO<br \/>CARCA\u00c7A-FUNDIDO SOB PRESS\u00c3O EM ALUMIN\u00cdO<br \/>GARANTIA-3 ANOS<\/span><\/p>\n<\/div>\n<\/li>\n<\/ul>\n<p><!--more--><br \/>\n<!-- {\"type\":\"layout\",\"children\":[{\"type\":\"section\",\"props\":{\"image_position\":\"center-center\",\"padding\":\"small\",\"style\":\"primary\",\"title_breakpoint\":\"xl\",\"title_position\":\"top-left\",\"title_rotation\":\"left\",\"vertical_align\":\"middle\",\"width\":\"default\"},\"children\":[{\"type\":\"row\",\"props\":{\"layout\":\"1-2,1-2\"},\"children\":[{\"type\":\"column\",\"props\":{\"image_position\":\"center-center\",\"position_sticky_breakpoint\":\"m\",\"width_medium\":\"1-2\"},\"children\":[{\"type\":\"image\",\"props\":{\"image\":\"wp-content\\\/uploads\\\/2025\\\/07\\\/cdv-logo-inv-2.svg\",\"image_svg_color\":\"emphasis\",\"image_width\":240,\"link\":\"https:\\\/\\\/casadovento.com.br\\\/\",\"margin\":\"default\"}}]},{\"type\":\"column\",\"props\":{\"image_position\":\"center-center\",\"position_sticky_breakpoint\":\"m\",\"width_medium\":\"1-2\"},\"children\":[{\"type\":\"module\",\"props\":{\"menu_image_align\":\"center\",\"menu_image_margin\":true,\"menu_style\":\"default\",\"menu_type\":\"subnav\",\"text_align\":\"right\",\"type\":\"builderwidget\",\"widget\":\"builderwidget-2\"}}]}]}]},{\"type\":\"section\",\"props\":{\"image_position\":\"center-center\",\"padding\":\"large\",\"style\":\"default\",\"title_breakpoint\":\"xl\",\"title_position\":\"top-left\",\"title_rotation\":\"left\",\"vertical_align\":\"middle\",\"video\":\"wp-content\\\/uploads\\\/2025\\\/11\\\/video-produto-bg-micro.mp4\",\"width\":\"default\"},\"children\":[{\"type\":\"row\",\"children\":[{\"type\":\"column\",\"props\":{\"image_position\":\"center-center\",\"position_sticky_breakpoint\":\"m\"},\"children\":[{\"type\":\"headline\",\"props\":{\"content\":\"Micro Ventilador\",\"margin_remove_bottom\":true,\"text_align\":\"center\",\"title_element\":\"h1\",\"title_font_family\":\"secondary\",\"title_style\":\"heading-large\"}},{\"type\":\"headline\",\"props\":{\"content\":\"Efici\\u00eancia profissional\",\"margin_remove_top\":true,\"text_align\":\"center\",\"title_color\":\"secondary\",\"title_element\":\"h1\",\"title_font_family\":\"tertiary\",\"title_style\":\"heading-medium\"},\"name\":\"texto secundario\"}]}]},{\"type\":\"row\",\"props\":{\"layout\":\"1-2,1-2\",\"margin\":\"large\"},\"children\":[{\"type\":\"column\",\"props\":{\"image_position\":\"center-center\",\"position_sticky_breakpoint\":\"m\",\"width_medium\":\"1-2\"},\"children\":[{\"type\":\"slideshow\",\"props\":{\"blend\":false,\"content_expand\":false,\"link_style\":\"default\",\"link_text\":\"Read more\",\"margin\":\"default\",\"meta_align\":\"below-title\",\"meta_element\":\"div\",\"meta_style\":\"text-meta\",\"nav\":\"\",\"nav_align\":\"center\",\"nav_breakpoint\":\"s\",\"nav_position\":\"bottom-center\",\"nav_position_margin\":\"medium\",\"overlay_animation\":\"parallax\",\"overlay_position\":\"center-left\",\"show_content\":false,\"show_link\":false,\"show_meta\":false,\"show_thumbnail\":false,\"show_title\":false,\"slidenav\":\"default\",\"slidenav_breakpoint\":\"s\",\"slidenav_margin\":\"medium\",\"slidenav_outside_breakpoint\":\"xl\",\"slideshow_animation\":\"fade\",\"slideshow_autoplay\":true,\"slideshow_autoplay_interval\":\"3\",\"slideshow_autoplay_pause\":true,\"slideshow_box_shadow\":\"small\",\"slideshow_min_height\":300,\"slideshow_ratio\":\"960:640\",\"thumbnav_height\":\"75\",\"thumbnav_svg_color\":\"emphasis\",\"thumbnav_width\":\"100\",\"title_element\":\"h3\",\"title_hover_style\":\"reset\"},\"children\":[{\"type\":\"slideshow_item\",\"props\":{\"image\":\"wp-content\\\/uploads\\\/2025\\\/11\\\/micro-01.jpg\",\"title\":\"micro-01\"}},{\"type\":\"slideshow_item\",\"props\":{\"image\":\"wp-content\\\/uploads\\\/2025\\\/11\\\/micro-02.jpg\",\"title\":\"micro-02\"}},{\"type\":\"slideshow_item\",\"props\":{\"image\":\"wp-content\\\/uploads\\\/2025\\\/11\\\/micro-03.jpg\",\"title\":\"micro-03\"}}]}]},{\"type\":\"column\",\"props\":{\"image_position\":\"center-center\",\"position_sticky_breakpoint\":\"m\",\"style\":\"card-default\",\"vertical_align\":\"middle\",\"width_medium\":\"1-2\"},\"children\":[{\"type\":\"text\",\"props\":{\"block_align\":\"center\",\"column_breakpoint\":\"m\",\"content\":\"Os micro ventiladores industriais oferecem alta efici\\u00eancia em um formato compacto, sendo ideais para resfriar componentes, m\\u00e1quinas e pain\\u00e9is el\\u00e9tricos em ambientes onde o espa\\u00e7o \\u00e9 limitado. Apesar do tamanho reduzido, eles proporcionam forte fluxo de ar cont\\u00ednuo, ajudando a evitar o superaquecimento e aumentando a vida \\u00fatil de equipamentos sens\\u00edveis. Sua constru\\u00e7\\u00e3o robusta garante durabilidade mesmo sob uso intenso, enquanto o baixo consumo de energia contribui para a economia operacional. Al\\u00e9m disso, s\\u00e3o f\\u00e1ceis de instalar, silenciosos e podem ser integrados a diversos sistemas industriais, tornando-se uma solu\\u00e7\\u00e3o pr\\u00e1tica, confi\\u00e1vel e vers\\u00e1til para controle t\\u00e9rmico.\\n\",\"margin\":\"default\"}}]}]}]},{\"type\":\"section\",\"props\":{\"image_position\":\"center-center\",\"style\":\"default\",\"title_breakpoint\":\"xl\",\"title_position\":\"top-left\",\"title_rotation\":\"left\",\"vertical_align\":\"middle\",\"width\":\"default\"},\"children\":[{\"type\":\"row\",\"children\":[{\"type\":\"column\",\"props\":{\"image_position\":\"center-center\",\"position_sticky_breakpoint\":\"m\"},\"children\":[{\"type\":\"headline\",\"props\":{\"content\":\"Veja mais\",\"margin_remove_bottom\":false,\"text_align\":\"center\",\"title_element\":\"h1\",\"title_font_family\":\"secondary\",\"title_style\":\"heading-large\"}}]}]},{\"type\":\"row\",\"children\":[{\"type\":\"column\",\"props\":{\"image_position\":\"center-center\",\"position_sticky_breakpoint\":\"m\"},\"children\":[{\"type\":\"grid\",\"props\":{\"content_column_breakpoint\":\"m\",\"content_display\":\"lightbox\",\"filter_align\":\"left\",\"filter_all\":true,\"filter_grid_breakpoint\":\"m\",\"filter_grid_width\":\"auto\",\"filter_position\":\"top\",\"filter_style\":\"tab\",\"grid_default\":\"1\",\"grid_medium\":\"4\",\"grid_small\":\"2\",\"icon_width\":80,\"image_align\":\"top\",\"image_border\":\"rounded\",\"image_box_shadow\":\"medium\",\"image_grid_breakpoint\":\"m\",\"image_grid_width\":\"1-2\",\"image_svg_color\":\"emphasis\",\"item_animation\":true,\"lightbox\":true,\"lightbox_bg_close\":true,\"link_style\":\"primary\",\"link_text\":\"VEJA MAIS &nbsp;<span uk-icon=\\\"icon:  plus-circle\\\"><\\\/span>\",\"margin\":\"default\",\"meta_align\":\"below-title\",\"meta_element\":\"div\",\"meta_style\":\"text-meta\",\"panel_link\":true,\"show_content\":true,\"show_hover_image\":true,\"show_hover_video\":true,\"show_image\":true,\"show_link\":true,\"show_meta\":true,\"show_title\":true,\"show_video\":true,\"text_align\":\"center\",\"title_align\":\"top\",\"title_element\":\"h3\",\"title_grid_breakpoint\":\"m\",\"title_grid_width\":\"1-2\",\"title_hover_style\":\"reset\",\"title_style\":\"h5\"},\"children\":[{\"type\":\"grid_item\",\"props\":{\"content\":\"\n\n<div class=\\\"row-fluid\\\">\\n\n\n<div class=\\\"span12\\\">\\n\n\n<div class=\\\"abas-custom\\\">\\n\n\n<div class=\\\"tab-content\\\">\\n\n\n<div class=\\\"tab-pane active\\\" id=\\\"descricao\\\" itemprop=\\\"description\\\">\\n\n\n<p><span>MICRO VENTILADOR AC CV250A3<br \\\/>TENS\\u00c3O-127\\\/220V<br \\\/>POT\\u00caNCIA-140\\\/110W<br \\\/>VAZ\\u00c3O M\\u00c1XIMA-420I\\\/s<br \\\/>ISOLA\\u00c7\\u00c3O DE CLASSE-155\\u00b0<br \\\/>N\\u00cdVEL DE RU\\u00cdDO-81dBA<br \\\/>ROTA\\u00c7\\u00c3O-3380\\\/3345rpm<br \\\/>FREQU\\u00caNCIA-60Hz OU 50\\\/60Hz<br \\\/>TEMPERATURA ADMISS\\u00cdVEL DE TRABALHO-<br \\\/>m\\u00ednima-10\\u00b0C, m\\u00e1xima +60\\u00b0C<br \\\/>VARIA\\u00c7\\u00c3O DE TENS\\u00c3O ADMIS\\u00cdVEL<br \\\/>VIDA \\u00daTIL ESTIMADA-20.000HORAS<br \\\/>VARIA\\u00c7\\u00c3O DE TENS\\u00c3O ADMIS\\u00cdVEL-10% DO VALOR<br \\\/>NOMINAL POR CURTO ESPA\\u00c7O DE TEMPO<br \\\/>H\\u00c9LICE-INJENTADA EM PL\\u00c1STICO DE ENGENHARIA<br \\\/>CARCA\\u00c7A-FUNDIDA SOB PRESS\\u00c3O EM ALUMIN\\u00cdO<br \\\/>DIMENS\\u00d5ES-151X171X51<br \\\/>CABO-230mm<br \\\/>GARANTIA-3 ANOS<\\\/span><\\\/p>\\n<\\\/div>\\n<\\\/div>\\n<\\\/div>\\n<\\\/div>\\n<\\\/div>\",\"image\":\"wp-content\\\/uploads\\\/2025\\\/12\\\/5463-aqlq4k2tww.webp\",\"title\":\"MICRO VENTILADOR AC CV250A3\"}},{\"type\":\"grid_item\",\"props\":{\"content\":\"\n\n<p><span>MICRO VENTILADOR AC CV170A3<br \\\/>TENS\\u00c3O-127\\\/220V<br \\\/>POT\\u00caNCIA-77,5\\\/52,8W<br \\\/>VAZ\\u00c3O M\\u00c1XIMA-100I\\\/s<br \\\/>ISOLA\\u00c7\\u00c3O DE CLASSE-155\\u00b0<br \\\/>N\\u00cdVEL DE RU\\u00cdDO-78dBA<br \\\/>ROTA\\u00c7\\u00c3O-3240\\\/3040rpm<br \\\/>FREQU\\u00caNCIA-60Hz OU 50\\\/60Hz<br \\\/>TEMPERATURA ADMISS\\u00cdVEL DE TRABALHO-<br \\\/>M\\u00cdNIMA -10\\u00b0C M\\u00c1XIMA +60\\u00b0C<br \\\/>VIDA \\u00daTIL ESTIMADA-15.000HORAS<br \\\/>VARIA\\u00c7\\u00c3O DE TENS\\u00c3O ADMIS\\u00cdVEL-10% DO VALOR<br \\\/>NOMINAL POR CURTO ESPA\\u00c7O DE TEMPO<br \\\/>H\\u00c9LICE-INJENTADA EM PL\\u00c1STICO DE ENGENHARIA<br \\\/>CARCA\\u00c7A-FUNDIDA SOB PRESS\\u00c3O EM ALUMIN\\u00cdO<br \\\/>DIMENS\\u00d5ES-151X171X51<br \\\/>CABO-230mm<br \\\/>GARANTIA-3 ANOS<\\\/span><\\\/p>\",\"image\":\"wp-content\\\/uploads\\\/2025\\\/12\\\/micro-ventilador-ac-cv170a3-221296a2-eue9wozwnt.webp\",\"title\":\"MICRO VENTILADOR AC CV170A3\"}},{\"type\":\"grid_item\",\"props\":{\"content\":\"\n\n<p><span>MICRO VENTILADOR AC CV120A3R<br \\\/>TENS\\u00c3O-127\\\/220V<br \\\/>POT\\u00caNCIA-47W<br \\\/>VAZ\\u00c3O M\\u00c1XIMA-110I\\\/s<br \\\/>ISOLA\\u00c7\\u00c3O DE CLASSE-155\\u00b0<br \\\/>N\\u00cdVEL DE RU\\u00cdDO-70dBA<br \\\/>ROTA\\u00c7\\u00c3O-3440rpm<br \\\/>FREQU\\u00caNCIA-60Hz OU 50\\\/60Hz<br \\\/>TEMPERATURA ADMISS\\u00cdVEL DE TRABALHO-<br \\\/>M\\u00cdNIMA -10\\u00b0C M\\u00c1XIMA +60\\u00b0C<br \\\/>TEMPERATURA DE ARMAZENAGEM-<br \\\/>VIDA \\u00daTIL ESTIMADA-50.000HORAS<br \\\/>VARIA\\u00c7\\u00c3O DE TENS\\u00c3O ADMIS\\u00cdVEL-10% DO VALOR<br \\\/>NOMINAL POR CURTO ESPA\\u00c7O DE TEMPO<br \\\/>H\\u00c9LICE-INJENTADA EM PL\\u00c1STICO DE ENGENHARIA<br \\\/>REFOR\\u00c7ADA<br \\\/>CARCA\\u00c7A-INJETADA EM POLIAMIDA REFOR\\u00c7ADA<br \\\/>COM FIBRA DE VIDRO<br \\\/>DIMENS\\u00d5ES-162X162X55<br \\\/>CABO-230mm<br \\\/>GARANTIA-3 ANOS<\\\/span><\\\/p>\",\"image\":\"wp-content\\\/uploads\\\/2025\\\/12\\\/micro-ventilador-ac-cv160a3-358302ea-nlhxpo1se3.webp\",\"title\":\"MICRO VENTILADOR AC CV160A3\"}},{\"type\":\"grid_item\",\"props\":{\"content\":\"\n\n<p><span>MICRO VENTILADOR AC Q120A3R<br \\\/>TENS\\u00c3O-127\\\/220V<br \\\/>POT\\u00caNCIA-32\\\/34W<br \\\/>VAZ\\u00c3O M\\u00c1XIMA-48I\\\/s<br \\\/>ISOLA\\u00c7\\u00c3O DE CLASSE-155\\u00b0<br \\\/>N\\u00cdVEL DE RU\\u00cdDO-57dBA<br \\\/>ROTA\\u00c7\\u00c3O-3100rpm<br \\\/>FREQU\\u00caNCIA-60Hz OU 50\\\/60Hz<br \\\/>TEMPERATURA ADMISS\\u00cdVEL DE TRABALHO-<br \\\/>M\\u00cdNIMA -1\\u00b0C M\\u00c1XIMA+60\\u00b0C<br \\\/>VIDA \\u00daTIL ESTIMADA-50.000HORAS<br \\\/>VARIA\\u00c7\\u00c3O DE TENS\\u00c3O ADMIS\\u00cdVEL-10% DO VALOR<br \\\/>NOMINAL POR CURTO ESPA\\u00c7O DE TEMPO<br \\\/>H\\u00c9LICE-INJENTADA EM PL\\u00c1STICO DE ENGENHARIA<br \\\/>REFOR\\u00c7ADA<br \\\/>CARCA\\u00c7A-FUNDIDO SOB PRESS\\u00c3O EM ALUMIN\\u00cdO<br \\\/>MOTOR PROTEGIDO POR IMPED\\u00c2NCIA<br \\\/>DIMENS\\u00d5ES-121X121X38<br \\\/>CABO-230mm<br \\\/>GARANTIA-3 ANOS<\\\/span><\\\/p>\",\"image\":\"wp-content\\\/uploads\\\/2025\\\/12\\\/micro-ventilador-cv120a3r-f2ab2b6f-3imxo7n841.webp\",\"title\":\"MICRO VENTILADOR CV120A3R\"}},{\"type\":\"grid_item\",\"props\":{\"content\":\"\n\n<p><span>MICRO VENTILADOR AC CV120A3<br \\\/>TENS\\u00c3O-127\\\/220V<br \\\/>POT\\u00caNCIA-34\\\/26W<br \\\/>VAZ\\u00c3O M\\u00c1XIMA-47I\\\/s<br \\\/>ISOLA\\u00c7\\u00c3O DE CLASSE-155\\u00b0<br \\\/>N\\u00cdVEL DE RU\\u00cdDO-57dBA<br \\\/>ROTA\\u00c7\\u00c3O-2800\\\/2650rpm<br \\\/>FREQU\\u00caNCIA-60Hz OU 50\\\/60Hz<br \\\/>TEMPERATURA ADMISS\\u00cdVEL DE TRABALHO-<br \\\/>M\\u00cdNIMA -10\\u00b0C M\\u00c1XIMA +60\\u00b0C<br \\\/>VIDA \\u00daTIL ESTIMADA-20.000HORAS<br \\\/>VARIA\\u00c7\\u00c3O DE TENS\\u00c3O ADMIS\\u00cdVEL-10% DO VALOR<br \\\/>NOMINAL POR CURTO ESPA\\u00c7O DE TEMPO<br \\\/>H\\u00c9LICE-INJENTADA EM PL\\u00c1STICO DE ENGENHARIA<br \\\/>REFOR\\u00c7ADA<br \\\/>CARCA\\u00c7A-FUNDIDO SOB PRESS\\u00c3O EM ALUMIN\\u00cdO<br \\\/>MOTOR PROTEGIDO POR IMPED\\u00c2NCIA<br \\\/>DIMENS\\u00d5ES-121X121X38<br \\\/>CABO-230mm<br \\\/>GARANTIA-3 ANOS<\\\/span><\\\/p>\",\"image\":\"wp-content\\\/uploads\\\/2025\\\/12\\\/micro-ventilador-ac-cv120a3-9c2c71cd-9c9opegwvi.webp\",\"title\":\"MICRO VENTILADOR AC CV120A3\"}},{\"type\":\"grid_item\",\"props\":{\"content\":\"\n\n<p><span>MICRO VENTILADOR AC CV80A3D4\\u00a0(6P)<br \\\/>TENS\\u00c3O- 12v<br \\\/>POT\\u00caNCIA-12W<br \\\/>VAZ\\u00c3O M\\u00c1XIMA-16I\\\/s<br \\\/>ISOLA\\u00c7\\u00c3O DE CLASSE-155\\u00b0<br \\\/>N\\u00cdVEL DE RU\\u00cdDO-45dBA<br \\\/>ROTA\\u00c7\\u00c3O-2400 Rpm<br \\\/>FREQU\\u00caNCIA-60Hz OU 50\\\/60Hz<br \\\/>TEMPERATURA ADMISS\\u00cdVEL DE TRABALHO-<br \\\/>M\\u00cdNIMA -10\\u00b0C M\\u00c1XIMA +60\\u00b0C<br \\\/>VIDA \\u00daTIL ESTIMADA-20.000HORAS<br \\\/>VARIA\\u00c7\\u00c3O DE TENS\\u00c3O ADMIS\\u00cdVEL-10% DO VALOR<br \\\/>NOMINAL POR CURTO ESPA\\u00c7O DE TEMPO<br \\\/>H\\u00c9LICE-INJENTADA EM PL\\u00c1STICO DE ENGENHARIA<br \\\/>REFOR\\u00c7ADA<br \\\/>CARCA\\u00c7A-FUNDIDO SOB PRESS\\u00c3O EM ALUMIN\\u00cdO<br \\\/>MOTOR PROTEGIDO POR IMPED\\u00c2NCIA<br \\\/>DIMENS\\u00d5ES-<br \\\/>CABO-230mm<br \\\/>GARANTIA-3 ANOS<\\\/span><\\\/p>\",\"image\":\"wp-content\\\/uploads\\\/2025\\\/12\\\/micro-ventilador-ac-cv80a3-6p-9ab66b85-t0px3s8s0c.webp\",\"title\":\"MICRO VENTILADOR AC CV80A3 (6P)\"}},{\"type\":\"grid_item\",\"props\":{\"content\":\"\n\n<p><span>MICRO VENTILADOR AC CV80A3 (5P)<br \\\/>TENS\\u00c3O-127\\\/220V<br \\\/>POT\\u00caNCIA-12W<br \\\/>VAZ\\u00c3O M\\u00c1XIMA-16I\\\/s<br \\\/>ISOLA\\u00c7\\u00c3O DE CLASSE-155\\u00b0<br \\\/>N\\u00cdVEL DE RU\\u00cdDO-45dBA<br \\\/>ROTA\\u00c7\\u00c3O-3065\\\/3045rpm<br \\\/>FREQU\\u00caNCIA-60Hz OU 50\\\/60Hz<br \\\/>TEMPERATURA ADMISS\\u00cdVEL DE TRABALHO-<br \\\/>M\\u00cdNIMA -10\\u00b0C M\\u00c1XIMA +60\\u00b0C<br \\\/>VIDA \\u00daTIL ESTIMADA-20.000HORAS<br \\\/>VARIA\\u00c7\\u00c3O DE TENS\\u00c3O ADMIS\\u00cdVEL-10% DO VALOR<br \\\/>NOMINAL POR CURTO ESPA\\u00c7O DE TEMPO<br \\\/>H\\u00c9LICE-INJENTADA EM NYLON 6.6<br \\\/>REFOR\\u00c7ADA COM FIBRA DE VIDRO<br \\\/>CARCA\\u00c7A-FUNDIDO SOB PRESS\\u00c3O EM ALUMIN\\u00cdO<br \\\/>GARANTIA-3 ANOS<\\\/span><\\\/p>\",\"image\":\"wp-content\\\/uploads\\\/2025\\\/12\\\/micro-ventilador-ac-cv80a3-5p-6e797e78-clx45j6xin.webp\",\"title\":\"MICRO VENTILADOR AC CV80A3 (5P)\"}}],\"name\":\"GRID-PRODUTOS\"}]}]}]}],\"version\":\"4.5.23\"} --><\/p>\n","protected":false},"excerpt":{"rendered":"<p>Micro Ventilador Efici\u00eancia profissional micro-01 micro-02 micro-03 Os micro ventiladores industriais oferecem alta efici\u00eancia em um formato compacto, sendo ideais para resfriar componentes, m\u00e1quinas e pain\u00e9is el\u00e9tricos em ambientes onde o espa\u00e7o \u00e9 limitado. Apesar do tamanho reduzido, eles proporcionam forte fluxo de ar cont\u00ednuo, ajudando a evitar o superaquecimento e aumentando a vida \u00fatil [&hellip;]<\/p>\n","protected":false},"author":1,"featured_media":0,"parent":0,"menu_order":0,"comment_status":"closed","ping_status":"closed","template":"","meta":{"_joinchat":[],"footnotes":""},"class_list":["post-259","page","type-page","status-publish","hentry"],"_links":{"self":[{"href":"https:\/\/casadovento.com.br\/novo\/wp-json\/wp\/v2\/pages\/259","targetHints":{"allow":["GET"]}}],"collection":[{"href":"https:\/\/casadovento.com.br\/novo\/wp-json\/wp\/v2\/pages"}],"about":[{"href":"https:\/\/casadovento.com.br\/novo\/wp-json\/wp\/v2\/types\/page"}],"author":[{"embeddable":true,"href":"https:\/\/casadovento.com.br\/novo\/wp-json\/wp\/v2\/users\/1"}],"replies":[{"embeddable":true,"href":"https:\/\/casadovento.com.br\/novo\/wp-json\/wp\/v2\/comments?post=259"}],"version-history":[{"count":12,"href":"https:\/\/casadovento.com.br\/novo\/wp-json\/wp\/v2\/pages\/259\/revisions"}],"predecessor-version":[{"id":525,"href":"https:\/\/casadovento.com.br\/novo\/wp-json\/wp\/v2\/pages\/259\/revisions\/525"}],"wp:attachment":[{"href":"https:\/\/casadovento.com.br\/novo\/wp-json\/wp\/v2\/media?parent=259"}],"curies":[{"name":"wp","href":"https:\/\/api.w.org\/{rel}","templated":true}]}}