{"id":257,"date":"2025-11-13T22:24:23","date_gmt":"2025-11-14T01:24:23","guid":{"rendered":"https:\/\/casadovento.com.br\/novo\/?page_id=257"},"modified":"2025-11-14T16:04:44","modified_gmt":"2025-11-14T19:04:44","slug":"aquecedor","status":"publish","type":"page","link":"https:\/\/casadovento.com.br\/novo\/aquecedor\/","title":{"rendered":"Aquecedor"},"content":{"rendered":"<p><a href=\"https:\/\/casadovento.com.br\/\"><img decoding=\"async\" src=\"\/novo\/wp-content\/uploads\/2025\/07\/cdv-logo-inv-2.svg\" alt=\"\"><\/a><\/p>\n<h1>Aquecedor<\/h1>\n<h1>Para os dias frios<\/h1>\n<div>\n<p>    <img decoding=\"async\" src=\"\/novo\/wp-content\/uploads\/2025\/11\/aquece.jpg\" alt=\"\"><\/p>\n<h3>retratil-03<\/h3>\n<\/div>\n<div>\n<p>Os aquecedores port\u00e1teis oferecem praticidade e efici\u00eancia ao proporcionar aquecimento r\u00e1pido e direcionado, ideal para pequenos ambientes ou para complementar o sistema de calefa\u00e7\u00e3o da casa. Seu tamanho compacto permite f\u00e1cil transporte entre c\u00f4modos, garantindo conforto t\u00e9rmico exatamente onde \u00e9 necess\u00e1rio, sem desperd\u00edcio de energia. Al\u00e9m disso, muitos modelos contam com ajustes de temperatura, sistemas de seguran\u00e7a contra superaquecimento e baixo consumo, tornando-os uma solu\u00e7\u00e3o econ\u00f4mica, vers\u00e1til e conveniente para enfrentar os dias mais frios.<\/p>\n<\/div>\n<h1>Veja mais<\/h1>\n<p><img decoding=\"async\" src=\"\/novo\/wp-content\/uploads\/2025\/11\/cdv-6821-6822-01-s7m1top0li.webp\" alt=\"\"><\/p>\n<h1>AQUECEDOR DOM\u00c9STICO PREMIUM VSOL<\/h1>\n<p><p>\n        VEJA MAIS    <\/p>\n<div>\n<p><span>AQUECEDOR DOM\u00c9STICO PREMIUM VSOL<br \/>POT\u00caNCIA-127V-1500W\/ 220V-2000W<br \/>GARANTIA-12 MESES (DEFEITO T\u00c9CNICO)<\/span><\/p>\n<\/div>\n<p><!--more--><br \/>\n<!-- {\"type\":\"layout\",\"children\":[{\"type\":\"section\",\"props\":{\"image_position\":\"center-center\",\"padding\":\"small\",\"style\":\"primary\",\"title_breakpoint\":\"xl\",\"title_position\":\"top-left\",\"title_rotation\":\"left\",\"vertical_align\":\"middle\",\"width\":\"default\"},\"children\":[{\"type\":\"row\",\"props\":{\"layout\":\"1-2,1-2\"},\"children\":[{\"type\":\"column\",\"props\":{\"image_position\":\"center-center\",\"position_sticky_breakpoint\":\"m\",\"width_medium\":\"1-2\"},\"children\":[{\"type\":\"image\",\"props\":{\"image\":\"wp-content\\\/uploads\\\/2025\\\/07\\\/cdv-logo-inv-2.svg\",\"image_svg_color\":\"emphasis\",\"image_width\":240,\"link\":\"https:\\\/\\\/casadovento.com.br\\\/\",\"margin\":\"default\"}}]},{\"type\":\"column\",\"props\":{\"image_position\":\"center-center\",\"position_sticky_breakpoint\":\"m\",\"width_medium\":\"1-2\"},\"children\":[{\"type\":\"module\",\"props\":{\"menu_image_align\":\"center\",\"menu_image_margin\":true,\"menu_style\":\"default\",\"menu_type\":\"subnav\",\"text_align\":\"right\",\"type\":\"builderwidget\",\"widget\":\"builderwidget-2\"}}]}]}]},{\"type\":\"section\",\"props\":{\"image\":\"wp-content\\\/uploads\\\/2025\\\/11\\\/bg-aquecedor.jpg\",\"image_position\":\"center-center\",\"padding\":\"large\",\"style\":\"default\",\"title_breakpoint\":\"xl\",\"title_position\":\"top-left\",\"title_rotation\":\"left\",\"vertical_align\":\"middle\",\"width\":\"default\"},\"children\":[{\"type\":\"row\",\"children\":[{\"type\":\"column\",\"props\":{\"image_position\":\"center-center\",\"position_sticky_breakpoint\":\"m\"},\"children\":[{\"type\":\"headline\",\"props\":{\"content\":\"Aquecedor\",\"margin_remove_bottom\":true,\"text_align\":\"center\",\"title_element\":\"h1\",\"title_font_family\":\"secondary\",\"title_style\":\"heading-large\"}},{\"type\":\"headline\",\"props\":{\"content\":\"Para os dias frios\",\"margin_remove_top\":true,\"text_align\":\"center\",\"title_color\":\"secondary\",\"title_element\":\"h1\",\"title_font_family\":\"tertiary\",\"title_style\":\"heading-medium\"},\"name\":\"texto secundario\"}]}]},{\"type\":\"row\",\"props\":{\"layout\":\"1-2,1-2\",\"margin\":\"large\"},\"children\":[{\"type\":\"column\",\"props\":{\"image_position\":\"center-center\",\"position_sticky_breakpoint\":\"m\",\"width_medium\":\"1-2\"},\"children\":[{\"type\":\"slideshow\",\"props\":{\"blend\":false,\"content_expand\":false,\"link_style\":\"default\",\"link_text\":\"Read more\",\"margin\":\"default\",\"meta_align\":\"below-title\",\"meta_element\":\"div\",\"meta_style\":\"text-meta\",\"nav\":\"\",\"nav_align\":\"center\",\"nav_breakpoint\":\"s\",\"nav_position\":\"bottom-center\",\"nav_position_margin\":\"medium\",\"overlay_animation\":\"parallax\",\"overlay_position\":\"center-left\",\"show_content\":false,\"show_link\":false,\"show_meta\":false,\"show_thumbnail\":false,\"show_title\":false,\"slidenav\":\"default\",\"slidenav_breakpoint\":\"s\",\"slidenav_margin\":\"medium\",\"slidenav_outside_breakpoint\":\"xl\",\"slideshow_animation\":\"fade\",\"slideshow_autoplay\":true,\"slideshow_autoplay_interval\":\"3\",\"slideshow_autoplay_pause\":true,\"slideshow_box_shadow\":\"small\",\"slideshow_min_height\":300,\"slideshow_ratio\":\"960:640\",\"thumbnav_height\":\"75\",\"thumbnav_svg_color\":\"emphasis\",\"thumbnav_width\":\"100\",\"title_element\":\"h3\",\"title_hover_style\":\"reset\"},\"children\":[{\"type\":\"slideshow_item\",\"props\":{\"image\":\"wp-content\\\/uploads\\\/2025\\\/11\\\/aquece.jpg\",\"title\":\"retratil-03\"}}]}]},{\"type\":\"column\",\"props\":{\"image_position\":\"center-center\",\"position_sticky_breakpoint\":\"m\",\"style\":\"card-default\",\"vertical_align\":\"middle\",\"width_medium\":\"1-2\"},\"children\":[{\"type\":\"text\",\"props\":{\"block_align\":\"center\",\"column_breakpoint\":\"m\",\"content\":\"\n\n<p>Os aquecedores port\\u00e1teis oferecem praticidade e efici\\u00eancia ao proporcionar aquecimento r\\u00e1pido e direcionado, ideal para pequenos ambientes ou para complementar o sistema de calefa\\u00e7\\u00e3o da casa. Seu tamanho compacto permite f\\u00e1cil transporte entre c\\u00f4modos, garantindo conforto t\\u00e9rmico exatamente onde \\u00e9 necess\\u00e1rio, sem desperd\\u00edcio de energia. Al\\u00e9m disso, muitos modelos contam com ajustes de temperatura, sistemas de seguran\\u00e7a contra superaquecimento e baixo consumo, tornando-os uma solu\\u00e7\\u00e3o econ\\u00f4mica, vers\\u00e1til e conveniente para enfrentar os dias mais frios.<\\\/p>\",\"margin\":\"default\"}}]}]}]},{\"type\":\"section\",\"props\":{\"image_position\":\"center-center\",\"style\":\"default\",\"title_breakpoint\":\"xl\",\"title_position\":\"top-left\",\"title_rotation\":\"left\",\"vertical_align\":\"middle\",\"width\":\"default\"},\"children\":[{\"type\":\"row\",\"children\":[{\"type\":\"column\",\"props\":{\"image_position\":\"center-center\",\"position_sticky_breakpoint\":\"m\"},\"children\":[{\"type\":\"headline\",\"props\":{\"content\":\"Veja mais\",\"margin_remove_bottom\":false,\"text_align\":\"center\",\"title_element\":\"h1\",\"title_font_family\":\"secondary\",\"title_style\":\"heading-large\"}}]}]},{\"type\":\"row\",\"children\":[{\"type\":\"column\",\"props\":{\"image_position\":\"center-center\",\"position_sticky_breakpoint\":\"m\",\"width_medium\":\"1-4\",\"width_small\":\"1-2\"},\"children\":[{\"type\":\"image\",\"props\":{\"image\":\"wp-content\\\/uploads\\\/2025\\\/11\\\/cdv-6821-6822-01-s7m1top0li.webp\",\"image_border\":\"rounded\",\"image_box_shadow\":\"medium\",\"image_svg_color\":\"emphasis\",\"lightbox_height\":\"400\",\"lightbox_width\":\"400\",\"link_target\":\"modal\",\"margin\":\"default\",\"text_align\":\"center\"}},{\"type\":\"headline\",\"props\":{\"content\":\"AQUECEDOR DOM\\u00c9STICO PREMIUM VSOL\",\"text_align\":\"center\",\"title_element\":\"h1\",\"title_style\":\"h5\"}},{\"type\":\"button\",\"props\":{\"grid_column_gap\":\"small\",\"grid_row_gap\":\"small\",\"margin\":\"default\",\"text_align\":\"center\"},\"children\":[{\"type\":\"button_item\",\"props\":{\"button_style\":\"primary\",\"content\":\"VEJA MAIS\",\"dialog\":\"\n\n<p><span>AQUECEDOR DOM\\u00c9STICO PREMIUM VSOL<br \\\/>POT\\u00caNCIA-127V-1500W\\\/ 220V-2000W<br \\\/>GARANTIA-12 MESES (DEFEITO T\\u00c9CNICO)<\\\/span><\\\/p>\",\"dialog_close_large\":true,\"dialog_close_outside\":false,\"dialog_layout\":\"modal\",\"dialog_offcanvas_flip\":true,\"icon\":\"plus-circle\",\"icon_align\":\"right\"}}]}]},{\"type\":\"column\",\"props\":{\"image_position\":\"center-center\",\"position_sticky_breakpoint\":\"m\",\"width_medium\":\"1-4\",\"width_small\":\"1-2\"}},{\"type\":\"column\",\"props\":{\"image_position\":\"center-center\",\"position_sticky_breakpoint\":\"m\",\"width_medium\":\"1-4\",\"width_small\":\"1-2\"}},{\"type\":\"column\",\"props\":{\"image_position\":\"center-center\",\"position_sticky_breakpoint\":\"m\",\"width_medium\":\"1-4\",\"width_small\":\"1-2\"}}],\"props\":{\"layout\":\"1-4,1-4,1-4,1-4|1-2,1-2,1-2,1-2\"}}]}],\"version\":\"4.5.23\"} --><\/p>\n","protected":false},"excerpt":{"rendered":"<p>Aquecedor Para os dias frios retratil-03 Os aquecedores port\u00e1teis oferecem praticidade e efici\u00eancia ao proporcionar aquecimento r\u00e1pido e direcionado, ideal para pequenos ambientes ou para complementar o sistema de calefa\u00e7\u00e3o da casa. Seu tamanho compacto permite f\u00e1cil transporte entre c\u00f4modos, garantindo conforto t\u00e9rmico exatamente onde \u00e9 necess\u00e1rio, sem desperd\u00edcio de energia. Al\u00e9m disso, muitos modelos [&hellip;]<\/p>\n","protected":false},"author":1,"featured_media":0,"parent":0,"menu_order":0,"comment_status":"closed","ping_status":"closed","template":"","meta":{"_joinchat":[],"footnotes":""},"class_list":["post-257","page","type-page","status-publish","hentry"],"_links":{"self":[{"href":"https:\/\/casadovento.com.br\/novo\/wp-json\/wp\/v2\/pages\/257","targetHints":{"allow":["GET"]}}],"collection":[{"href":"https:\/\/casadovento.com.br\/novo\/wp-json\/wp\/v2\/pages"}],"about":[{"href":"https:\/\/casadovento.com.br\/novo\/wp-json\/wp\/v2\/types\/page"}],"author":[{"embeddable":true,"href":"https:\/\/casadovento.com.br\/novo\/wp-json\/wp\/v2\/users\/1"}],"replies":[{"embeddable":true,"href":"https:\/\/casadovento.com.br\/novo\/wp-json\/wp\/v2\/comments?post=257"}],"version-history":[{"count":7,"href":"https:\/\/casadovento.com.br\/novo\/wp-json\/wp\/v2\/pages\/257\/revisions"}],"predecessor-version":[{"id":366,"href":"https:\/\/casadovento.com.br\/novo\/wp-json\/wp\/v2\/pages\/257\/revisions\/366"}],"wp:attachment":[{"href":"https:\/\/casadovento.com.br\/novo\/wp-json\/wp\/v2\/media?parent=257"}],"curies":[{"name":"wp","href":"https:\/\/api.w.org\/{rel}","templated":true}]}}