{"id":255,"date":"2025-11-13T22:24:09","date_gmt":"2025-11-14T01:24:09","guid":{"rendered":"https:\/\/casadovento.com.br\/novo\/?page_id=255"},"modified":"2026-04-24T16:05:34","modified_gmt":"2026-04-24T19:05:34","slug":"climatizador","status":"publish","type":"page","link":"https:\/\/casadovento.com.br\/novo\/climatizador\/","title":{"rendered":"Climatizador"},"content":{"rendered":"<p><a href=\"https:\/\/casadovento.com.br\/\"><img decoding=\"async\" src=\"\/novo\/wp-content\/uploads\/2025\/07\/cdv-logo-inv-2.svg\" alt=\"\"><\/a><\/p>\n<h1>Climatizador<\/h1>\n<h1>Conforto em todo lugar<\/h1>\n<ul>\n<li>\n<p>        <img decoding=\"async\" src=\"\/novo\/wp-content\/uploads\/2025\/11\/clima-01.jpg\" alt=\"\"><\/p>\n<h3>clima-01<\/h3>\n<\/li>\n<li>\n<p>        <img decoding=\"async\" src=\"\/novo\/wp-content\/uploads\/2025\/11\/clima-02.jpg\" alt=\"\"><\/p>\n<h3>clima-02<\/h3>\n<\/li>\n<li>\n<p>        <img decoding=\"async\" src=\"\/novo\/wp-content\/uploads\/2025\/11\/clima-03.jpg\" alt=\"\"><\/p>\n<h3>clima-03<\/h3>\n<\/li>\n<\/ul>\n<div>\n<p>Os climatizadores oferecem uma solu\u00e7\u00e3o pr\u00e1tica e econ\u00f4mica para refrescar ambientes, combinando ventila\u00e7\u00e3o e umidifica\u00e7\u00e3o para melhorar o conforto t\u00e9rmico sem consumir tanta energia quanto um ar-condicionado. Eles s\u00e3o ideais para regi\u00f5es mais secas, pois ajudam a aumentar a umidade do ar, reduzindo irrita\u00e7\u00f5es respirat\u00f3rias e proporcionando uma sensa\u00e7\u00e3o de frescor natural. Al\u00e9m disso, s\u00e3o aparelhos port\u00e1teis, f\u00e1ceis de usar e de manter, normalmente exigindo apenas \u00e1gua limpa e filtros simples, o que os torna uma alternativa acess\u00edvel para quem busca conforto sem grandes investimentos.<\/p>\n<\/div>\n<h1>Veja mais<\/h1>\n<ul>\n<li>\n<p>        <img decoding=\"async\" src=\"\/novo\/wp-content\/uploads\/2026\/04\/6590.jpg\" alt=\"\"><\/p>\n<h3>CLIMATIZADOR PORT\u00c1TIL CV 150<\/h3>\n<div>POT\u00caNCIA (W) &#8211; 850<br \/>\nFREQU\u00caNCIA &#8211; 60Hz<br \/>\nTENS\u00c3O &#8211; 220<br \/>\nVAZ\u00c3O \/ VENTILA\u00c7\u00c3O (m\u00b3\/h) &#8211; 20.000<br \/>\nAREA DE VENTILA\u00c7\u00c3O: 150 M\u00b2<br \/>\nCONSUMO DE AGUA POR HORA ( L\/hr ) &#8211; 6 A 15 L\/h <br \/>\nCAPACIDADE DO RESERVAT\u00d3RIO (L) &#8211; 150 L<br \/>\nGARANTIA &#8211; 1 ANO\n<\/div>\n<\/li>\n<li>\n<p>        <img decoding=\"async\" src=\"\/novo\/wp-content\/uploads\/2026\/04\/6696.jpg\" alt=\"\"><\/p>\n<h3>CLIMATIZADOR PORT\u00c1TIL CV 16<\/h3>\n<div>POT\u00caNCIA (W) &#8211; 130<br \/>\nFREQU\u00caNCIA &#8211; 60Hz<br \/>\nTENS\u00c3O &#8211; 127V <br \/>\nVAZ\u00c3O \/ VENTILA\u00c7\u00c3O (m\u00b3\/h) &#8211; 4.000<br \/>\nAREA DE VENTILA\u00c7\u00c3O: 20 M\u00b2<br \/>\nCONSUMO DE AGUA POR HORA ( L\/hr ) &#8211; 2 A 5 L\/h <br \/>\nCAPACIDADE DO RESERVAT\u00d3RIO (L) &#8211; 16 L<br \/>\nGARANTIA &#8211; 1 ANO \n<\/div>\n<\/li>\n<li>\n<p>        <img decoding=\"async\" src=\"\/novo\/wp-content\/uploads\/2026\/04\/7030.jpg\" alt=\"\"><\/p>\n<h3>CLIMATIZADOR PORT\u00c1TIL CV 09<\/h3>\n<div>\n<p>POT\u00caNCIA (W) &#8211; 65<br \/>FREQU\u00caNCIA &#8211; 60Hz<br \/>TENS\u00c3O &#8211; 127V <br \/>VAZ\u00c3O \/ VENTILA\u00c7\u00c3O (m\u00b3\/h) &#8211; 1.500<br \/>CONSUMO DE AGUA POR HORA ( L\/hr ) &#8211; 1 A 3 L\/h <br \/>CAPACIDADE DO RESERVAT\u00d3RIO (L) &#8211; 09 L<br \/>GARANTIA &#8211; 1 ANO <\/p>\n<\/div>\n<\/li>\n<li>\n<p>        <img decoding=\"async\" src=\"\/novo\/wp-content\/uploads\/2025\/12\/cdv-6859-1-3l1zbf4s2q.webp\" alt=\"\"><\/p>\n<h3>CLIMATIZADOR PORT\u00c1TIL CV70<\/h3>\n<div>\n<div class=\"span12\">\n<div class=\"abas-custom\">\n<div class=\"tab-content\">\n<div class=\"tab-pane active\" id=\"descricao\" itemprop=\"description\">\n<p><span>CLIMATIZADOR PORT\u00c1TIL CV70\u00a0<br \/>POT\u00caNCIA (W) &#8211; 240w\u00a0<br \/>FREQU\u00caNCIA &#8211; 60Hz<br \/>TENS\u00c3O &#8211; 220V<br \/>VAZ\u00c3O \/ VENTILA\u00c7\u00c3O (m\u00b3\/min) &#8211; 4.500<br \/>MATERIAL DO GABINETE &#8211; ABS<br \/>CONSUMO DE \u00c1GUA (L\/h) &#8211; 5 A 8 LITROS\/ HORA<br \/>CAPACIDADE DO RESERVAT\u00d3RIO (L) &#8211; 70 LITROS<br \/>CORES DISPONIVEL &#8211; CINZA<br \/>GARANTIA &#8211; 1 ANO <\/span><\/p>\n<\/div>\n<\/div>\n<\/div>\n<\/div>\n<\/div>\n<\/li>\n<li>\n<p>        <img decoding=\"async\" src=\"\/novo\/wp-content\/uploads\/2025\/12\/cdv-6920-5900-01-zlh82pj97a.webp\" alt=\"\"><\/p>\n<h3>CLIMATIZADOR PORT\u00c1TIL CV125<\/h3>\n<div>\n<p><span>CLIMATIZADOR PORT\u00c1TIL CV125<br \/>POT\u00caNCIA (W) &#8211; 400<br \/>FREQU\u00caNCIA &#8211; 60Hz<br \/>TENS\u00c3O &#8211; 127V OU 220V<br \/>VAZ\u00c3O \/ VENTILA\u00c7\u00c3O (m\u00b3\/h) &#8211; 10.000<br \/>CONSUMO DE AGUA POR HORA ( L\/hr ) &#8211; 3 A 5 L\/h<br \/>CAPACIDADE DO RESERVAT\u00d3RIO (L) &#8211; 125 L<br \/>GARANTIA &#8211; 1 ANO <\/span><\/p>\n<\/div>\n<\/li>\n<li>\n<p>        <img decoding=\"async\" src=\"\/novo\/wp-content\/uploads\/2025\/12\/cdv-6858-1-ll61z1kr6c.webp\" alt=\"\"><\/p>\n<h3>CLIMATIZADOR PORT\u00c1TIL CV09<\/h3>\n<div>\n<div class=\"row-fluid\">\n<div class=\"span12\">\n<div class=\"abas-custom\">\n<div class=\"tab-content\">\n<div class=\"tab-pane active\" id=\"descricao\" itemprop=\"description\">\n<p><span>CLIMATIZADOR PORT\u00c1TIL CV 09<br \/>POT\u00caNCIA (CV) &#8211; 0,5<br \/>CORRENTE M\u00c1XIMA (A) &#8211; 3,5<br \/>POT\u00caNCIA DO INVERSOR (CV) &#8211; 1<br \/>FREQU\u00caNCIA &#8211; 60Hz<br \/>TENS\u00c3O &#8211; 220V<br \/>VAZ\u00c3O \/ VENTILA\u00c7\u00c3O (m\u00b3\/h) &#8211; 14.260<br \/>MATERIAL DO GABINETE &#8211; ABS<br \/>DI\u00c2METRO DA H\u00c9LICE (mm) &#8211; 620<br \/>QUANTIDADE DE P\u00c1S &#8211; 03<br \/>CONSUMO DE \u00c1GUA (L\/h) &#8211; 5<br \/>CAPACIDADE DO RESERVAT\u00d3RIO (L) &#8211; 50<br \/>CORES DISPONIVEL &#8211; BRANCO E PRETO<br \/>GARANTIA &#8211; 1 ANO <\/span><\/p>\n<\/div>\n<\/div>\n<\/div>\n<\/div>\n<\/div>\n<\/div>\n<\/li>\n<li>\n<p>        <img decoding=\"async\" src=\"\/novo\/wp-content\/uploads\/2025\/12\/cdv-6854-1-eiyac2g0c1.webp\" alt=\"\"><\/p>\n<h3>CLIMATIZADOR DE PAREDE CV90 SUPER<\/h3>\n<div>\n<div class=\"span12\">\n<div class=\"abas-custom\">\n<div class=\"tab-content\">\n<div class=\"tab-pane active\" id=\"descricao\" itemprop=\"description\">\n<p><span>CLIMATIZADOR DE PAREDE CV90 SUPER<br \/>POT\u00caNCIA (CV) &#8211; 3<br \/>CORRENTE M\u00c1XIMA (A) &#8211; 18<br \/>POT\u00caNCIA DO INVERSOR (CV) &#8211; 3<br \/>FREQU\u00caNCIA &#8211; 60Hz<br \/>TENS\u00c3O &#8211; 220V<br \/>VAZ\u00c3O \/ VENTILA\u00c7\u00c3O (m\u00b3\/h) &#8211; 85.000<br \/>MATERIAL DO GABINETE &#8211; ABS<br \/>DI\u00c2METRO DA H\u00c9LICE (mm) &#8211; 1.485<br \/>QUANTIDADE DE P\u00c1S &#8211; 06<br \/>CONSUMO DE \u00c1GUA (L\/h) &#8211; 71<br \/>CAPACIDADE DO RESERVAT\u00d3RIO (L) &#8211; 55<br \/>ABERTURA DE PAREDE (mm) 1620 X 1620<br \/>GARANTIA &#8211; 1 ANO <\/span><\/p>\n<\/div>\n<\/div>\n<\/div>\n<\/div>\n<\/div>\n<\/li>\n<li>\n<p>        <img decoding=\"async\" src=\"\/novo\/wp-content\/uploads\/2025\/12\/cdv-6853-1-z7hksimgus.webp\" alt=\"\"><\/p>\n<h3>CLIMATIZADOR DE PAREDE CV50 SUPER<\/h3>\n<div>\n<p><span>CLIMATIZADOR DE PAREDE CV50 SUPER<br \/>POT\u00caNCIA (CV) &#8211; 2<br \/>CORRENTE M\u00c1XIMA (A) &#8211; 1,2<br \/>POT\u00caNCIA DO INVERSOR (CV) &#8211; 2<br \/>FREQU\u00caNCIA &#8211; 60Hz<br \/>TENS\u00c3O &#8211; 220V<br \/>VAZ\u00c3O \/ VENTILA\u00c7\u00c3O (m\u00b3\/h) &#8211; 62.100<br \/>MATERIAL DO GABINETE &#8211; ABS<br \/>DI\u00c2METRO DA H\u00c9LICE (mm) &#8211; 1.200<br \/>QUANTIDADE DE P\u00c1S &#8211; 12<br \/>CONSULMO DE \u00c1GUA (L\/h) &#8211; 57<br \/>CAPACIDADE DO RESERVAT\u00d3RIO (L) &#8211; 40<br \/>ABERTURA DE PAREDE (mm) 1320 X 1320<br \/>GARANTIA &#8211; 1 ANO <\/span><\/p>\n<\/div>\n<\/li>\n<li>\n<p>        <img decoding=\"async\" src=\"\/novo\/wp-content\/uploads\/2025\/12\/cdv-6852-1-6e6agoy2xm.webp\" alt=\"\"><\/p>\n<h3>CLIMATIZADOR DE PAREDE CV36 SUPER<\/h3>\n<div>\n<p><span>CLIMATIZADOR DE PAREDE CV36 SUPER<br \/>POT\u00caNCIA (CV) &#8211; 2<br \/>CORRENTE M\u00c1XIMA (A) &#8211; 10<br \/>POT\u00caNCIA DO INVERSO<br \/>R (CV) &#8211; 2<br \/>FREQU\u00caNCIA &#8211; 60Hz TENS\u00c3O &#8211; 220V<br \/>VAZ\u00c3O \/ VENTILA\u00c7\u00c3O (m\u00b3\/h) &#8211; 40.850<br \/>MATERIAL DO GABINETE &#8211; ABS<br \/>DI\u00c2METRO DA H\u00c9LICE (mm) &#8211; 1050<br \/>QUANTIDADE DE P\u00c1S &#8211; 12<br \/>CONSUMO DE \u00c1GUA (L\/h) &#8211; 35<br \/>CAPACIDADE DO RESERVAT\u00d3RIO (L) &#8211; 40<br \/>ABERTURA DE PAREDE (mm) 1170 X 1170<br \/>GARANTIA &#8211; 1 ANO <\/span><\/p>\n<\/div>\n<\/li>\n<li>\n<p>        <img decoding=\"async\" src=\"\/novo\/wp-content\/uploads\/2025\/12\/cdv-6851-1-2nxqzfycsm.webp\" alt=\"\"><\/p>\n<h3>CLIMATIZADOR DE PAREDE CV07 SUPER<\/h3>\n<div>\n<p><span>CLIMATIZADOR DE PAREDE CV07 SUPER<br \/>POT\u00caNCIA (CV) &#8211; 0,5<br \/>CORRENTE M\u00c1XIMA (A) &#8211; 3,5<br \/>POT\u00caNCIA DO INVERSOR (CV) &#8211; 1<br \/>FREQU\u00caNCIA &#8211; 60Hz<br \/>TENS\u00c3O &#8211; 220V<br \/>VAZ\u00c3O \/ VENTILA\u00c7\u00c3O (m\u00b3\/h) &#8211; 14.260<br \/>MATERIAL DO GABINETE &#8211; ABS<br \/>DI\u00c2METRO DA H\u00c9LICE (mm) &#8211; 620<br \/>QUANTIDADE DE P\u00c1S &#8211; 03<br \/>CONSUMO DE \u00c1GUA (L\/h) &#8211; 14<br \/>CAPACIDADE DO RESERVAT\u00d3RIO (L) &#8211; 10<br \/>ABERTURA DE PAREDE (mm) 720 X 720<br \/>GARANTIA &#8211; 1 ANO <\/span><\/p>\n<\/div>\n<\/li>\n<\/ul>\n<p><!--more--><br \/>\n<!-- {\"type\":\"layout\",\"children\":[{\"type\":\"section\",\"props\":{\"image_position\":\"center-center\",\"padding\":\"small\",\"style\":\"primary\",\"title_breakpoint\":\"xl\",\"title_position\":\"top-left\",\"title_rotation\":\"left\",\"vertical_align\":\"middle\",\"width\":\"default\"},\"children\":[{\"type\":\"row\",\"props\":{\"layout\":\"1-2,1-2\"},\"children\":[{\"type\":\"column\",\"props\":{\"image_position\":\"center-center\",\"position_sticky_breakpoint\":\"m\",\"width_medium\":\"1-2\"},\"children\":[{\"type\":\"image\",\"props\":{\"image\":\"wp-content\\\/uploads\\\/2025\\\/07\\\/cdv-logo-inv-2.svg\",\"image_svg_color\":\"emphasis\",\"image_width\":240,\"link\":\"https:\\\/\\\/casadovento.com.br\\\/\",\"margin\":\"default\"}}]},{\"type\":\"column\",\"props\":{\"image_position\":\"center-center\",\"position_sticky_breakpoint\":\"m\",\"width_medium\":\"1-2\"},\"children\":[{\"type\":\"module\",\"props\":{\"menu_image_align\":\"center\",\"menu_image_margin\":true,\"menu_style\":\"default\",\"menu_type\":\"subnav\",\"text_align\":\"right\",\"type\":\"builderwidget\",\"widget\":\"builderwidget-2\"}}]}]}]},{\"type\":\"section\",\"props\":{\"image\":\"wp-content\\\/uploads\\\/2025\\\/11\\\/bg-climatizador.jpg\",\"image_position\":\"center-center\",\"padding\":\"large\",\"style\":\"default\",\"title_breakpoint\":\"xl\",\"title_position\":\"top-left\",\"title_rotation\":\"left\",\"vertical_align\":\"middle\",\"width\":\"default\"},\"children\":[{\"type\":\"row\",\"children\":[{\"type\":\"column\",\"props\":{\"image_position\":\"center-center\",\"position_sticky_breakpoint\":\"m\"},\"children\":[{\"type\":\"headline\",\"props\":{\"content\":\"Climatizador\",\"margin_remove_bottom\":true,\"text_align\":\"center\",\"title_element\":\"h1\",\"title_font_family\":\"secondary\",\"title_style\":\"heading-large\"}},{\"type\":\"headline\",\"props\":{\"content\":\"Conforto em todo lugar\",\"margin_remove_top\":true,\"text_align\":\"center\",\"title_color\":\"secondary\",\"title_element\":\"h1\",\"title_font_family\":\"tertiary\",\"title_style\":\"heading-medium\"},\"name\":\"texto secundario\"}]}]},{\"type\":\"row\",\"props\":{\"layout\":\"1-2,1-2\",\"margin\":\"large\"},\"children\":[{\"type\":\"column\",\"props\":{\"image_position\":\"center-center\",\"position_sticky_breakpoint\":\"m\",\"width_medium\":\"1-2\"},\"children\":[{\"type\":\"slideshow\",\"props\":{\"blend\":false,\"content_expand\":false,\"link_style\":\"default\",\"link_text\":\"Read more\",\"margin\":\"default\",\"meta_align\":\"below-title\",\"meta_element\":\"div\",\"meta_style\":\"text-meta\",\"nav\":\"\",\"nav_align\":\"center\",\"nav_breakpoint\":\"s\",\"nav_position\":\"bottom-center\",\"nav_position_margin\":\"medium\",\"overlay_animation\":\"parallax\",\"overlay_position\":\"center-left\",\"show_content\":false,\"show_link\":false,\"show_meta\":false,\"show_thumbnail\":false,\"show_title\":false,\"slidenav\":\"default\",\"slidenav_breakpoint\":\"s\",\"slidenav_margin\":\"medium\",\"slidenav_outside_breakpoint\":\"xl\",\"slideshow_animation\":\"fade\",\"slideshow_autoplay\":true,\"slideshow_autoplay_interval\":\"3\",\"slideshow_autoplay_pause\":true,\"slideshow_box_shadow\":\"small\",\"slideshow_min_height\":300,\"slideshow_ratio\":\"960:640\",\"thumbnav_height\":\"75\",\"thumbnav_svg_color\":\"emphasis\",\"thumbnav_width\":\"100\",\"title_element\":\"h3\",\"title_hover_style\":\"reset\"},\"children\":[{\"type\":\"slideshow_item\",\"props\":{\"image\":\"wp-content\\\/uploads\\\/2025\\\/11\\\/clima-01.jpg\",\"title\":\"clima-01\"}},{\"type\":\"slideshow_item\",\"props\":{\"image\":\"wp-content\\\/uploads\\\/2025\\\/11\\\/clima-02.jpg\",\"title\":\"clima-02\"}},{\"type\":\"slideshow_item\",\"props\":{\"image\":\"wp-content\\\/uploads\\\/2025\\\/11\\\/clima-03.jpg\",\"title\":\"clima-03\"}}]}]},{\"type\":\"column\",\"props\":{\"image_position\":\"center-center\",\"position_sticky_breakpoint\":\"m\",\"style\":\"card-default\",\"vertical_align\":\"middle\",\"width_medium\":\"1-2\"},\"children\":[{\"type\":\"text\",\"props\":{\"block_align\":\"center\",\"column_breakpoint\":\"m\",\"content\":\"\n\n<p>Os climatizadores oferecem uma solu\\u00e7\\u00e3o pr\\u00e1tica e econ\\u00f4mica para refrescar ambientes, combinando ventila\\u00e7\\u00e3o e umidifica\\u00e7\\u00e3o para melhorar o conforto t\\u00e9rmico sem consumir tanta energia quanto um ar-condicionado. Eles s\\u00e3o ideais para regi\\u00f5es mais secas, pois ajudam a aumentar a umidade do ar, reduzindo irrita\\u00e7\\u00f5es respirat\\u00f3rias e proporcionando uma sensa\\u00e7\\u00e3o de frescor natural. Al\\u00e9m disso, s\\u00e3o aparelhos port\\u00e1teis, f\\u00e1ceis de usar e de manter, normalmente exigindo apenas \\u00e1gua limpa e filtros simples, o que os torna uma alternativa acess\\u00edvel para quem busca conforto sem grandes investimentos.<\\\/p>\",\"margin\":\"default\"}}]}]}]},{\"type\":\"section\",\"props\":{\"image_position\":\"center-center\",\"style\":\"default\",\"title_breakpoint\":\"xl\",\"title_position\":\"top-left\",\"title_rotation\":\"left\",\"vertical_align\":\"middle\",\"width\":\"default\"},\"children\":[{\"type\":\"row\",\"children\":[{\"type\":\"column\",\"props\":{\"image_position\":\"center-center\",\"position_sticky_breakpoint\":\"m\"},\"children\":[{\"type\":\"headline\",\"props\":{\"content\":\"Veja mais\",\"margin_remove_bottom\":false,\"text_align\":\"center\",\"title_element\":\"h1\",\"title_font_family\":\"secondary\",\"title_style\":\"heading-large\"}}]}]},{\"type\":\"row\",\"children\":[{\"type\":\"column\",\"props\":{\"image_position\":\"center-center\",\"position_sticky_breakpoint\":\"m\"},\"children\":[{\"type\":\"grid\",\"props\":{\"content_column_breakpoint\":\"m\",\"content_display\":\"lightbox\",\"filter_align\":\"left\",\"filter_all\":true,\"filter_grid_breakpoint\":\"m\",\"filter_grid_width\":\"auto\",\"filter_position\":\"top\",\"filter_style\":\"tab\",\"grid_column_align\":true,\"grid_default\":\"1\",\"grid_medium\":\"4\",\"grid_small\":\"2\",\"icon_width\":80,\"image_align\":\"top\",\"image_border\":\"rounded\",\"image_box_shadow\":\"medium\",\"image_grid_breakpoint\":\"m\",\"image_grid_width\":\"1-2\",\"image_svg_color\":\"emphasis\",\"item_animation\":true,\"lightbox\":true,\"lightbox_bg_close\":true,\"link_style\":\"primary\",\"link_text\":\"VEJA MAIS &nbsp;<span uk-icon=\\\"icon:  plus-circle\\\"><\\\/span>\",\"margin\":\"default\",\"meta_align\":\"below-title\",\"meta_element\":\"div\",\"meta_style\":\"text-meta\",\"panel_link\":true,\"show_content\":true,\"show_hover_image\":true,\"show_hover_video\":true,\"show_image\":true,\"show_link\":true,\"show_meta\":true,\"show_title\":true,\"show_video\":true,\"text_align\":\"center\",\"title_align\":\"top\",\"title_element\":\"h3\",\"title_grid_breakpoint\":\"m\",\"title_grid_width\":\"1-2\",\"title_hover_style\":\"reset\",\"title_style\":\"h5\"},\"children\":[{\"type\":\"grid_item\",\"props\":{\"content\":\"POT\\u00caNCIA (W) - 850<br \\\/>\\nFREQU\\u00caNCIA - 60Hz<br \\\/>\\nTENS\\u00c3O - 220<br \\\/>\\nVAZ\\u00c3O \\\/ VENTILA\\u00c7\\u00c3O (m\\u00b3\\\/h) - 20.000<br \\\/>\\nAREA DE VENTILA\\u00c7\\u00c3O: 150 M\\u00b2<br \\\/>\\nCONSUMO DE AGUA POR HORA ( L\\\/hr ) - 6 A 15 L\\\/h <br \\\/>\\nCAPACIDADE DO RESERVAT\\u00d3RIO (L) - 150 L<br \\\/>\\nGARANTIA - 1 ANO \\n\",\"image\":\"wp-content\\\/uploads\\\/2026\\\/04\\\/6590.jpg\",\"title\":\"CLIMATIZADOR PORT\\u00c1TIL CV 150\"}},{\"type\":\"grid_item\",\"props\":{\"content\":\"POT\\u00caNCIA (W) - 130<br \\\/>\\nFREQU\\u00caNCIA - 60Hz<br \\\/>\\nTENS\\u00c3O - 127V <br \\\/>\\nVAZ\\u00c3O \\\/ VENTILA\\u00c7\\u00c3O (m\\u00b3\\\/h) - 4.000<br \\\/>\\nAREA DE VENTILA\\u00c7\\u00c3O: 20 M\\u00b2<br \\\/>\\nCONSUMO DE AGUA POR HORA ( L\\\/hr ) - 2 A 5 L\\\/h <br \\\/>\\nCAPACIDADE DO RESERVAT\\u00d3RIO (L) - 16 L<br \\\/>\\nGARANTIA - 1 ANO <br \\\/>\\n\",\"image\":\"wp-content\\\/uploads\\\/2026\\\/04\\\/6696.jpg\",\"title\":\"CLIMATIZADOR PORT\\u00c1TIL CV 16\"}},{\"type\":\"grid_item\",\"props\":{\"content\":\"\n\n<p>POT\\u00caNCIA (W) - 65<br \\\/>FREQU\\u00caNCIA - 60Hz<br \\\/>TENS\\u00c3O - 127V <br \\\/>VAZ\\u00c3O \\\/ VENTILA\\u00c7\\u00c3O (m\\u00b3\\\/h) - 1.500<br \\\/>CONSUMO DE AGUA POR HORA ( L\\\/hr ) - 1 A 3 L\\\/h <br \\\/>CAPACIDADE DO RESERVAT\\u00d3RIO (L) - 09 L<br \\\/>GARANTIA - 1 ANO <\\\/p>\",\"image\":\"wp-content\\\/uploads\\\/2026\\\/04\\\/7030.jpg\",\"title\":\"CLIMATIZADOR PORT\\u00c1TIL CV 09\"}},{\"type\":\"grid_item\",\"props\":{\"content\":\"\n\n<div class=\\\"span12\\\">\\n\n\n<div class=\\\"abas-custom\\\">\\n\n\n<div class=\\\"tab-content\\\">\\n\n\n<div class=\\\"tab-pane active\\\" id=\\\"descricao\\\" itemprop=\\\"description\\\">\\n\n\n<p><span>CLIMATIZADOR PORT\\u00c1TIL CV70\\u00a0<br \\\/>POT\\u00caNCIA (W) - 240w\\u00a0<br \\\/>FREQU\\u00caNCIA - 60Hz<br \\\/>TENS\\u00c3O - 220V<br \\\/>VAZ\\u00c3O \\\/ VENTILA\\u00c7\\u00c3O (m\\u00b3\\\/min) - 4.500<br \\\/>MATERIAL DO GABINETE - ABS<br \\\/>CONSUMO DE \\u00c1GUA (L\\\/h) - 5 A 8 LITROS\\\/ HORA<br \\\/>CAPACIDADE DO RESERVAT\\u00d3RIO (L) - 70 LITROS<br \\\/>CORES DISPONIVEL - CINZA<br \\\/>GARANTIA - 1 ANO <\\\/span><\\\/p>\\n<\\\/div>\\n<\\\/div>\\n<\\\/div>\\n<\\\/div>\",\"image\":\"wp-content\\\/uploads\\\/2025\\\/12\\\/cdv-6859-1-3l1zbf4s2q.webp\",\"title\":\"CLIMATIZADOR PORT\\u00c1TIL CV70\"}},{\"type\":\"grid_item\",\"props\":{\"content\":\"\n\n<p><span>CLIMATIZADOR PORT\\u00c1TIL CV125<br \\\/>POT\\u00caNCIA (W) - 400<br \\\/>FREQU\\u00caNCIA - 60Hz<br \\\/>TENS\\u00c3O - 127V OU 220V<br \\\/>VAZ\\u00c3O \\\/ VENTILA\\u00c7\\u00c3O (m\\u00b3\\\/h) - 10.000<br \\\/>CONSUMO DE AGUA POR HORA ( L\\\/hr ) - 3 A 5 L\\\/h<br \\\/>CAPACIDADE DO RESERVAT\\u00d3RIO (L) - 125 L<br \\\/>GARANTIA - 1 ANO <\\\/span><\\\/p>\",\"image\":\"wp-content\\\/uploads\\\/2025\\\/12\\\/cdv-6920-5900-01-zlh82pj97a.webp\",\"title\":\"CLIMATIZADOR PORT\\u00c1TIL CV125\"}},{\"type\":\"grid_item\",\"props\":{\"content\":\"\n\n<div class=\\\"row-fluid\\\">\\n\n\n<div class=\\\"span12\\\">\\n\n\n<div class=\\\"abas-custom\\\">\\n\n\n<div class=\\\"tab-content\\\">\\n\n\n<div class=\\\"tab-pane active\\\" id=\\\"descricao\\\" itemprop=\\\"description\\\">\\n\n\n<p><span>CLIMATIZADOR PORT\\u00c1TIL CV 09<br \\\/>POT\\u00caNCIA (CV) - 0,5<br \\\/>CORRENTE M\\u00c1XIMA (A) - 3,5<br \\\/>POT\\u00caNCIA DO INVERSOR (CV) - 1<br \\\/>FREQU\\u00caNCIA - 60Hz<br \\\/>TENS\\u00c3O - 220V<br \\\/>VAZ\\u00c3O \\\/ VENTILA\\u00c7\\u00c3O (m\\u00b3\\\/h) - 14.260<br \\\/>MATERIAL DO GABINETE - ABS<br \\\/>DI\\u00c2METRO DA H\\u00c9LICE (mm) - 620<br \\\/>QUANTIDADE DE P\\u00c1S - 03<br \\\/>CONSUMO DE \\u00c1GUA (L\\\/h) - 5<br \\\/>CAPACIDADE DO RESERVAT\\u00d3RIO (L) - 50<br \\\/>CORES DISPONIVEL - BRANCO E PRETO<br \\\/>GARANTIA - 1 ANO <\\\/span><\\\/p>\\n<\\\/div>\\n<\\\/div>\\n<\\\/div>\\n<\\\/div>\\n<\\\/div>\",\"image\":\"wp-content\\\/uploads\\\/2025\\\/12\\\/cdv-6858-1-ll61z1kr6c.webp\",\"title\":\"CLIMATIZADOR PORT\\u00c1TIL CV09\"}},{\"type\":\"grid_item\",\"props\":{\"content\":\"\n\n<div class=\\\"span12\\\">\\n\n\n<div class=\\\"abas-custom\\\">\\n\n\n<div class=\\\"tab-content\\\">\\n\n\n<div class=\\\"tab-pane active\\\" id=\\\"descricao\\\" itemprop=\\\"description\\\">\\n\n\n<p><span>CLIMATIZADOR DE PAREDE CV90 SUPER<br \\\/>POT\\u00caNCIA (CV) - 3<br \\\/>CORRENTE M\\u00c1XIMA (A) - 18<br \\\/>POT\\u00caNCIA DO INVERSOR (CV) - 3<br \\\/>FREQU\\u00caNCIA - 60Hz<br \\\/>TENS\\u00c3O - 220V<br \\\/>VAZ\\u00c3O \\\/ VENTILA\\u00c7\\u00c3O (m\\u00b3\\\/h) - 85.000<br \\\/>MATERIAL DO GABINETE - ABS<br \\\/>DI\\u00c2METRO DA H\\u00c9LICE (mm) - 1.485<br \\\/>QUANTIDADE DE P\\u00c1S - 06<br \\\/>CONSUMO DE \\u00c1GUA (L\\\/h) - 71<br \\\/>CAPACIDADE DO RESERVAT\\u00d3RIO (L) - 55<br \\\/>ABERTURA DE PAREDE (mm) 1620 X 1620<br \\\/>GARANTIA - 1 ANO <\\\/span><\\\/p>\\n<\\\/div>\\n<\\\/div>\\n<\\\/div>\\n<\\\/div>\",\"image\":\"wp-content\\\/uploads\\\/2025\\\/12\\\/cdv-6854-1-eiyac2g0c1.webp\",\"title\":\"CLIMATIZADOR DE PAREDE CV90 SUPER\"}},{\"type\":\"grid_item\",\"props\":{\"content\":\"\n\n<p><span>CLIMATIZADOR DE PAREDE CV50 SUPER<br \\\/>POT\\u00caNCIA (CV) - 2<br \\\/>CORRENTE M\\u00c1XIMA (A) - 1,2<br \\\/>POT\\u00caNCIA DO INVERSOR (CV) - 2<br \\\/>FREQU\\u00caNCIA - 60Hz<br \\\/>TENS\\u00c3O - 220V<br \\\/>VAZ\\u00c3O \\\/ VENTILA\\u00c7\\u00c3O (m\\u00b3\\\/h) - 62.100<br \\\/>MATERIAL DO GABINETE - ABS<br \\\/>DI\\u00c2METRO DA H\\u00c9LICE (mm) - 1.200<br \\\/>QUANTIDADE DE P\\u00c1S - 12<br \\\/>CONSULMO DE \\u00c1GUA (L\\\/h) - 57<br \\\/>CAPACIDADE DO RESERVAT\\u00d3RIO (L) - 40<br \\\/>ABERTURA DE PAREDE (mm) 1320 X 1320<br \\\/>GARANTIA - 1 ANO <\\\/span><\\\/p>\",\"image\":\"wp-content\\\/uploads\\\/2025\\\/12\\\/cdv-6853-1-z7hksimgus.webp\",\"title\":\"CLIMATIZADOR DE PAREDE CV50 SUPER\"}},{\"type\":\"grid_item\",\"props\":{\"content\":\"\n\n<p><span>CLIMATIZADOR DE PAREDE CV36 SUPER<br \\\/>POT\\u00caNCIA (CV) - 2<br \\\/>CORRENTE M\\u00c1XIMA (A) - 10<br \\\/>POT\\u00caNCIA DO INVERSO<br \\\/>R (CV) - 2<br \\\/>FREQU\\u00caNCIA - 60Hz TENS\\u00c3O - 220V<br \\\/>VAZ\\u00c3O \\\/ VENTILA\\u00c7\\u00c3O (m\\u00b3\\\/h) - 40.850<br \\\/>MATERIAL DO GABINETE - ABS<br \\\/>DI\\u00c2METRO DA H\\u00c9LICE (mm) - 1050<br \\\/>QUANTIDADE DE P\\u00c1S - 12<br \\\/>CONSUMO DE \\u00c1GUA (L\\\/h) - 35<br \\\/>CAPACIDADE DO RESERVAT\\u00d3RIO (L) - 40<br \\\/>ABERTURA DE PAREDE (mm) 1170 X 1170<br \\\/>GARANTIA - 1 ANO <\\\/span><\\\/p>\",\"image\":\"wp-content\\\/uploads\\\/2025\\\/12\\\/cdv-6852-1-6e6agoy2xm.webp\",\"title\":\"CLIMATIZADOR DE PAREDE CV36 SUPER\"}},{\"type\":\"grid_item\",\"props\":{\"content\":\"\n\n<p><span>CLIMATIZADOR DE PAREDE CV07 SUPER<br \\\/>POT\\u00caNCIA (CV) - 0,5<br \\\/>CORRENTE M\\u00c1XIMA (A) - 3,5<br \\\/>POT\\u00caNCIA DO INVERSOR (CV) - 1<br \\\/>FREQU\\u00caNCIA - 60Hz<br \\\/>TENS\\u00c3O - 220V<br \\\/>VAZ\\u00c3O \\\/ VENTILA\\u00c7\\u00c3O (m\\u00b3\\\/h) - 14.260<br \\\/>MATERIAL DO GABINETE - ABS<br \\\/>DI\\u00c2METRO DA H\\u00c9LICE (mm) - 620<br \\\/>QUANTIDADE DE P\\u00c1S - 03<br \\\/>CONSUMO DE \\u00c1GUA (L\\\/h) - 14<br \\\/>CAPACIDADE DO RESERVAT\\u00d3RIO (L) - 10<br \\\/>ABERTURA DE PAREDE (mm) 720 X 720<br \\\/>GARANTIA - 1 ANO <\\\/span><\\\/p>\",\"image\":\"wp-content\\\/uploads\\\/2025\\\/12\\\/cdv-6851-1-2nxqzfycsm.webp\",\"title\":\"CLIMATIZADOR DE PAREDE CV07 SUPER\"}},{\"type\":\"grid_item\",\"props\":{\"content\":\"\n\n<p><span>CLIMATIZADOR EVAPORATIVO 35 LITROS<br \\\/>COR-BRANCO E CINZA<br \\\/>CLIMATIZADOR 5 EM 1<br \\\/>COMPARTIMENTO DE GELO<br \\\/>MELHOR VAZ\\u00c3O DE AR<br \\\/>ECON\\u00d4MICO<br \\\/>CONTROLE DE VENTILA\\u00c7\\u00c3O<br \\\/>3 N\\u00cdVEIS DE VELOCIDADE<br \\\/>FILTRO EVAPORATIVO COLMEIA<br \\\/>VENTILA\\\/CLIMATIZA\\\/UMIDIFICA<br \\\/>POT\\u00caNCIA-150W<br \\\/>\\u00c1REA DE ABRANG\\u00caNCIA-10 A 20m\\u00b2<br \\\/>FREQU\\u00caNCIA-60Hz<br \\\/>VOLTAGEM-127V<br \\\/>VAZ\\u00c3O-110m\\u00b3\\\/h<br \\\/>GARANTIA-12 MESES (DEFEITO T\\u00c9CNICO)<\\\/span><\\\/p>\",\"image\":\"wp-content\\\/uploads\\\/2025\\\/12\\\/6696-1-nd06eltxba.webp\",\"status\":\"disabled\",\"title\":\"CLIMATIZADOR EVAPORATIVO 35 L\"}}],\"name\":\"GRID-PRODUTOS\"}]}]}]}],\"version\":\"4.5.23\"} --><\/p>\n","protected":false},"excerpt":{"rendered":"<p>Climatizador Conforto em todo lugar clima-01 clima-02 clima-03 Os climatizadores oferecem uma solu\u00e7\u00e3o pr\u00e1tica e econ\u00f4mica para refrescar ambientes, combinando ventila\u00e7\u00e3o e umidifica\u00e7\u00e3o para melhorar o conforto t\u00e9rmico sem consumir tanta energia quanto um ar-condicionado. Eles s\u00e3o ideais para regi\u00f5es mais secas, pois ajudam a aumentar a umidade do ar, reduzindo irrita\u00e7\u00f5es respirat\u00f3rias e proporcionando [&hellip;]<\/p>\n","protected":false},"author":1,"featured_media":0,"parent":0,"menu_order":0,"comment_status":"closed","ping_status":"closed","template":"","meta":{"_joinchat":[],"footnotes":""},"class_list":["post-255","page","type-page","status-publish","hentry"],"_links":{"self":[{"href":"https:\/\/casadovento.com.br\/novo\/wp-json\/wp\/v2\/pages\/255","targetHints":{"allow":["GET"]}}],"collection":[{"href":"https:\/\/casadovento.com.br\/novo\/wp-json\/wp\/v2\/pages"}],"about":[{"href":"https:\/\/casadovento.com.br\/novo\/wp-json\/wp\/v2\/types\/page"}],"author":[{"embeddable":true,"href":"https:\/\/casadovento.com.br\/novo\/wp-json\/wp\/v2\/users\/1"}],"replies":[{"embeddable":true,"href":"https:\/\/casadovento.com.br\/novo\/wp-json\/wp\/v2\/comments?post=255"}],"version-history":[{"count":17,"href":"https:\/\/casadovento.com.br\/novo\/wp-json\/wp\/v2\/pages\/255\/revisions"}],"predecessor-version":[{"id":700,"href":"https:\/\/casadovento.com.br\/novo\/wp-json\/wp\/v2\/pages\/255\/revisions\/700"}],"wp:attachment":[{"href":"https:\/\/casadovento.com.br\/novo\/wp-json\/wp\/v2\/media?parent=255"}],"curies":[{"name":"wp","href":"https:\/\/api.w.org\/{rel}","templated":true}]}}