{"id":252,"date":"2025-11-13T22:24:00","date_gmt":"2025-11-14T01:24:00","guid":{"rendered":"https:\/\/casadovento.com.br\/novo\/?page_id=252"},"modified":"2026-04-24T16:00:17","modified_gmt":"2026-04-24T19:00:17","slug":"ventilador-de-mesa","status":"publish","type":"page","link":"https:\/\/casadovento.com.br\/novo\/ventilador-de-mesa\/","title":{"rendered":"Ventilador de Mesa"},"content":{"rendered":"<p><a href=\"https:\/\/casadovento.com.br\/\"><img decoding=\"async\" src=\"\/novo\/wp-content\/uploads\/2025\/07\/cdv-logo-inv-2.svg\" alt=\"\"><\/a><\/p>\n<h1>Ventilador de Mesa<\/h1>\n<h1>O mais vers\u00e1til<\/h1>\n<ul>\n<li>\n<p>        <img decoding=\"async\" src=\"\/novo\/wp-content\/uploads\/2025\/11\/mesa-01.jpg\" alt=\"\"><\/p>\n<h3>mesa-01<\/h3>\n<\/li>\n<li>\n<p>        <img decoding=\"async\" src=\"\/novo\/wp-content\/uploads\/2025\/11\/mesa-02.jpg\" alt=\"\"><\/p>\n<h3>mesa-02<\/h3>\n<\/li>\n<li>\n<p>        <img decoding=\"async\" src=\"\/novo\/wp-content\/uploads\/2025\/11\/mesa-03.jpg\" alt=\"\"><\/p>\n<h3>mesa-03<\/h3>\n<\/li>\n<\/ul>\n<div>O ventilador de mesa oferece praticidade e efici\u00eancia para refrescar ambientes de forma r\u00e1pida e direcionada, gra\u00e7as ao seu tamanho compacto e f\u00e1cil mobilidade. Ele pode ser colocado sobre mesas, bancadas ou criado-mudos, permitindo ajustar a circula\u00e7\u00e3o de ar exatamente onde voc\u00ea precisa, sem ocupar muito espa\u00e7o. Al\u00e9m disso, costuma ser econ\u00f4mico, simples de usar e manter, tornando-se uma solu\u00e7\u00e3o acess\u00edvel para melhorar o conforto t\u00e9rmico em dias quentes, seja no escrit\u00f3rio, quarto ou sala.\n<\/div>\n<h1>Veja mais<\/h1>\n<ul>\n<li>\n<p>        <img decoding=\"async\" src=\"\/novo\/wp-content\/uploads\/2025\/12\/6445-5j00vubev5.webp\" alt=\"\"><\/p>\n<h3>VENTILADOR MESA VD TURBI 30CM PRETO<\/h3>\n<div>\n<p><span>VENTILADOR MESA VD TURBI 30CM PRETO<br \/>VELOCIDADE-3 ROTATIVOS<br \/>POT\u00caNCIA-130W<br \/>RPM-1650<br \/>N\u00ba DE H\u00c9LICE-03<br \/>GRADE-PP<br \/>TENS\u00c3O-127V<br \/>GARANTIA-12 MESES<\/span><\/p>\n<\/div>\n<\/li>\n<li>\n<p>        <img decoding=\"async\" src=\"\/novo\/wp-content\/uploads\/2025\/12\/6446-iaywcjutpw.webp\" alt=\"\"><\/p>\n<h3>VENTILADOR MESA VD TURBI 30CM BRANCO<\/h3>\n<div>\n<p><span>VENTILADOR MESA VD TURBI 30CM BRANCO<br \/>VELOCIDADE-3 ROTATIVOS<br \/>POT\u00caNCIA-130W<br \/>RPM-1650<br \/>N\u00ba DE H\u00c9LICE-03<br \/>GRADE-PP<br \/>TENS\u00c3O-127V<br \/>GARANTIA-12 MESES<\/span><\/p>\n<\/div>\n<\/li>\n<li>\n<p>        <img decoding=\"async\" src=\"\/novo\/wp-content\/uploads\/2025\/12\/4809-b2cesbl73c.webp\" alt=\"\"><\/p>\n<h3>VENTILADOR MESA 50CM 3H TR PRETO<\/h3>\n<div>\n<p><span>VENTILADOR DE MESA 50CM 3H TR PRETO<br \/>GRADE-PP &#8211; PL\u00c1STICO PRETO<br \/>DI\u00c2METRO DA GRADE-50CM<br \/>DI\u00c2METRO DA H\u00c9LICE-44CM<br \/>N\u00ba DE H\u00c9LICE-3<br \/>COR DA H\u00c9LICE-PRETA<br \/>CHAVE DE CONTROLE DE VELOCIDADE &#8211; DIMMER<br \/>VELOCIDADE-03<br \/>BASE EM FERRO COM PINTURA ELETROST\u00c1TICA PRETA<br \/>INCLINA\u00c7\u00c3O REGUL\u00c1VEL<br \/>POT\u00caNCIA-140W<br \/>RPM-1500<br \/>TENS\u00c3O-127V<br \/>GARANTIA-12 MESES<\/span><\/p>\n<\/div>\n<\/li>\n<li>\n<p>        <img decoding=\"async\" src=\"\/novo\/wp-content\/uploads\/2025\/12\/5522-oihi7u1rra.webp\" alt=\"\"><\/p>\n<h3>VENTILADOR MESA 40CM PREMIUM VS PP PRETO<\/h3>\n<div>\n<p><span>VENTILADOR DE MESA 40CM PREMIUM VS PP PRETO<br \/>GRADE-PP &#8211; PL\u00c1STICO PRETO<br \/>DI\u00c2METRO DA GRADE-40CM<br \/>DI\u00c2METRO DA H\u00c9LICE-37CM<br \/>N\u00ba DE H\u00c9LICE-6<br \/>COR DA H\u00c9LICE-PRATA<br \/>CHAVE DE CONTROLE DE VELOCIDADE<br \/>VELOCIDADE-O3 INCLINA\u00c7\u00c3O REGUL\u00c1VEL<br \/>POT\u00caNCIA-80W<br \/>RPM-1500<br \/>TENS\u00c3O-127V<br \/>GARANTIA- 01 ANO<\/span><\/p>\n<\/div>\n<\/li>\n<li>\n<p>        <img decoding=\"async\" src=\"\/novo\/wp-content\/uploads\/2025\/12\/5525-sfl4ywdt6f.webp\" alt=\"\"><\/p>\n<h3>VENTILADOR MESA 20CM PREMIUM VS PP BRANCO\/AZUL<\/h3>\n<div>\n<p><span>VENTILADOR DE MESA 20CM PREMIUM VS PP BRANCO\/AZUL<br \/>GRADE-PP &#8211; PL\u00c1STICO BRANCO<br \/>DI\u00c2METRO DA GRADE-20CM<br \/>DI\u00c2METRO DA H\u00c9LICE-17CM<br \/>N\u00ba DE H\u00c9LICE-6<br \/>COR DA H\u00c9LICE-AZUL<br \/>CHAVE DE CONTROLE DE VELOCIDADE- BASE DO MOTOR<br \/>VELOCIDADE-O2<br \/>INCLINA\u00c7\u00c3O REGUL\u00c1VEL<br \/>BASE REMOV\u00cdVEL<br \/>POT\u00caNCIA-18W<br \/>RPM-2400<br \/>TENS\u00c3O-127V<br \/>GARANTIA-12 MESES<\/span><\/p>\n<\/div>\n<\/li>\n<\/ul>\n<p><!--more--><br \/>\n<!-- {\"type\":\"layout\",\"children\":[{\"type\":\"section\",\"props\":{\"image_position\":\"center-center\",\"padding\":\"small\",\"style\":\"primary\",\"title_breakpoint\":\"xl\",\"title_position\":\"top-left\",\"title_rotation\":\"left\",\"vertical_align\":\"middle\",\"width\":\"default\"},\"children\":[{\"type\":\"row\",\"props\":{\"layout\":\"1-2,1-2\"},\"children\":[{\"type\":\"column\",\"props\":{\"image_position\":\"center-center\",\"position_sticky_breakpoint\":\"m\",\"width_medium\":\"1-2\"},\"children\":[{\"type\":\"image\",\"props\":{\"image\":\"wp-content\\\/uploads\\\/2025\\\/07\\\/cdv-logo-inv-2.svg\",\"image_svg_color\":\"emphasis\",\"image_width\":240,\"link\":\"https:\\\/\\\/casadovento.com.br\\\/\",\"margin\":\"default\"}}]},{\"type\":\"column\",\"props\":{\"image_position\":\"center-center\",\"position_sticky_breakpoint\":\"m\",\"width_medium\":\"1-2\"},\"children\":[{\"type\":\"module\",\"props\":{\"menu_image_align\":\"center\",\"menu_image_margin\":true,\"menu_style\":\"default\",\"menu_type\":\"subnav\",\"text_align\":\"right\",\"type\":\"builderwidget\",\"widget\":\"builderwidget-2\"}}]}]}]},{\"type\":\"section\",\"props\":{\"image_position\":\"center-center\",\"padding\":\"large\",\"style\":\"default\",\"title_breakpoint\":\"xl\",\"title_position\":\"top-left\",\"title_rotation\":\"left\",\"vertical_align\":\"middle\",\"video\":\"wp-content\\\/uploads\\\/2025\\\/11\\\/video-produto-bg-mesa.mp4\",\"width\":\"default\"},\"children\":[{\"type\":\"row\",\"children\":[{\"type\":\"column\",\"props\":{\"image_position\":\"center-center\",\"position_sticky_breakpoint\":\"m\"},\"children\":[{\"type\":\"headline\",\"props\":{\"content\":\"Ventilador de Mesa\",\"margin_remove_bottom\":true,\"text_align\":\"center\",\"title_element\":\"h1\",\"title_font_family\":\"secondary\",\"title_style\":\"heading-large\"}},{\"type\":\"headline\",\"props\":{\"content\":\"O mais vers\\u00e1til\",\"margin_remove_top\":true,\"text_align\":\"center\",\"title_color\":\"secondary\",\"title_element\":\"h1\",\"title_font_family\":\"tertiary\",\"title_style\":\"heading-medium\"},\"name\":\"texto secundario\"}]}]},{\"type\":\"row\",\"props\":{\"layout\":\"1-2,1-2\",\"margin\":\"large\"},\"children\":[{\"type\":\"column\",\"props\":{\"image_position\":\"center-center\",\"position_sticky_breakpoint\":\"m\",\"width_medium\":\"1-2\"},\"children\":[{\"type\":\"slideshow\",\"props\":{\"blend\":false,\"content_expand\":false,\"link_style\":\"default\",\"link_text\":\"Read more\",\"margin\":\"default\",\"meta_align\":\"below-title\",\"meta_element\":\"div\",\"meta_style\":\"text-meta\",\"nav\":\"\",\"nav_align\":\"center\",\"nav_breakpoint\":\"s\",\"nav_position\":\"bottom-center\",\"nav_position_margin\":\"medium\",\"overlay_animation\":\"parallax\",\"overlay_position\":\"center-left\",\"show_content\":false,\"show_link\":false,\"show_meta\":false,\"show_thumbnail\":false,\"show_title\":false,\"slidenav\":\"default\",\"slidenav_breakpoint\":\"s\",\"slidenav_margin\":\"medium\",\"slidenav_outside_breakpoint\":\"xl\",\"slideshow_animation\":\"fade\",\"slideshow_autoplay\":true,\"slideshow_autoplay_interval\":\"3\",\"slideshow_autoplay_pause\":true,\"slideshow_box_shadow\":\"small\",\"slideshow_min_height\":300,\"slideshow_ratio\":\"960:640\",\"thumbnav_height\":\"75\",\"thumbnav_svg_color\":\"emphasis\",\"thumbnav_width\":\"100\",\"title_element\":\"h3\",\"title_hover_style\":\"reset\"},\"children\":[{\"type\":\"slideshow_item\",\"props\":{\"image\":\"wp-content\\\/uploads\\\/2025\\\/11\\\/mesa-01.jpg\",\"title\":\"mesa-01\"}},{\"type\":\"slideshow_item\",\"props\":{\"image\":\"wp-content\\\/uploads\\\/2025\\\/11\\\/mesa-02.jpg\",\"title\":\"mesa-02\"}},{\"type\":\"slideshow_item\",\"props\":{\"image\":\"wp-content\\\/uploads\\\/2025\\\/11\\\/mesa-03.jpg\",\"title\":\"mesa-03\"}}]}]},{\"type\":\"column\",\"props\":{\"image_position\":\"center-center\",\"position_sticky_breakpoint\":\"m\",\"style\":\"card-default\",\"vertical_align\":\"middle\",\"width_medium\":\"1-2\"},\"children\":[{\"type\":\"text\",\"props\":{\"block_align\":\"center\",\"column_breakpoint\":\"m\",\"content\":\"O ventilador de mesa oferece praticidade e efici\\u00eancia para refrescar ambientes de forma r\\u00e1pida e direcionada, gra\\u00e7as ao seu tamanho compacto e f\\u00e1cil mobilidade. Ele pode ser colocado sobre mesas, bancadas ou criado-mudos, permitindo ajustar a circula\\u00e7\\u00e3o de ar exatamente onde voc\\u00ea precisa, sem ocupar muito espa\\u00e7o. Al\\u00e9m disso, costuma ser econ\\u00f4mico, simples de usar e manter, tornando-se uma solu\\u00e7\\u00e3o acess\\u00edvel para melhorar o conforto t\\u00e9rmico em dias quentes, seja no escrit\\u00f3rio, quarto ou sala.\\n\",\"margin\":\"default\"}}]}]}]},{\"type\":\"section\",\"props\":{\"image_position\":\"center-center\",\"style\":\"default\",\"title_breakpoint\":\"xl\",\"title_position\":\"top-left\",\"title_rotation\":\"left\",\"vertical_align\":\"middle\",\"width\":\"default\"},\"children\":[{\"type\":\"row\",\"children\":[{\"type\":\"column\",\"props\":{\"image_position\":\"center-center\",\"position_sticky_breakpoint\":\"m\"},\"children\":[{\"type\":\"headline\",\"props\":{\"content\":\"Veja mais\",\"margin_remove_bottom\":false,\"text_align\":\"center\",\"title_element\":\"h1\",\"title_font_family\":\"secondary\",\"title_style\":\"heading-large\"}}]}]},{\"type\":\"row\",\"children\":[{\"type\":\"column\",\"props\":{\"image_position\":\"center-center\",\"position_sticky_breakpoint\":\"m\"},\"children\":[{\"type\":\"grid\",\"props\":{\"content_column_breakpoint\":\"m\",\"content_display\":\"lightbox\",\"filter_align\":\"left\",\"filter_all\":true,\"filter_grid_breakpoint\":\"m\",\"filter_grid_width\":\"auto\",\"filter_position\":\"top\",\"filter_style\":\"tab\",\"grid_column_align\":true,\"grid_default\":\"1\",\"grid_medium\":\"3\",\"grid_row_align\":false,\"grid_small\":\"2\",\"icon_width\":80,\"image_align\":\"top\",\"image_border\":\"rounded\",\"image_box_shadow\":\"medium\",\"image_grid_breakpoint\":\"m\",\"image_grid_width\":\"1-2\",\"image_svg_color\":\"emphasis\",\"item_animation\":true,\"lightbox\":true,\"lightbox_bg_close\":true,\"link_style\":\"primary\",\"link_text\":\"VEJA MAIS &nbsp;<span uk-icon=\\\"icon:  plus-circle\\\"><\\\/span>\",\"margin\":\"default\",\"meta_align\":\"below-title\",\"meta_element\":\"div\",\"meta_style\":\"text-meta\",\"panel_link\":true,\"show_content\":true,\"show_hover_image\":true,\"show_hover_video\":true,\"show_image\":true,\"show_link\":true,\"show_meta\":true,\"show_title\":true,\"show_video\":true,\"text_align\":\"center\",\"title_align\":\"top\",\"title_element\":\"h3\",\"title_grid_breakpoint\":\"m\",\"title_grid_width\":\"1-2\",\"title_hover_style\":\"reset\",\"title_style\":\"h5\"},\"children\":[{\"type\":\"grid_item\",\"props\":{\"content\":\"\n\n<p><span>VENTILADOR MESA VD TURBI 30CM PRETO<br \\\/>VELOCIDADE-3 ROTATIVOS<br \\\/>POT\\u00caNCIA-130W<br \\\/>RPM-1650<br \\\/>N\\u00ba DE H\\u00c9LICE-03<br \\\/>GRADE-PP<br \\\/>TENS\\u00c3O-127V<br \\\/>GARANTIA-12 MESES<\\\/span><\\\/p>\",\"image\":\"wp-content\\\/uploads\\\/2025\\\/12\\\/6445-5j00vubev5.webp\",\"title\":\"VENTILADOR MESA VD TURBI 30CM PRETO\"}},{\"type\":\"grid_item\",\"props\":{\"content\":\"\n\n<p><span>VENTILADOR MESA VD TURBI 30CM BRANCO<br \\\/>VELOCIDADE-3 ROTATIVOS<br \\\/>POT\\u00caNCIA-130W<br \\\/>RPM-1650<br \\\/>N\\u00ba DE H\\u00c9LICE-03<br \\\/>GRADE-PP<br \\\/>TENS\\u00c3O-127V<br \\\/>GARANTIA-12 MESES<\\\/span><\\\/p>\",\"image\":\"wp-content\\\/uploads\\\/2025\\\/12\\\/6446-iaywcjutpw.webp\",\"title\":\"VENTILADOR MESA VD TURBI 30CM BRANCO\"}},{\"type\":\"grid_item\",\"props\":{\"content\":\"\n\n<p><span>VENTILADOR DE MESA 50CM 3H TR PRETO<br \\\/>GRADE-PP - PL\\u00c1STICO PRETO<br \\\/>DI\\u00c2METRO DA GRADE-50CM<br \\\/>DI\\u00c2METRO DA H\\u00c9LICE-44CM<br \\\/>N\\u00ba DE H\\u00c9LICE-3<br \\\/>COR DA H\\u00c9LICE-PRETA<br \\\/>CHAVE DE CONTROLE DE VELOCIDADE - DIMMER<br \\\/>VELOCIDADE-03<br \\\/>BASE EM FERRO COM PINTURA ELETROST\\u00c1TICA PRETA<br \\\/>INCLINA\\u00c7\\u00c3O REGUL\\u00c1VEL<br \\\/>POT\\u00caNCIA-140W<br \\\/>RPM-1500<br \\\/>TENS\\u00c3O-127V<br \\\/>GARANTIA-12 MESES<\\\/span><\\\/p>\",\"image\":\"wp-content\\\/uploads\\\/2025\\\/12\\\/4809-b2cesbl73c.webp\",\"title\":\"VENTILADOR MESA 50CM 3H TR PRETO\"}},{\"type\":\"grid_item\",\"props\":{\"content\":\"\n\n<p><span>VENTILADOR DE MESA 40CM PREMIUM VS PP PRETO<br \\\/>GRADE-PP - PL\\u00c1STICO PRETO<br \\\/>DI\\u00c2METRO DA GRADE-40CM<br \\\/>DI\\u00c2METRO DA H\\u00c9LICE-37CM<br \\\/>N\\u00ba DE H\\u00c9LICE-6<br \\\/>COR DA H\\u00c9LICE-PRATA<br \\\/>CHAVE DE CONTROLE DE VELOCIDADE<br \\\/>VELOCIDADE-O3 INCLINA\\u00c7\\u00c3O REGUL\\u00c1VEL<br \\\/>POT\\u00caNCIA-80W<br \\\/>RPM-1500<br \\\/>TENS\\u00c3O-127V<br \\\/>GARANTIA- 01 ANO<\\\/span><\\\/p>\",\"image\":\"wp-content\\\/uploads\\\/2025\\\/12\\\/5522-oihi7u1rra.webp\",\"title\":\"VENTILADOR MESA 40CM PREMIUM VS PP PRETO\"}},{\"type\":\"grid_item\",\"props\":{\"content\":\"\n\n<p><span>VENTILADOR DE MESA 20CM PREMIUM VS PP BRANCO\\\/AZUL<br \\\/>GRADE-PP - PL\\u00c1STICO BRANCO<br \\\/>DI\\u00c2METRO DA GRADE-20CM<br \\\/>DI\\u00c2METRO DA H\\u00c9LICE-17CM<br \\\/>N\\u00ba DE H\\u00c9LICE-6<br \\\/>COR DA H\\u00c9LICE-AZUL<br \\\/>CHAVE DE CONTROLE DE VELOCIDADE- BASE DO MOTOR<br \\\/>VELOCIDADE-O2<br \\\/>INCLINA\\u00c7\\u00c3O REGUL\\u00c1VEL<br \\\/>BASE REMOV\\u00cdVEL<br \\\/>POT\\u00caNCIA-18W<br \\\/>RPM-2400<br \\\/>TENS\\u00c3O-127V<br \\\/>GARANTIA-12 MESES<\\\/span><\\\/p>\",\"image\":\"wp-content\\\/uploads\\\/2025\\\/12\\\/5525-sfl4ywdt6f.webp\",\"title\":\"VENTILADOR MESA 20CM PREMIUM VS PP BRANCO\\\/AZUL\"}}],\"name\":\"GRID-PRODUTOS\"}]}]}]}],\"version\":\"4.5.23\"} --><\/p>\n","protected":false},"excerpt":{"rendered":"<p>Ventilador de Mesa O mais vers\u00e1til mesa-01 mesa-02 mesa-03 O ventilador de mesa oferece praticidade e efici\u00eancia para refrescar ambientes de forma r\u00e1pida e direcionada, gra\u00e7as ao seu tamanho compacto e f\u00e1cil mobilidade. Ele pode ser colocado sobre mesas, bancadas ou criado-mudos, permitindo ajustar a circula\u00e7\u00e3o de ar exatamente onde voc\u00ea precisa, sem ocupar muito [&hellip;]<\/p>\n","protected":false},"author":1,"featured_media":0,"parent":0,"menu_order":0,"comment_status":"closed","ping_status":"closed","template":"","meta":{"_joinchat":[],"footnotes":""},"class_list":["post-252","page","type-page","status-publish","hentry"],"_links":{"self":[{"href":"https:\/\/casadovento.com.br\/novo\/wp-json\/wp\/v2\/pages\/252","targetHints":{"allow":["GET"]}}],"collection":[{"href":"https:\/\/casadovento.com.br\/novo\/wp-json\/wp\/v2\/pages"}],"about":[{"href":"https:\/\/casadovento.com.br\/novo\/wp-json\/wp\/v2\/types\/page"}],"author":[{"embeddable":true,"href":"https:\/\/casadovento.com.br\/novo\/wp-json\/wp\/v2\/users\/1"}],"replies":[{"embeddable":true,"href":"https:\/\/casadovento.com.br\/novo\/wp-json\/wp\/v2\/comments?post=252"}],"version-history":[{"count":15,"href":"https:\/\/casadovento.com.br\/novo\/wp-json\/wp\/v2\/pages\/252\/revisions"}],"predecessor-version":[{"id":698,"href":"https:\/\/casadovento.com.br\/novo\/wp-json\/wp\/v2\/pages\/252\/revisions\/698"}],"wp:attachment":[{"href":"https:\/\/casadovento.com.br\/novo\/wp-json\/wp\/v2\/media?parent=252"}],"curies":[{"name":"wp","href":"https:\/\/api.w.org\/{rel}","templated":true}]}}