{"id":249,"date":"2025-11-13T22:23:06","date_gmt":"2025-11-14T01:23:06","guid":{"rendered":"https:\/\/casadovento.com.br\/novo\/?page_id=249"},"modified":"2026-03-06T17:04:40","modified_gmt":"2026-03-06T20:04:40","slug":"ventilador-de-coluna","status":"publish","type":"page","link":"https:\/\/casadovento.com.br\/novo\/ventilador-de-coluna\/","title":{"rendered":"Ventilador de Coluna"},"content":{"rendered":"<p><a href=\"https:\/\/casadovento.com.br\/\"><img decoding=\"async\" src=\"\/novo\/wp-content\/uploads\/2025\/07\/cdv-logo-inv-2.svg\" alt=\"\"><\/a><\/p>\n<h1>Ventilador de Coluna<\/h1>\n<h1>Versatilidade e pot\u00eancia<\/h1>\n<ul>\n<li>\n<p>        <img decoding=\"async\" src=\"\/novo\/wp-content\/uploads\/2025\/11\/coluna-01.jpg\" alt=\"\"><\/p>\n<h3>coluna-01<\/h3>\n<\/li>\n<li>\n<p>        <img decoding=\"async\" src=\"\/novo\/wp-content\/uploads\/2025\/11\/coluna-02.jpg\" alt=\"\"><\/p>\n<h3>coluna-02<\/h3>\n<\/li>\n<li>\n<p>        <img decoding=\"async\" src=\"\/novo\/wp-content\/uploads\/2025\/11\/coluna-03.jpg\" alt=\"\"><\/p>\n<h3>coluna-03<\/h3>\n<\/li>\n<\/ul>\n<div>O ventilador de coluna oferece uma combina\u00e7\u00e3o de pot\u00eancia, praticidade e versatilidade, tornando-se uma excelente op\u00e7\u00e3o para ventilar diferentes ambientes. Sua altura ajust\u00e1vel permite direcionar o fluxo de ar com precis\u00e3o, enquanto sua base elevada favorece a circula\u00e7\u00e3o mesmo em espa\u00e7os mais amplos. Al\u00e9m disso, muitos modelos contam com oscila\u00e7\u00e3o horizontal e m\u00faltiplas velocidades, garantindo conforto personalizado. Por ser port\u00e1til e f\u00e1cil de mover, o ventilador de coluna tamb\u00e9m \u00e9 ideal para quem deseja refrescar c\u00f4modos distintos sem precisar de instala\u00e7\u00e3o fixa.\n<\/div>\n<h1>Veja mais<\/h1>\n<ul>\n<li>\n<p>        <img decoding=\"async\" src=\"\/novo\/wp-content\/uploads\/2025\/12\/5469-wtudfxz3oe.webp\" alt=\"\"><\/p>\n<h3>VENTILADOR OSCILANTE DE COLUNA 60cm VN PRETO BIVOLT<\/h3>\n<div>\n<p><span>VENTILADOR OSCILANTE DE COLUNA 60cm VN PRETO BIVOLT<br \/>O Ventilador de Coluna Pedestal 60cm New 630 &#8211; Vent New \u00e9 ideal para refrescar qualquer ambiente.<br \/>Detalhes t\u00e9cnicos:<br \/>&#8211; voltagem: bivolt<br \/>&#8211; controle de velocidade rotativo<br \/>&#8211; h\u00e9lice 3 p\u00e1s em polipropileno<br \/>&#8211; di\u00e2metro da grade 60cm aramado preto<br \/>&#8211; grade A\u00e7o 156 Ar<br \/>&#8211; altura 1.60m<br \/>&#8211; peso 7,10 Kg<br \/>&#8211; pot\u00eancia: 190 W<br \/>&#8211; velocidade: 1.430 rpm<br \/>&#8211; vaz\u00e3o: 1,081 m3\/s<\/span><\/p>\n<p>&#8211; Bivolt: Necess\u00e1rio escolher a voltagem na chave seletora do produto.<\/p>\n<\/div>\n<\/li>\n<li>\n<p>        <img decoding=\"async\" src=\"\/novo\/wp-content\/uploads\/2025\/12\/5037-xdpjvrwz37.webp\" alt=\"\"><\/p>\n<h3>VENTILADOR COLUNA 60CM 3H TR PRETO<\/h3>\n<div>\n<p><span>VENTILADOR COLUNA 60CM 3H TR PRETO GRADE-PP<br \/>DI\u00c2METRO DA GRADE-60CM<br \/>DI\u00c2METRO DA H\u00c9LICE-52CM<br \/>N\u00ba DE H\u00c9LICE-3<br \/>COR DA H\u00c9LICE-PRETA<br \/>CHAVE DE CONTROLE DE VELOCIDADE &#8211; DIMMER<br \/>VELOCIDADE-03<br \/>INCLINA\u00c7\u00c3O REGUL\u00c1VEL<br \/>ALTURA-1,00M A 1,70M<br \/>POT\u00caNCIA-140W<br \/>RPM-1200<br \/>TENS\u00c3O-BIVOLT<br \/>GARANTIA-12 MESES<\/span><\/p>\n<\/div>\n<\/li>\n<li>\n<p>        <img decoding=\"async\" src=\"\/novo\/wp-content\/uploads\/2025\/12\/5384-q255qohjlh.webp\" alt=\"\"><\/p>\n<h3>VENTILADOR COLUNA 40CM VS TURBO 6P PRETO<\/h3>\n<div>\n<p><span>VENTILADOR COLUNA 40CM VS TURBO 6P PRETO<br \/>GRADE-PP<br \/>DI\u00c2METRO DA GRADE-40CM<br \/>DI\u00c2METRO DA H\u00c9LICE-38CM<br \/>N\u00ba DE H\u00c9LICE-6<br \/>COR DA H\u00c9LICE-PRATA<br \/>CHAVE DE CONTROLE DE VELOCIDADE<br \/>VELOCIDADE-03<br \/>INCLINA\u00c7\u00c3O REGUL\u00c1VEL<br \/>ALTURA-121CM<br \/>80W<br \/>RPM-1500<br \/>TENS\u00c3O-127V<br \/>GARANTIA-12 MESES<\/span><\/p>\n<\/div>\n<\/li>\n<li>\n<p>        <img decoding=\"async\" src=\"\/novo\/wp-content\/uploads\/2025\/12\/5723-rxti55fxn8.webp\" alt=\"\"><\/p>\n<h3>VENTILADOR OSCILANTE DE COLUNA 65CM QCNY PRETO<\/h3>\n<div>\n<p><span>VENTILADOR OSCILANTE DE COLUNA 65CM QCNY PRETO<br \/>-DI\u00c2METRO GRADE-650MM<br \/>-GRADE-POLIAMIDA 66+30% F.V<br \/>-FIXA\u00c7\u00c3O DA H\u00c9LICE- ROSCA ESQUERDA<br \/>-PARAFUSOS PARA TRAVAR AS GRADES-5 M4<br \/>-GRADE REMOV\u00cdVEL<br \/>-N\u00ba DE H\u00c9LICE-3<br \/>-DI\u00c2METRO DAS HELICES-<br \/>-COR DAS H\u00c9LICES-PRETA<br \/>-DIRE\u00c7\u00c3O FLUXO DO AR-REGUL\u00c1VEL ATRAV\u00c9S DE PARAFUSO<br \/>-FLUXO DE AR-FIXO OU OSCILANTE<br \/>-POT\u00caNCIA-95W<br \/>-ROTA\u00c7\u00c3O-CHAVE DE CONTROLE 0 A 1150RPM (INDEPENDENTE)<br \/>-FREQU\u00caNCIA-60HZ<br \/>-CORRENTE M\u00c1XIMA-1,30\/0,7A<br \/>-CABO DE LIGA\u00c7\u00c3O-CABO PP(2X0,50) C0M 340MM DE COMPRIMENTO<br \/>-MANCALIZA\u00c7\u00c3O-ROLAMENTOS 6202ZZ<br \/>-(DUPLA BLINDAGEM COM LUBRIFICA\u00c7\u00c3O PERMANTE)<br \/>-PROTETOR TERMICO-TERMOPROTETOR<br \/>-CABO DE LIGA\u00c7\u00c3O-CABO PP COM PLUG(2X0,50X1,80)<br \/>\u00a0-ISOLA\u00c7\u00c3O FIO MAGN\u00c9TICO-CLASSE 155\u00b0C (FIO DE COBRE)<br \/>-ISOLA\u00c7\u00c3O DO MOTOR-CLASSE B<br \/>-ALTURA TOTAL-2,05M<br \/>-\u00c1REA DE VENTILA\u00c7\u00c3O-60M\u00b2<br \/>-TENS\u00c3O-BIVOLT-(CHAVE SELETORA)<br \/>-GARANTIA-2 ANOS<br \/>OBS:APARELHO EQUIPADO COM SISTEMA STOP OSCILA\u00c7\u00c3O<br \/>&#8211; Bivolt: Necess\u00e1rio escolher a voltagem na chave seletora do produto.<\/span><\/p>\n<\/div>\n<\/li>\n<li>\n<p>        <img decoding=\"async\" src=\"\/novo\/wp-content\/uploads\/2025\/12\/6024-nr09upik2e.webp\" alt=\"\"><\/p>\n<h3>VENTILADOR OSCILANTE DE COLUNA 50cm VN PRETO BIVOLT<\/h3>\n<div>\n<p><span>Ventilador OSCILANTE DE COLUNA 50CM VN PRETO BIVOLT<br \/>Detalhes t\u00e9cnicos:<br \/>&#8211; voltagem: bivolt<br \/>&#8211; controle de velocidade rotativo<br \/>&#8211; h\u00e9lice 6 p\u00e1s em polipropileno<br \/>&#8211; di\u00e2metro da grade 50cm POLIPROPILENO<br \/>&#8211; grade A\u00e7o 156 Ar<br \/>&#8211; altura 1.60m<br \/>&#8211; peso 7,10 Kg<br \/>&#8211; pot\u00eancia: 190 W<br \/>&#8211; velocidade: 1.430 rpm<br \/>&#8211; vaz\u00e3o: 1,081 m3\/s<br \/>&#8211; Bivolt<\/span><\/p>\n<\/div>\n<\/li>\n<li>\n<p>        <img decoding=\"async\" src=\"\/novo\/wp-content\/uploads\/2025\/12\/4997-ceeh0xd98a.webp\" alt=\"\"><\/p>\n<h3>VENTILADOR OSCILANTE DE COLUNA 67CM Q670C PRETO<\/h3>\n<div>\n<p><span>VENTILADOR OSCILANTE DE COLUNA 67CM Q670C PRETO<br \/>-DI\u00c2METRO GRADE-670MM<br \/>-FIXA\u00c7\u00c3O DA H\u00c9LICE- ROSCA ESQUERDA<br \/>-N\u00ba DE H\u00c9LICE-3<br \/>-DI\u00c2METRO DAS HELICES-670MM<br \/>-COR DAS H\u00c9LICES-PRETA<br \/>-FLUXO DE AR-FIXO OU OSCILANTE<br \/>-POT\u00caNCIA-110W<br \/>-ROTA\u00c7\u00c3O-CHAVE DE CONTROLE 0 A 1150RPM (INDEPENDENTE)<br \/>-FREQU\u00caNCIA-60HZ<br \/>-CORRENTE M\u00c1XIMA-1,2\/0,6A<br \/>-MANCALIZA\u00c7\u00c3O-ROLAMENTOS 6202ZZ<br \/>-(DUPLA BLINDAGEM COM LUBRIFICA\u00c7\u00c3O PERMANTE)<br \/>-PROTETOR TERMICO-TERMOPROTETOR<br \/>-CABO DE LIGA\u00c7\u00c3O-CABO PP COM PLUG(2X0,75X1,80)<br \/>-ISOLA\u00c7\u00c3O FIO MAGN\u00c9TICO-CLASSE 155\u00b0C (FIO DE COBRE)<br \/>-ISOLA\u00c7\u00c3O DO MOTOR-CLASSE B<br \/>-ALTURA TOTAL-2,05M<br \/>-\u00c1REA DE VENTILA\u00c7\u00c3O-70M\u00b2<br \/>-TENS\u00c3O-BIVOLT-(CHAVE SELETORA)<br \/>-GARANTIA-2 ANOS<br \/>-OSCILA\u00c7\u00c3O<br \/>&#8211; Bivolt: Necess\u00e1rio escolher a voltagem na chave seletora do produto.<\/span><\/p>\n<\/div>\n<\/li>\n<li>\n<p>        <img decoding=\"async\" src=\"\/novo\/wp-content\/uploads\/2025\/12\/4786-vhrxl33zv9.webp\" alt=\"\"><\/p>\n<h3>VENTILADOR OSCILANTE VCL 65CM PRETO\/CROMADO<\/h3>\n<div>\n<p><span>VENTILADOR OSCILANTE VCL 65CM VS PRETO\/CROMADO<br \/>-DI\u00c2METRO GRADE-65CM CROMADA<br \/>-DIMENS\u00d5ES-65CM<br \/>-DI\u00c2METRO DA H\u00c9LICE-54CM<br \/>-POT\u00caNCIA-150\/147W<br \/>-ROTA\u00c7A\u00d5-600\/1500<br \/>-RU\u00cdDO-72dBA<br \/>-CONSUMO DE ENERGIA-3,96 (CONSUMO MENSAL PARA USO DE 1 HORA )NA VELOCIDADE ALTA (kw\/h\/m\u00eas)<br \/>-COMPRIMENTO COLUNA-2,10M<br \/>-VAZ\u00c3O-0,98 (m\u00b3\/s)<br \/>-TENS\u00c3O-127\/220V<br \/>-GARANTIA-2 ANOS<br \/>-BIVOLT<\/span><\/p>\n<\/div>\n<\/li>\n<\/ul>\n<p><!--more--><br \/>\n<!-- {\"type\":\"layout\",\"children\":[{\"type\":\"section\",\"props\":{\"image_position\":\"center-center\",\"padding\":\"small\",\"style\":\"primary\",\"title_breakpoint\":\"xl\",\"title_position\":\"top-left\",\"title_rotation\":\"left\",\"vertical_align\":\"middle\",\"width\":\"default\"},\"children\":[{\"type\":\"row\",\"props\":{\"layout\":\"1-2,1-2\"},\"children\":[{\"type\":\"column\",\"props\":{\"image_position\":\"center-center\",\"position_sticky_breakpoint\":\"m\",\"width_medium\":\"1-2\"},\"children\":[{\"type\":\"image\",\"props\":{\"image\":\"wp-content\\\/uploads\\\/2025\\\/07\\\/cdv-logo-inv-2.svg\",\"image_svg_color\":\"emphasis\",\"image_width\":240,\"link\":\"https:\\\/\\\/casadovento.com.br\\\/\",\"margin\":\"default\"}}]},{\"type\":\"column\",\"props\":{\"image_position\":\"center-center\",\"position_sticky_breakpoint\":\"m\",\"width_medium\":\"1-2\"},\"children\":[{\"type\":\"module\",\"props\":{\"menu_image_align\":\"center\",\"menu_image_margin\":true,\"menu_style\":\"default\",\"menu_type\":\"subnav\",\"text_align\":\"right\",\"type\":\"builderwidget\",\"widget\":\"builderwidget-2\"}}]}]}]},{\"type\":\"section\",\"props\":{\"image_position\":\"center-center\",\"padding\":\"large\",\"style\":\"default\",\"title_breakpoint\":\"xl\",\"title_position\":\"top-left\",\"title_rotation\":\"left\",\"vertical_align\":\"middle\",\"video\":\"wp-content\\\/uploads\\\/2025\\\/11\\\/video-produto-coluna.mp4\",\"width\":\"default\"},\"children\":[{\"type\":\"row\",\"children\":[{\"type\":\"column\",\"props\":{\"image_position\":\"center-center\",\"position_sticky_breakpoint\":\"m\"},\"children\":[{\"type\":\"headline\",\"props\":{\"content\":\"Ventilador de Coluna\",\"margin_remove_bottom\":true,\"text_align\":\"center\",\"title_element\":\"h1\",\"title_font_family\":\"secondary\",\"title_style\":\"heading-large\"}},{\"type\":\"headline\",\"props\":{\"content\":\"Versatilidade e pot\\u00eancia\",\"margin_remove_top\":true,\"text_align\":\"center\",\"title_color\":\"secondary\",\"title_element\":\"h1\",\"title_font_family\":\"tertiary\",\"title_style\":\"heading-medium\"},\"name\":\"texto secundario\"}]}]},{\"type\":\"row\",\"props\":{\"layout\":\"1-2,1-2\",\"margin\":\"large\"},\"children\":[{\"type\":\"column\",\"props\":{\"image_position\":\"center-center\",\"position_sticky_breakpoint\":\"m\",\"width_medium\":\"1-2\"},\"children\":[{\"type\":\"slideshow\",\"props\":{\"blend\":false,\"content_expand\":false,\"link_style\":\"default\",\"link_text\":\"Read more\",\"margin\":\"default\",\"meta_align\":\"below-title\",\"meta_element\":\"div\",\"meta_style\":\"text-meta\",\"nav\":\"\",\"nav_align\":\"center\",\"nav_breakpoint\":\"s\",\"nav_position\":\"bottom-center\",\"nav_position_margin\":\"medium\",\"overlay_animation\":\"parallax\",\"overlay_position\":\"center-left\",\"show_content\":false,\"show_link\":false,\"show_meta\":false,\"show_thumbnail\":false,\"show_title\":false,\"slidenav\":\"default\",\"slidenav_breakpoint\":\"s\",\"slidenav_margin\":\"medium\",\"slidenav_outside_breakpoint\":\"xl\",\"slideshow_animation\":\"fade\",\"slideshow_autoplay\":true,\"slideshow_autoplay_interval\":\"3\",\"slideshow_autoplay_pause\":true,\"slideshow_box_shadow\":\"small\",\"slideshow_min_height\":300,\"slideshow_ratio\":\"960:640\",\"thumbnav_height\":\"75\",\"thumbnav_svg_color\":\"emphasis\",\"thumbnav_width\":\"100\",\"title_element\":\"h3\",\"title_hover_style\":\"reset\"},\"children\":[{\"type\":\"slideshow_item\",\"props\":{\"image\":\"wp-content\\\/uploads\\\/2025\\\/11\\\/coluna-01.jpg\",\"title\":\"coluna-01\"}},{\"type\":\"slideshow_item\",\"props\":{\"image\":\"wp-content\\\/uploads\\\/2025\\\/11\\\/coluna-02.jpg\",\"title\":\"coluna-02\"}},{\"type\":\"slideshow_item\",\"props\":{\"image\":\"wp-content\\\/uploads\\\/2025\\\/11\\\/coluna-03.jpg\",\"title\":\"coluna-03\"}}]}]},{\"type\":\"column\",\"props\":{\"image_position\":\"center-center\",\"position_sticky_breakpoint\":\"m\",\"style\":\"card-default\",\"vertical_align\":\"middle\",\"width_medium\":\"1-2\"},\"children\":[{\"type\":\"text\",\"props\":{\"block_align\":\"center\",\"column_breakpoint\":\"m\",\"content\":\"O ventilador de coluna oferece uma combina\\u00e7\\u00e3o de pot\\u00eancia, praticidade e versatilidade, tornando-se uma excelente op\\u00e7\\u00e3o para ventilar diferentes ambientes. Sua altura ajust\\u00e1vel permite direcionar o fluxo de ar com precis\\u00e3o, enquanto sua base elevada favorece a circula\\u00e7\\u00e3o mesmo em espa\\u00e7os mais amplos. Al\\u00e9m disso, muitos modelos contam com oscila\\u00e7\\u00e3o horizontal e m\\u00faltiplas velocidades, garantindo conforto personalizado. Por ser port\\u00e1til e f\\u00e1cil de mover, o ventilador de coluna tamb\\u00e9m \\u00e9 ideal para quem deseja refrescar c\\u00f4modos distintos sem precisar de instala\\u00e7\\u00e3o fixa.\\n\",\"margin\":\"default\"}}]}]}]},{\"type\":\"section\",\"props\":{\"image_position\":\"center-center\",\"style\":\"default\",\"title_breakpoint\":\"xl\",\"title_position\":\"top-left\",\"title_rotation\":\"left\",\"vertical_align\":\"middle\",\"width\":\"default\"},\"children\":[{\"type\":\"row\",\"children\":[{\"type\":\"column\",\"props\":{\"image_position\":\"center-center\",\"position_sticky_breakpoint\":\"m\"},\"children\":[{\"type\":\"headline\",\"props\":{\"content\":\"Veja mais\",\"margin_remove_bottom\":false,\"text_align\":\"center\",\"title_element\":\"h1\",\"title_font_family\":\"secondary\",\"title_style\":\"heading-large\"}}]}]},{\"type\":\"row\",\"children\":[{\"type\":\"column\",\"props\":{\"image_position\":\"center-center\",\"position_sticky_breakpoint\":\"m\"},\"children\":[{\"type\":\"grid\",\"props\":{\"content_column_breakpoint\":\"m\",\"content_display\":\"lightbox\",\"filter_align\":\"left\",\"filter_all\":true,\"filter_grid_breakpoint\":\"m\",\"filter_grid_width\":\"auto\",\"filter_position\":\"top\",\"filter_style\":\"tab\",\"grid_default\":\"1\",\"grid_medium\":\"4\",\"grid_small\":\"2\",\"icon_width\":80,\"image_align\":\"top\",\"image_border\":\"rounded\",\"image_box_shadow\":\"medium\",\"image_grid_breakpoint\":\"m\",\"image_grid_width\":\"1-2\",\"image_svg_color\":\"emphasis\",\"item_animation\":true,\"lightbox\":true,\"lightbox_bg_close\":true,\"link_style\":\"primary\",\"link_text\":\"VEJA MAIS &nbsp;<span uk-icon=\\\"icon:  plus-circle\\\"><\\\/span>\",\"margin\":\"default\",\"meta_align\":\"below-title\",\"meta_element\":\"div\",\"meta_style\":\"text-meta\",\"panel_link\":true,\"show_content\":true,\"show_hover_image\":true,\"show_hover_video\":true,\"show_image\":true,\"show_link\":true,\"show_meta\":true,\"show_title\":true,\"show_video\":true,\"text_align\":\"center\",\"title_align\":\"top\",\"title_element\":\"h3\",\"title_grid_breakpoint\":\"m\",\"title_grid_width\":\"1-2\",\"title_hover_style\":\"reset\",\"title_style\":\"h5\"},\"children\":[{\"type\":\"grid_item\",\"props\":{\"content\":\"\n\n<p><span>VENTILADOR OSCILANTE DE COLUNA 60cm VN PRETO BIVOLT<br \\\/>O Ventilador de Coluna Pedestal 60cm New 630 - Vent New \\u00e9 ideal para refrescar qualquer ambiente.<br \\\/>Detalhes t\\u00e9cnicos:<br \\\/>- voltagem: bivolt<br \\\/>- controle de velocidade rotativo<br \\\/>- h\\u00e9lice 3 p\\u00e1s em polipropileno<br \\\/>- di\\u00e2metro da grade 60cm aramado preto<br \\\/>- grade A\\u00e7o 156 Ar<br \\\/>- altura 1.60m<br \\\/>- peso 7,10 Kg<br \\\/>- pot\\u00eancia: 190 W<br \\\/>- velocidade: 1.430 rpm<br \\\/>- vaz\\u00e3o: 1,081 m3\\\/s<\\\/span><\\\/p>\\n\n\n<p>- Bivolt: Necess\\u00e1rio escolher a voltagem na chave seletora do produto.<\\\/p>\",\"image\":\"wp-content\\\/uploads\\\/2025\\\/12\\\/5469-wtudfxz3oe.webp\",\"title\":\"VENTILADOR OSCILANTE DE COLUNA 60cm VN PRETO BIVOLT\"}},{\"type\":\"grid_item\",\"props\":{\"content\":\"\n\n<p><span>VENTILADOR COLUNA 60CM 3H TR PRETO GRADE-PP<br \\\/>DI\\u00c2METRO DA GRADE-60CM<br \\\/>DI\\u00c2METRO DA H\\u00c9LICE-52CM<br \\\/>N\\u00ba DE H\\u00c9LICE-3<br \\\/>COR DA H\\u00c9LICE-PRETA<br \\\/>CHAVE DE CONTROLE DE VELOCIDADE - DIMMER<br \\\/>VELOCIDADE-03<br \\\/>INCLINA\\u00c7\\u00c3O REGUL\\u00c1VEL<br \\\/>ALTURA-1,00M A 1,70M<br \\\/>POT\\u00caNCIA-140W<br \\\/>RPM-1200<br \\\/>TENS\\u00c3O-BIVOLT<br \\\/>GARANTIA-12 MESES<\\\/span><\\\/p>\",\"image\":\"wp-content\\\/uploads\\\/2025\\\/12\\\/5037-xdpjvrwz37.webp\",\"title\":\"VENTILADOR COLUNA 60CM 3H TR PRETO\"}},{\"type\":\"grid_item\",\"props\":{\"content\":\"\n\n<p><span>VENTILADOR COLUNA 40CM VS TURBO 6P PRETO<br \\\/>GRADE-PP<br \\\/>DI\\u00c2METRO DA GRADE-40CM<br \\\/>DI\\u00c2METRO DA H\\u00c9LICE-38CM<br \\\/>N\\u00ba DE H\\u00c9LICE-6<br \\\/>COR DA H\\u00c9LICE-PRATA<br \\\/>CHAVE DE CONTROLE DE VELOCIDADE<br \\\/>VELOCIDADE-03<br \\\/>INCLINA\\u00c7\\u00c3O REGUL\\u00c1VEL<br \\\/>ALTURA-121CM<br \\\/>80W<br \\\/>RPM-1500<br \\\/>TENS\\u00c3O-127V<br \\\/>GARANTIA-12 MESES<\\\/span><\\\/p>\",\"image\":\"wp-content\\\/uploads\\\/2025\\\/12\\\/5384-q255qohjlh.webp\",\"title\":\"VENTILADOR COLUNA 40CM VS TURBO 6P PRETO\"}},{\"type\":\"grid_item\",\"props\":{\"content\":\"\n\n<p><span>VENTILADOR OSCILANTE DE COLUNA 65CM QCNY PRETO<br \\\/>-DI\\u00c2METRO GRADE-650MM<br \\\/>-GRADE-POLIAMIDA 66+30% F.V<br \\\/>-FIXA\\u00c7\\u00c3O DA H\\u00c9LICE- ROSCA ESQUERDA<br \\\/>-PARAFUSOS PARA TRAVAR AS GRADES-5 M4<br \\\/>-GRADE REMOV\\u00cdVEL<br \\\/>-N\\u00ba DE H\\u00c9LICE-3<br \\\/>-DI\\u00c2METRO DAS HELICES-<br \\\/>-COR DAS H\\u00c9LICES-PRETA<br \\\/>-DIRE\\u00c7\\u00c3O FLUXO DO AR-REGUL\\u00c1VEL ATRAV\\u00c9S DE PARAFUSO<br \\\/>-FLUXO DE AR-FIXO OU OSCILANTE<br \\\/>-POT\\u00caNCIA-95W<br \\\/>-ROTA\\u00c7\\u00c3O-CHAVE DE CONTROLE 0 A 1150RPM (INDEPENDENTE)<br \\\/>-FREQU\\u00caNCIA-60HZ<br \\\/>-CORRENTE M\\u00c1XIMA-1,30\\\/0,7A<br \\\/>-CABO DE LIGA\\u00c7\\u00c3O-CABO PP(2X0,50) C0M 340MM DE COMPRIMENTO<br \\\/>-MANCALIZA\\u00c7\\u00c3O-ROLAMENTOS 6202ZZ<br \\\/>-(DUPLA BLINDAGEM COM LUBRIFICA\\u00c7\\u00c3O PERMANTE)<br \\\/>-PROTETOR TERMICO-TERMOPROTETOR<br \\\/>-CABO DE LIGA\\u00c7\\u00c3O-CABO PP COM PLUG(2X0,50X1,80)<br \\\/>\\u00a0-ISOLA\\u00c7\\u00c3O FIO MAGN\\u00c9TICO-CLASSE 155\\u00b0C (FIO DE COBRE)<br \\\/>-ISOLA\\u00c7\\u00c3O DO MOTOR-CLASSE B<br \\\/>-ALTURA TOTAL-2,05M<br \\\/>-\\u00c1REA DE VENTILA\\u00c7\\u00c3O-60M\\u00b2<br \\\/>-TENS\\u00c3O-BIVOLT-(CHAVE SELETORA)<br \\\/>-GARANTIA-2 ANOS<br \\\/>OBS:APARELHO EQUIPADO COM SISTEMA STOP OSCILA\\u00c7\\u00c3O<br \\\/>- Bivolt: Necess\\u00e1rio escolher a voltagem na chave seletora do produto.<\\\/span><\\\/p>\",\"image\":\"wp-content\\\/uploads\\\/2025\\\/12\\\/5723-rxti55fxn8.webp\",\"title\":\"VENTILADOR OSCILANTE DE COLUNA 65CM QCNY PRETO\"}},{\"type\":\"grid_item\",\"props\":{\"content\":\"\n\n<p><span>Ventilador OSCILANTE DE COLUNA 50CM VN PRETO BIVOLT<br \\\/>Detalhes t\\u00e9cnicos:<br \\\/>- voltagem: bivolt<br \\\/>- controle de velocidade rotativo<br \\\/>- h\\u00e9lice 6 p\\u00e1s em polipropileno<br \\\/>- di\\u00e2metro da grade 50cm POLIPROPILENO<br \\\/>- grade A\\u00e7o 156 Ar<br \\\/>- altura 1.60m<br \\\/>- peso 7,10 Kg<br \\\/>- pot\\u00eancia: 190 W<br \\\/>- velocidade: 1.430 rpm<br \\\/>- vaz\\u00e3o: 1,081 m3\\\/s<br \\\/>- Bivolt<\\\/span><\\\/p>\",\"image\":\"wp-content\\\/uploads\\\/2025\\\/12\\\/6024-nr09upik2e.webp\",\"title\":\"VENTILADOR OSCILANTE DE COLUNA 50cm VN PRETO BIVOLT\"}},{\"type\":\"grid_item\",\"props\":{\"content\":\"\n\n<p><span>VENTILADOR OSCILANTE DE COLUNA 67CM Q670C PRETO<br \\\/>-DI\\u00c2METRO GRADE-670MM<br \\\/>-FIXA\\u00c7\\u00c3O DA H\\u00c9LICE- ROSCA ESQUERDA<br \\\/>-N\\u00ba DE H\\u00c9LICE-3<br \\\/>-DI\\u00c2METRO DAS HELICES-670MM<br \\\/>-COR DAS H\\u00c9LICES-PRETA<br \\\/>-FLUXO DE AR-FIXO OU OSCILANTE<br \\\/>-POT\\u00caNCIA-110W<br \\\/>-ROTA\\u00c7\\u00c3O-CHAVE DE CONTROLE 0 A 1150RPM (INDEPENDENTE)<br \\\/>-FREQU\\u00caNCIA-60HZ<br \\\/>-CORRENTE M\\u00c1XIMA-1,2\\\/0,6A<br \\\/>-MANCALIZA\\u00c7\\u00c3O-ROLAMENTOS 6202ZZ<br \\\/>-(DUPLA BLINDAGEM COM LUBRIFICA\\u00c7\\u00c3O PERMANTE)<br \\\/>-PROTETOR TERMICO-TERMOPROTETOR<br \\\/>-CABO DE LIGA\\u00c7\\u00c3O-CABO PP COM PLUG(2X0,75X1,80)<br \\\/>-ISOLA\\u00c7\\u00c3O FIO MAGN\\u00c9TICO-CLASSE 155\\u00b0C (FIO DE COBRE)<br \\\/>-ISOLA\\u00c7\\u00c3O DO MOTOR-CLASSE B<br \\\/>-ALTURA TOTAL-2,05M<br \\\/>-\\u00c1REA DE VENTILA\\u00c7\\u00c3O-70M\\u00b2<br \\\/>-TENS\\u00c3O-BIVOLT-(CHAVE SELETORA)<br \\\/>-GARANTIA-2 ANOS<br \\\/>-OSCILA\\u00c7\\u00c3O<br \\\/>- Bivolt: Necess\\u00e1rio escolher a voltagem na chave seletora do produto.<\\\/span><\\\/p>\",\"image\":\"wp-content\\\/uploads\\\/2025\\\/12\\\/4997-ceeh0xd98a.webp\",\"title\":\"VENTILADOR OSCILANTE DE COLUNA 67CM Q670C PRETO\"}},{\"type\":\"grid_item\",\"props\":{\"content\":\"\n\n<p><span>VENTILADOR OSCILANTE VCL 65CM VS PRETO\\\/CROMADO<br \\\/>-DI\\u00c2METRO GRADE-65CM CROMADA<br \\\/>-DIMENS\\u00d5ES-65CM<br \\\/>-DI\\u00c2METRO DA H\\u00c9LICE-54CM<br \\\/>-POT\\u00caNCIA-150\\\/147W<br \\\/>-ROTA\\u00c7A\\u00d5-600\\\/1500<br \\\/>-RU\\u00cdDO-72dBA<br \\\/>-CONSUMO DE ENERGIA-3,96 (CONSUMO MENSAL PARA USO DE 1 HORA )NA VELOCIDADE ALTA (kw\\\/h\\\/m\\u00eas)<br \\\/>-COMPRIMENTO COLUNA-2,10M<br \\\/>-VAZ\\u00c3O-0,98 (m\\u00b3\\\/s)<br \\\/>-TENS\\u00c3O-127\\\/220V<br \\\/>-GARANTIA-2 ANOS<br \\\/>-BIVOLT<\\\/span><\\\/p>\",\"image\":\"wp-content\\\/uploads\\\/2025\\\/12\\\/4786-vhrxl33zv9.webp\",\"title\":\"VENTILADOR OSCILANTE VCL 65CM PRETO\\\/CROMADO\"}}],\"name\":\"GRID-PRODUTOS\"}]}]}]}],\"version\":\"4.5.23\"} --><\/p>\n","protected":false},"excerpt":{"rendered":"<p>Ventilador de Coluna Versatilidade e pot\u00eancia coluna-01 coluna-02 coluna-03 O ventilador de coluna oferece uma combina\u00e7\u00e3o de pot\u00eancia, praticidade e versatilidade, tornando-se uma excelente op\u00e7\u00e3o para ventilar diferentes ambientes. Sua altura ajust\u00e1vel permite direcionar o fluxo de ar com precis\u00e3o, enquanto sua base elevada favorece a circula\u00e7\u00e3o mesmo em espa\u00e7os mais amplos. Al\u00e9m disso, muitos [&hellip;]<\/p>\n","protected":false},"author":1,"featured_media":0,"parent":0,"menu_order":0,"comment_status":"closed","ping_status":"closed","template":"","meta":{"_joinchat":[],"footnotes":""},"class_list":["post-249","page","type-page","status-publish","hentry"],"_links":{"self":[{"href":"https:\/\/casadovento.com.br\/novo\/wp-json\/wp\/v2\/pages\/249","targetHints":{"allow":["GET"]}}],"collection":[{"href":"https:\/\/casadovento.com.br\/novo\/wp-json\/wp\/v2\/pages"}],"about":[{"href":"https:\/\/casadovento.com.br\/novo\/wp-json\/wp\/v2\/types\/page"}],"author":[{"embeddable":true,"href":"https:\/\/casadovento.com.br\/novo\/wp-json\/wp\/v2\/users\/1"}],"replies":[{"embeddable":true,"href":"https:\/\/casadovento.com.br\/novo\/wp-json\/wp\/v2\/comments?post=249"}],"version-history":[{"count":13,"href":"https:\/\/casadovento.com.br\/novo\/wp-json\/wp\/v2\/pages\/249\/revisions"}],"predecessor-version":[{"id":644,"href":"https:\/\/casadovento.com.br\/novo\/wp-json\/wp\/v2\/pages\/249\/revisions\/644"}],"wp:attachment":[{"href":"https:\/\/casadovento.com.br\/novo\/wp-json\/wp\/v2\/media?parent=249"}],"curies":[{"name":"wp","href":"https:\/\/api.w.org\/{rel}","templated":true}]}}