{"id":190,"date":"2025-10-29T15:03:50","date_gmt":"2025-10-29T18:03:50","guid":{"rendered":"https:\/\/casadovento.com.br\/novo\/?page_id=190"},"modified":"2025-11-14T16:02:36","modified_gmt":"2025-11-14T19:02:36","slug":"ventilador-orbital","status":"publish","type":"page","link":"https:\/\/casadovento.com.br\/novo\/ventilador-orbital\/","title":{"rendered":"Ventilador Orbital"},"content":{"rendered":"<p><a href=\"https:\/\/casadovento.com.br\/\"><img decoding=\"async\" src=\"\/novo\/wp-content\/uploads\/2025\/07\/cdv-logo-inv-2.svg\" alt=\"\"><\/a><\/p>\n<h1>Ventilador Orbital<\/h1>\n<h1>Tecnologia com design<\/h1>\n<ul>\n<li>\n<p>        <img decoding=\"async\" src=\"\/novo\/wp-content\/uploads\/2025\/10\/orbital-01.jpg\" alt=\"\"><\/p>\n<h3>retratil-03<\/h3>\n<\/li>\n<li>\n<p>        <img decoding=\"async\" src=\"\/novo\/wp-content\/uploads\/2025\/10\/orbital-02.jpg\" alt=\"\"><\/p>\n<\/li>\n<\/ul>\n<div>O ventilador de teto orbital oferece a vantagem de distribuir o ar de forma mais ampla e uniforme pelo ambiente, gra\u00e7as ao seu movimento oscilante que alcan\u00e7a diferentes dire\u00e7\u00f5es. Esse tipo de ventilador proporciona uma ventila\u00e7\u00e3o mais eficiente, evitando \u00e1reas com ar parado e garantindo maior conforto t\u00e9rmico. Al\u00e9m disso, seu funcionamento \u00e9 silencioso e econ\u00f4mico, ideal para uso cont\u00ednuo em resid\u00eancias e espa\u00e7os comerciais. O design fixo no teto tamb\u00e9m contribui para otimizar o espa\u00e7o, mantendo o ambiente organizado e livre de obst\u00e1culos.<\/div>\n<h1>Veja mais<\/h1>\n<p><img decoding=\"async\" src=\"\/novo\/wp-content\/uploads\/2025\/10\/001-black-ivory.jpg\" alt=\"\"><\/p>\n<h1>AIR BLACK IVORY | Plafon e Ventilador Orbital<\/h1>\n<p><p>\n        VEJA MAIS    <\/p>\n<div>\n<p>Pot\u00eancia: 40W<br \/>\nFrequ\u00eancia: 50\/60Hz<br \/>\nFator de Pot\u00eancia: \uff1e0.6<br \/>\nCorrente m\u00e1xima: 0.765A<br \/>\nTens\u00e3o: 100-240V<br \/>\nTipo de tens\u00e3o: Bivolt<br \/>\nTemperatura de cor: Multicor<br \/>\nFluxo luminoso: 2600lm<br \/>\n\u00c2ngulo: 120\u00b0<br \/>\nIRC: >80<br \/>\nDimeriz\u00e1vel: Sim<br \/>\nGrau de Prote\u00e7\u00e3o: IP20<br \/>\nCor: Preto<br \/>\nPeso: 2.87kg<br \/>\nDimens\u00f5es: \u2205500 x 200mm<br \/>\nGarantia: 2 anos<\/p>\n<\/div>\n<p><img decoding=\"async\" src=\"\/novo\/wp-content\/uploads\/2025\/10\/002-air-ivory.jpg\" alt=\"\"><\/p>\n<h1>AIR IVORY | Plafon e Ventilador Orbital<\/h1>\n<p><p>\n        VEJA MAIS    <\/p>\n<div>\n<p>Pot\u00eancia: 40W<br \/>\nFrequ\u00eancia: 50\/60Hz<br \/>\nFator de Pot\u00eancia: \uff1e0.6<br \/>\nCorrente m\u00e1xima: 0.765A<br \/>\nTens\u00e3o: 100-240V<br \/>\nTipo de tens\u00e3o: Bivolt<br \/>\nTemperatura de cor: Multicor<br \/>\nFluxo luminoso: 2600lm<br \/>\n\u00c2ngulo: 120\u00b0<br \/>\nIRC: >80<br \/>\nDimeriz\u00e1vel: Sim<br \/>\nGrau de Prote\u00e7\u00e3o: IP20<br \/>\nCor: Branco<br \/>\nPeso: 2.87kg<br \/>\nDimens\u00f5es: \u2205500 x 200mm<br \/>\nGarantia: 2 anos<\/p>\n<\/div>\n<p><!--more--><br \/>\n<!-- {\"type\":\"layout\",\"children\":[{\"type\":\"section\",\"props\":{\"image_position\":\"center-center\",\"padding\":\"small\",\"style\":\"primary\",\"title_breakpoint\":\"xl\",\"title_position\":\"top-left\",\"title_rotation\":\"left\",\"vertical_align\":\"middle\",\"width\":\"default\"},\"children\":[{\"type\":\"row\",\"props\":{\"layout\":\"1-2,1-2\"},\"children\":[{\"type\":\"column\",\"props\":{\"image_position\":\"center-center\",\"position_sticky_breakpoint\":\"m\",\"width_medium\":\"1-2\"},\"children\":[{\"type\":\"image\",\"props\":{\"image\":\"wp-content\\\/uploads\\\/2025\\\/07\\\/cdv-logo-inv-2.svg\",\"image_svg_color\":\"emphasis\",\"image_width\":240,\"link\":\"https:\\\/\\\/casadovento.com.br\\\/\",\"margin\":\"default\"}}]},{\"type\":\"column\",\"props\":{\"image_position\":\"center-center\",\"position_sticky_breakpoint\":\"m\",\"width_medium\":\"1-2\"},\"children\":[{\"type\":\"module\",\"props\":{\"menu_image_align\":\"center\",\"menu_image_margin\":true,\"menu_style\":\"default\",\"menu_type\":\"subnav\",\"text_align\":\"right\",\"type\":\"builderwidget\",\"widget\":\"builderwidget-2\"}}]}]}]},{\"type\":\"section\",\"props\":{\"image_position\":\"center-center\",\"padding\":\"large\",\"style\":\"default\",\"title_breakpoint\":\"xl\",\"title_position\":\"top-left\",\"title_rotation\":\"left\",\"vertical_align\":\"middle\",\"video\":\"wp-content\\\/uploads\\\/2025\\\/10\\\/video-produto-bg-orbital.mp4\",\"width\":\"default\"},\"children\":[{\"type\":\"row\",\"children\":[{\"type\":\"column\",\"props\":{\"image_position\":\"center-center\",\"position_sticky_breakpoint\":\"m\"},\"children\":[{\"type\":\"headline\",\"props\":{\"content\":\"Ventilador Orbital\",\"margin_remove_bottom\":true,\"text_align\":\"center\",\"title_element\":\"h1\",\"title_font_family\":\"secondary\",\"title_style\":\"heading-large\"}},{\"type\":\"headline\",\"props\":{\"content\":\"Tecnologia com design\",\"margin_remove_top\":true,\"text_align\":\"center\",\"title_color\":\"secondary\",\"title_element\":\"h1\",\"title_font_family\":\"tertiary\",\"title_style\":\"heading-medium\"},\"name\":\"texto secundario\"}]}]},{\"type\":\"row\",\"props\":{\"layout\":\"1-2,1-2\",\"margin\":\"large\"},\"children\":[{\"type\":\"column\",\"props\":{\"image_position\":\"center-center\",\"position_sticky_breakpoint\":\"m\",\"width_medium\":\"1-2\"},\"children\":[{\"type\":\"slideshow\",\"props\":{\"blend\":false,\"content_expand\":false,\"link_style\":\"default\",\"link_text\":\"Read more\",\"margin\":\"default\",\"meta_align\":\"below-title\",\"meta_element\":\"div\",\"meta_style\":\"text-meta\",\"nav\":\"\",\"nav_align\":\"center\",\"nav_breakpoint\":\"s\",\"nav_position\":\"bottom-center\",\"nav_position_margin\":\"medium\",\"overlay_animation\":\"parallax\",\"overlay_position\":\"center-left\",\"show_content\":false,\"show_link\":false,\"show_meta\":false,\"show_thumbnail\":false,\"show_title\":false,\"slidenav\":\"default\",\"slidenav_breakpoint\":\"s\",\"slidenav_margin\":\"medium\",\"slidenav_outside_breakpoint\":\"xl\",\"slideshow_animation\":\"fade\",\"slideshow_autoplay\":true,\"slideshow_autoplay_interval\":\"3\",\"slideshow_autoplay_pause\":true,\"slideshow_box_shadow\":\"small\",\"slideshow_min_height\":300,\"slideshow_ratio\":\"960:640\",\"thumbnav_height\":\"75\",\"thumbnav_svg_color\":\"emphasis\",\"thumbnav_width\":\"100\",\"title_element\":\"h3\",\"title_hover_style\":\"reset\"},\"children\":[{\"type\":\"slideshow_item\",\"props\":{\"image\":\"wp-content\\\/uploads\\\/2025\\\/10\\\/orbital-01.jpg\",\"title\":\"retratil-03\"}},{\"type\":\"slideshow_item\",\"props\":{\"image\":\"wp-content\\\/uploads\\\/2025\\\/10\\\/orbital-02.jpg\"}}]}]},{\"type\":\"column\",\"props\":{\"image_position\":\"center-center\",\"position_sticky_breakpoint\":\"m\",\"style\":\"card-default\",\"vertical_align\":\"middle\",\"width_medium\":\"1-2\"},\"children\":[{\"type\":\"text\",\"props\":{\"block_align\":\"center\",\"column_breakpoint\":\"m\",\"content\":\"O ventilador de teto orbital oferece a vantagem de distribuir o ar de forma mais ampla e uniforme pelo ambiente, gra\\u00e7as ao seu movimento oscilante que alcan\\u00e7a diferentes dire\\u00e7\\u00f5es. Esse tipo de ventilador proporciona uma ventila\\u00e7\\u00e3o mais eficiente, evitando \\u00e1reas com ar parado e garantindo maior conforto t\\u00e9rmico. Al\\u00e9m disso, seu funcionamento \\u00e9 silencioso e econ\\u00f4mico, ideal para uso cont\\u00ednuo em resid\\u00eancias e espa\\u00e7os comerciais. O design fixo no teto tamb\\u00e9m contribui para otimizar o espa\\u00e7o, mantendo o ambiente organizado e livre de obst\\u00e1culos.\",\"margin\":\"default\"}}]}]}]},{\"type\":\"section\",\"props\":{\"image_position\":\"center-center\",\"style\":\"default\",\"title_breakpoint\":\"xl\",\"title_position\":\"top-left\",\"title_rotation\":\"left\",\"vertical_align\":\"middle\",\"width\":\"default\"},\"children\":[{\"type\":\"row\",\"children\":[{\"type\":\"column\",\"props\":{\"image_position\":\"center-center\",\"position_sticky_breakpoint\":\"m\"},\"children\":[{\"type\":\"headline\",\"props\":{\"content\":\"Veja mais\",\"margin_remove_bottom\":false,\"text_align\":\"center\",\"title_element\":\"h1\",\"title_font_family\":\"secondary\",\"title_style\":\"heading-large\"}}]}]},{\"type\":\"row\",\"children\":[{\"type\":\"column\",\"props\":{\"image_position\":\"center-center\",\"position_sticky_breakpoint\":\"m\",\"width_medium\":\"1-4\",\"width_small\":\"1-2\"}},{\"type\":\"column\",\"props\":{\"image_position\":\"center-center\",\"position_sticky_breakpoint\":\"m\",\"width_medium\":\"1-4\",\"width_small\":\"1-2\"},\"children\":[{\"type\":\"image\",\"props\":{\"image\":\"wp-content\\\/uploads\\\/2025\\\/10\\\/001-black-ivory.jpg\",\"image_border\":\"rounded\",\"image_box_shadow\":\"medium\",\"image_svg_color\":\"emphasis\",\"lightbox_height\":\"400\",\"lightbox_width\":\"400\",\"link_target\":\"modal\",\"margin\":\"default\",\"text_align\":\"center\"}},{\"type\":\"headline\",\"props\":{\"content\":\"AIR BLACK IVORY | Plafon e Ventilador Orbital\",\"text_align\":\"center\",\"title_element\":\"h1\",\"title_style\":\"h5\"}},{\"type\":\"button\",\"props\":{\"grid_column_gap\":\"small\",\"grid_row_gap\":\"small\",\"margin\":\"default\",\"text_align\":\"center\"},\"children\":[{\"type\":\"button_item\",\"props\":{\"button_style\":\"primary\",\"content\":\"VEJA MAIS\",\"dialog\":\"\n\n<p>Pot\\u00eancia: 40W<br \\\/>\\nFrequ\\u00eancia: 50\\\/60Hz<br \\\/>\\nFator de Pot\\u00eancia: \\uff1e0.6<br \\\/>\\nCorrente m\\u00e1xima: 0.765A<br \\\/>\\nTens\\u00e3o: 100-240V<br \\\/>\\nTipo de tens\\u00e3o: Bivolt<br \\\/>\\nTemperatura de cor: Multicor<br \\\/>\\nFluxo luminoso: 2600lm<br \\\/>\\n\\u00c2ngulo: 120\\u00b0<br \\\/>\\nIRC: >80<br \\\/>\\nDimeriz\\u00e1vel: Sim<br \\\/>\\nGrau de Prote\\u00e7\\u00e3o: IP20<br \\\/>\\nCor: Preto<br \\\/>\\nPeso: 2.87kg<br \\\/>\\nDimens\\u00f5es: \\u2205500 x 200mm<br \\\/>\\nGarantia: 2 anos<\\\/p>\",\"dialog_close_large\":true,\"dialog_close_outside\":false,\"dialog_layout\":\"modal\",\"dialog_offcanvas_flip\":true,\"icon\":\"plus-circle\",\"icon_align\":\"right\"}}]}]},{\"type\":\"column\",\"props\":{\"image_position\":\"center-center\",\"position_sticky_breakpoint\":\"m\",\"width_medium\":\"1-4\",\"width_small\":\"1-2\"},\"children\":[{\"type\":\"image\",\"props\":{\"image\":\"wp-content\\\/uploads\\\/2025\\\/10\\\/002-air-ivory.jpg\",\"image_border\":\"rounded\",\"image_box_shadow\":\"medium\",\"image_svg_color\":\"emphasis\",\"lightbox_height\":\"400\",\"lightbox_width\":\"400\",\"link_target\":\"modal\",\"margin\":\"default\",\"text_align\":\"center\"}},{\"type\":\"headline\",\"props\":{\"content\":\"AIR IVORY | Plafon e Ventilador Orbital\",\"text_align\":\"center\",\"title_element\":\"h1\",\"title_style\":\"h5\"}},{\"type\":\"button\",\"props\":{\"grid_column_gap\":\"small\",\"grid_row_gap\":\"small\",\"margin\":\"default\",\"text_align\":\"center\"},\"children\":[{\"type\":\"button_item\",\"props\":{\"button_style\":\"primary\",\"content\":\"VEJA MAIS\",\"dialog\":\"\n\n<p>Pot\\u00eancia: 40W<br \\\/>\\nFrequ\\u00eancia: 50\\\/60Hz<br \\\/>\\nFator de Pot\\u00eancia: \\uff1e0.6<br \\\/>\\nCorrente m\\u00e1xima: 0.765A<br \\\/>\\nTens\\u00e3o: 100-240V<br \\\/>\\nTipo de tens\\u00e3o: Bivolt<br \\\/>\\nTemperatura de cor: Multicor<br \\\/>\\nFluxo luminoso: 2600lm<br \\\/>\\n\\u00c2ngulo: 120\\u00b0<br \\\/>\\nIRC: >80<br \\\/>\\nDimeriz\\u00e1vel: Sim<br \\\/>\\nGrau de Prote\\u00e7\\u00e3o: IP20<br \\\/>\\nCor: Branco<br \\\/>\\nPeso: 2.87kg<br \\\/>\\nDimens\\u00f5es: \\u2205500 x 200mm<br \\\/>\\nGarantia: 2 anos<\\\/p>\",\"dialog_close_large\":true,\"dialog_close_outside\":false,\"dialog_layout\":\"modal\",\"dialog_offcanvas_flip\":true,\"icon\":\"plus-circle\",\"icon_align\":\"right\"}}]}]},{\"type\":\"column\",\"props\":{\"image_position\":\"center-center\",\"position_sticky_breakpoint\":\"m\",\"width_medium\":\"1-4\",\"width_small\":\"1-2\"}}],\"props\":{\"layout\":\"1-4,1-4,1-4,1-4|1-2,1-2,1-2,1-2\"}}]}],\"version\":\"4.5.23\"} --><\/p>\n","protected":false},"excerpt":{"rendered":"<p>Ventilador Orbital Tecnologia com design retratil-03 O ventilador de teto orbital oferece a vantagem de distribuir o ar de forma mais ampla e uniforme pelo ambiente, gra\u00e7as ao seu movimento oscilante que alcan\u00e7a diferentes dire\u00e7\u00f5es. Esse tipo de ventilador proporciona uma ventila\u00e7\u00e3o mais eficiente, evitando \u00e1reas com ar parado e garantindo maior conforto t\u00e9rmico. Al\u00e9m [&hellip;]<\/p>\n","protected":false},"author":1,"featured_media":0,"parent":0,"menu_order":0,"comment_status":"closed","ping_status":"closed","template":"","meta":{"_joinchat":[],"footnotes":""},"class_list":["post-190","page","type-page","status-publish","hentry"],"_links":{"self":[{"href":"https:\/\/casadovento.com.br\/novo\/wp-json\/wp\/v2\/pages\/190","targetHints":{"allow":["GET"]}}],"collection":[{"href":"https:\/\/casadovento.com.br\/novo\/wp-json\/wp\/v2\/pages"}],"about":[{"href":"https:\/\/casadovento.com.br\/novo\/wp-json\/wp\/v2\/types\/page"}],"author":[{"embeddable":true,"href":"https:\/\/casadovento.com.br\/novo\/wp-json\/wp\/v2\/users\/1"}],"replies":[{"embeddable":true,"href":"https:\/\/casadovento.com.br\/novo\/wp-json\/wp\/v2\/comments?post=190"}],"version-history":[{"count":9,"href":"https:\/\/casadovento.com.br\/novo\/wp-json\/wp\/v2\/pages\/190\/revisions"}],"predecessor-version":[{"id":361,"href":"https:\/\/casadovento.com.br\/novo\/wp-json\/wp\/v2\/pages\/190\/revisions\/361"}],"wp:attachment":[{"href":"https:\/\/casadovento.com.br\/novo\/wp-json\/wp\/v2\/media?parent=190"}],"curies":[{"name":"wp","href":"https:\/\/api.w.org\/{rel}","templated":true}]}}