{"id":147,"date":"2025-10-14T16:34:55","date_gmt":"2025-10-14T19:34:55","guid":{"rendered":"https:\/\/casadovento.com.br\/novo\/?page_id=147"},"modified":"2025-11-14T16:02:12","modified_gmt":"2025-11-14T19:02:12","slug":"ventilador-retratil","status":"publish","type":"page","link":"https:\/\/casadovento.com.br\/novo\/ventilador-retratil\/","title":{"rendered":"Ventilador Retr\u00e1til"},"content":{"rendered":"<p><a href=\"https:\/\/casadovento.com.br\/\"><img decoding=\"async\" src=\"\/novo\/wp-content\/uploads\/2025\/07\/cdv-logo-inv-2.svg\" alt=\"\"><\/a><\/p>\n<h1>Ventilador Retr\u00e1til<\/h1>\n<h1>Tecnologia com design<\/h1>\n<ul>\n<li>\n<p>        <img decoding=\"async\" src=\"\/novo\/wp-content\/uploads\/2025\/10\/retratil-01-2.jpg\" alt=\"\"><\/p>\n<h3>retratil-01<\/h3>\n<\/li>\n<li>\n<p>        <img decoding=\"async\" src=\"\/novo\/wp-content\/uploads\/2025\/10\/retratil-02-2.jpg\" alt=\"\"><\/p>\n<h3>retratil-02<\/h3>\n<\/li>\n<li>\n<p>        <img decoding=\"async\" src=\"\/novo\/wp-content\/uploads\/2025\/10\/retratil-03-2.jpg\" alt=\"\"><\/p>\n<h3>retratil-03<\/h3>\n<\/li>\n<\/ul>\n<div>Um ventilador com p\u00e1s retr\u00e1teis oferece uma combina\u00e7\u00e3o de funcionalidade e est\u00e9tica, sendo ideal para ambientes modernos e vers\u00e1teis. Quando desligado, as p\u00e1s se recolhem automaticamente, deixando o visual mais elegante e discreto, semelhante a uma lumin\u00e1ria. Isso facilita a limpeza, reduz o ac\u00famulo de poeira e evita acidentes. Al\u00e9m disso, o mecanismo retr\u00e1til prolonga a durabilidade das p\u00e1s e otimiza o espa\u00e7o, tornando-o uma excelente escolha para quem busca conforto, praticidade e design sofisticado em um \u00fanico produto.<\/div>\n<h1>Veja mais<\/h1>\n<p><img decoding=\"async\" src=\"\/novo\/wp-content\/uploads\/2025\/10\/001-midas.jpg\" alt=\"\"><\/p>\n<h1>Air Midas | Plafon e Ventilador Retr\u00e1til<\/h1>\n<p><p>\n        VEJA MAIS    <\/p>\n<div>\n<p>Pot\u00eancia: 30W LED + 30W ventilador<br \/>\nFrequ\u00eancia: 50 &#8211; 60Hz<br \/>\nFator de Pot\u00eancia: >0.5<br \/>\nCorrente m\u00e1xima: 0.472A (127V) 0.273A (220V)<br \/>\nTens\u00e3o: 100 &#8211; 240V<br \/>\nTemperatura de opera\u00e7\u00e3o: 0\u00b0 &#8211; 40\u00b0C<br \/>\nTemperatura de cor: 3000K &#8211; 4000K &#8211; 6500K<br \/>\nFluxo luminoso: 3000lm<br \/>\n\u00c2ngulo: 120\u00b0<br \/>\nIRC: >80<br \/>\nGrau de Prote\u00e7\u00e3o: IP20<br \/>\nAplica\u00e7\u00e3o: Teto<br \/>\nDifusor: Leitoso<br \/>\nCor: Dourado<br \/>\nDimens\u00f5es: \u00d8460 x 455mm<br \/>\nDimens\u00f5es (p\u00e1s abertas): \u00d81060mm<br \/>\nRota\u00e7\u00e3o: M\u00e1x. 230 rpm<br \/>\nRu\u00eddo: <35dB<br \/>\n\u00c1rea de ventila\u00e7\u00e3o: 20m\u00b2<br \/>\nClima: &#8220;T&#8221; Tropical<br \/>\nN\u00famero de p\u00e1s: 4<\/p>\n<\/div>\n<p><img decoding=\"async\" src=\"\/novo\/wp-content\/uploads\/2025\/10\/002-basic.jpg\" alt=\"\"><\/p>\n<h1>Air Basic | Plafon e Ventilador Retr\u00e1til<\/h1>\n<p><p>\n        VEJA MAIS    <\/p>\n<div>\n<p>Pot\u00eancia: 30W LED + 30W ventilador<br \/>\nFrequ\u00eancia: 50 &#8211; 60Hz<br \/>\nFator de Pot\u00eancia: >0.5<br \/>\nCorrente m\u00e1xima: 0.472A (127V) 0.273A (220V)<br \/>\nTens\u00e3o: 100 &#8211; 240V<br \/>\nTemperatura de opera\u00e7\u00e3o: 0\u00b0 &#8211; 40\u00b0C<br \/>\nTemperatura de cor: 3000K &#8211; 4000K &#8211; 6500K<br \/>\nFluxo luminoso: 3000lm<br \/>\n\u00c2ngulo: 120\u00b0<br \/>\nIRC: >80<br \/>\nGrau de Prote\u00e7\u00e3o: IP20<br \/>\nAplica\u00e7\u00e3o: Teto<br \/>\nDifusor: Leitoso<br \/>\nCor: Branco<br \/>\nDimens\u00f5es: \u00d8480 x 445mm<br \/>\nDimens\u00f5es (p\u00e1s abertas): \u00d81060mm<br \/>\nRota\u00e7\u00e3o: M\u00e1x. 230 rpm<br \/>\nRu\u00eddo: <35dB<br \/>\n\u00c1rea de ventila\u00e7\u00e3o: 20m\u00b2<br \/>\nClima: &#8220;T&#8221; Tropical<br \/>\nN\u00famero de p\u00e1s: 4<\/p>\n<\/div>\n<p><img decoding=\"async\" src=\"\/novo\/wp-content\/uploads\/2025\/10\/002-basic-inv.jpg\" alt=\"\"><\/p>\n<h1>Air Basic | Plafon e Ventilador Retr\u00e1til<\/h1>\n<p><p>\n        VEJA MAIS    <\/p>\n<div>\n<p>Pot\u00eancia: 30W LED + 30W ventilador<br \/>\nFrequ\u00eancia: 50 &#8211; 60Hz<br \/>\nFator de Pot\u00eancia: >0.5<br \/>\nCorrente m\u00e1xima: 0.472A (127V) 0.273A (220V)<br \/>\nTens\u00e3o: 100 &#8211; 240V<br \/>\nTemperatura de opera\u00e7\u00e3o: 0\u00b0 &#8211; 40\u00b0C<br \/>\nTemperatura de cor: 3000K &#8211; 4000K &#8211; 6500K<br \/>\nFluxo luminoso: 3000lm<br \/>\n\u00c2ngulo: 120\u00b0<br \/>\nIRC: >80<br \/>\nGrau de Prote\u00e7\u00e3o: IP20<br \/>\nAplica\u00e7\u00e3o: Teto<br \/>\nDifusor: Leitoso<br \/>\nCor: Preto<br \/>\nDimens\u00f5es: \u00d8480 x 445mm<br \/>\nDimens\u00f5es (p\u00e1s abertas): \u00d81060mm<br \/>\nRota\u00e7\u00e3o: M\u00e1x. 230 rpm<br \/>\nRu\u00eddo: <35dB<br \/>\n\u00c1rea de ventila\u00e7\u00e3o: 20m\u00b2<br \/>\nClima: &#8220;T&#8221; Tropical<br \/>\nN\u00famero de p\u00e1s: 4<\/p>\n<\/div>\n<p><img decoding=\"async\" src=\"\/novo\/wp-content\/uploads\/2025\/10\/003-delta.jpg\" alt=\"\"><\/p>\n<h1>Delta Retr\u00e1til<\/h1>\n<p><p>\n        VEJA MAIS    <\/p>\n<div>\n<p>Motor Inverter: Pot\u00eancia do ventilador 36 W<br \/>\n\u00c1rea de ventila\u00e7\u00e3o: 25 m\u00b2<br \/>\nDi\u00e2metro Ligado: 91 cm<br \/>\nDi\u00e2metro Desligado: 40 cm<br \/>\nAltura c\/ haste 150mm: 28 cm<br \/>\nAltura c\/haste 300mm: 43 cm<br \/>\nP\u00e1s: 3 p\u00e1s transparentes em ABS<br \/>\nLumin\u00e1ria: Pot\u00eancia do LED 24W<br \/>\nTemperatura de cor: 3000K, 4000K, 6500K Dimeriz\u00e1vel (j\u00e1 inclusa)<br \/>\nFluxo Luminoso: 2.200 lumens<br \/>\nControle Remoto: 6 velocidades, Ventila\u00e7\u00e3o, exaust\u00e3o e timer<br \/>\nCor: Branco<\/p>\n<\/div>\n<p><!--more--><br \/>\n<!-- {\"type\":\"layout\",\"children\":[{\"type\":\"section\",\"props\":{\"image_position\":\"center-center\",\"padding\":\"small\",\"style\":\"primary\",\"title_breakpoint\":\"xl\",\"title_position\":\"top-left\",\"title_rotation\":\"left\",\"vertical_align\":\"middle\",\"width\":\"default\"},\"children\":[{\"type\":\"row\",\"props\":{\"layout\":\"1-2,1-2\"},\"children\":[{\"type\":\"column\",\"props\":{\"image_position\":\"center-center\",\"position_sticky_breakpoint\":\"m\",\"width_medium\":\"1-2\"},\"children\":[{\"type\":\"image\",\"props\":{\"image\":\"wp-content\\\/uploads\\\/2025\\\/07\\\/cdv-logo-inv-2.svg\",\"image_svg_color\":\"emphasis\",\"image_width\":240,\"link\":\"https:\\\/\\\/casadovento.com.br\\\/\",\"margin\":\"default\"}}]},{\"type\":\"column\",\"props\":{\"image_position\":\"center-center\",\"position_sticky_breakpoint\":\"m\",\"width_medium\":\"1-2\"},\"children\":[{\"type\":\"module\",\"props\":{\"menu_image_align\":\"center\",\"menu_image_margin\":true,\"menu_style\":\"default\",\"menu_type\":\"subnav\",\"text_align\":\"right\",\"type\":\"builderwidget\",\"widget\":\"builderwidget-2\"}}]}]}]},{\"type\":\"section\",\"props\":{\"image_position\":\"center-center\",\"padding\":\"large\",\"style\":\"default\",\"title_breakpoint\":\"xl\",\"title_position\":\"top-left\",\"title_rotation\":\"left\",\"vertical_align\":\"middle\",\"video\":\"wp-content\\\/uploads\\\/2025\\\/10\\\/video-produto-bg-retratil.mp4\",\"width\":\"default\"},\"children\":[{\"type\":\"row\",\"children\":[{\"type\":\"column\",\"props\":{\"image_position\":\"center-center\",\"position_sticky_breakpoint\":\"m\"},\"children\":[{\"type\":\"headline\",\"props\":{\"content\":\"Ventilador Retr\\u00e1til\",\"margin_remove_bottom\":true,\"text_align\":\"center\",\"title_element\":\"h1\",\"title_font_family\":\"secondary\",\"title_style\":\"heading-large\"}},{\"type\":\"headline\",\"props\":{\"content\":\"Tecnologia com design\",\"margin_remove_top\":true,\"text_align\":\"center\",\"title_color\":\"secondary\",\"title_element\":\"h1\",\"title_font_family\":\"tertiary\",\"title_style\":\"heading-medium\"},\"name\":\"texto secundario\"}]}]},{\"type\":\"row\",\"props\":{\"layout\":\"1-2,1-2\",\"margin\":\"large\"},\"children\":[{\"type\":\"column\",\"props\":{\"image_position\":\"center-center\",\"position_sticky_breakpoint\":\"m\",\"width_medium\":\"1-2\"},\"children\":[{\"type\":\"slideshow\",\"props\":{\"blend\":false,\"content_expand\":false,\"link_style\":\"default\",\"link_text\":\"Read more\",\"margin\":\"default\",\"meta_align\":\"below-title\",\"meta_element\":\"div\",\"meta_style\":\"text-meta\",\"nav\":\"\",\"nav_align\":\"center\",\"nav_breakpoint\":\"s\",\"nav_position\":\"bottom-center\",\"nav_position_margin\":\"medium\",\"overlay_animation\":\"parallax\",\"overlay_position\":\"center-left\",\"show_content\":false,\"show_link\":false,\"show_meta\":false,\"show_thumbnail\":false,\"show_title\":false,\"slidenav\":\"default\",\"slidenav_breakpoint\":\"s\",\"slidenav_margin\":\"medium\",\"slidenav_outside_breakpoint\":\"xl\",\"slideshow_animation\":\"fade\",\"slideshow_autoplay\":true,\"slideshow_autoplay_interval\":\"3\",\"slideshow_autoplay_pause\":true,\"slideshow_box_shadow\":\"small\",\"slideshow_min_height\":300,\"slideshow_ratio\":\"960:640\",\"thumbnav_height\":\"75\",\"thumbnav_svg_color\":\"emphasis\",\"thumbnav_width\":\"100\",\"title_element\":\"h3\",\"title_hover_style\":\"reset\"},\"children\":[{\"type\":\"slideshow_item\",\"props\":{\"image\":\"wp-content\\\/uploads\\\/2025\\\/10\\\/retratil-01-2.jpg\",\"title\":\"retratil-01\"}},{\"type\":\"slideshow_item\",\"props\":{\"image\":\"wp-content\\\/uploads\\\/2025\\\/10\\\/retratil-02-2.jpg\",\"title\":\"retratil-02\"}},{\"type\":\"slideshow_item\",\"props\":{\"image\":\"wp-content\\\/uploads\\\/2025\\\/10\\\/retratil-03-2.jpg\",\"title\":\"retratil-03\"}}]}]},{\"type\":\"column\",\"props\":{\"image_position\":\"center-center\",\"position_sticky_breakpoint\":\"m\",\"style\":\"card-default\",\"vertical_align\":\"middle\",\"width_medium\":\"1-2\"},\"children\":[{\"type\":\"text\",\"props\":{\"block_align\":\"center\",\"column_breakpoint\":\"m\",\"content\":\"Um ventilador com p\\u00e1s retr\\u00e1teis oferece uma combina\\u00e7\\u00e3o de funcionalidade e est\\u00e9tica, sendo ideal para ambientes modernos e vers\\u00e1teis. Quando desligado, as p\\u00e1s se recolhem automaticamente, deixando o visual mais elegante e discreto, semelhante a uma lumin\\u00e1ria. Isso facilita a limpeza, reduz o ac\\u00famulo de poeira e evita acidentes. Al\\u00e9m disso, o mecanismo retr\\u00e1til prolonga a durabilidade das p\\u00e1s e otimiza o espa\\u00e7o, tornando-o uma excelente escolha para quem busca conforto, praticidade e design sofisticado em um \\u00fanico produto.\",\"margin\":\"default\"}}]}]}]},{\"type\":\"section\",\"props\":{\"image_position\":\"center-center\",\"style\":\"default\",\"title_breakpoint\":\"xl\",\"title_position\":\"top-left\",\"title_rotation\":\"left\",\"vertical_align\":\"middle\",\"width\":\"default\"},\"children\":[{\"type\":\"row\",\"children\":[{\"type\":\"column\",\"props\":{\"image_position\":\"center-center\",\"position_sticky_breakpoint\":\"m\"},\"children\":[{\"type\":\"headline\",\"props\":{\"content\":\"Veja mais\",\"margin_remove_bottom\":false,\"text_align\":\"center\",\"title_element\":\"h1\",\"title_font_family\":\"secondary\",\"title_style\":\"heading-large\"}}]}]},{\"type\":\"row\",\"children\":[{\"type\":\"column\",\"props\":{\"image_position\":\"center-center\",\"position_sticky_breakpoint\":\"m\",\"width_medium\":\"1-4\",\"width_small\":\"1-2\"},\"children\":[{\"type\":\"image\",\"props\":{\"image\":\"wp-content\\\/uploads\\\/2025\\\/10\\\/001-midas.jpg\",\"image_border\":\"rounded\",\"image_box_shadow\":\"medium\",\"image_svg_color\":\"emphasis\",\"lightbox_height\":\"400\",\"lightbox_width\":\"400\",\"link_target\":\"modal\",\"margin\":\"default\",\"text_align\":\"center\"}},{\"type\":\"headline\",\"props\":{\"content\":\"Air Midas | Plafon e Ventilador Retr\\u00e1til\",\"text_align\":\"center\",\"title_element\":\"h1\",\"title_style\":\"h5\"}},{\"type\":\"button\",\"props\":{\"grid_column_gap\":\"small\",\"grid_row_gap\":\"small\",\"margin\":\"default\",\"text_align\":\"center\"},\"children\":[{\"type\":\"button_item\",\"props\":{\"button_style\":\"primary\",\"content\":\"VEJA MAIS\",\"dialog\":\"\n\n<p>Pot\\u00eancia: 30W LED + 30W ventilador<br \\\/>\\nFrequ\\u00eancia: 50 - 60Hz<br \\\/>\\nFator de Pot\\u00eancia: >0.5<br \\\/>\\nCorrente m\\u00e1xima: 0.472A (127V) 0.273A (220V)<br \\\/>\\nTens\\u00e3o: 100 - 240V<br \\\/>\\nTemperatura de opera\\u00e7\\u00e3o: 0\\u00b0 - 40\\u00b0C<br \\\/>\\nTemperatura de cor: 3000K - 4000K - 6500K<br \\\/>\\nFluxo luminoso: 3000lm<br \\\/>\\n\\u00c2ngulo: 120\\u00b0<br \\\/>\\nIRC: >80<br \\\/>\\nGrau de Prote\\u00e7\\u00e3o: IP20<br \\\/>\\nAplica\\u00e7\\u00e3o: Teto<br \\\/>\\nDifusor: Leitoso<br \\\/>\\nCor: Dourado<br \\\/>\\nDimens\\u00f5es: \\u00d8460 x 455mm<br \\\/>\\nDimens\\u00f5es (p\\u00e1s abertas): \\u00d81060mm<br \\\/>\\nRota\\u00e7\\u00e3o: M\\u00e1x. 230 rpm<br \\\/>\\nRu\\u00eddo: <35dB<br \\\/>\\n\\u00c1rea de ventila\\u00e7\\u00e3o: 20m\\u00b2<br \\\/>\\nClima: \\\"T\\\" Tropical<br \\\/>\\nN\\u00famero de p\\u00e1s: 4<\\\/p>\",\"dialog_close_large\":true,\"dialog_close_outside\":false,\"dialog_layout\":\"modal\",\"dialog_offcanvas_flip\":true,\"icon\":\"plus-circle\",\"icon_align\":\"right\"}}]}]},{\"type\":\"column\",\"props\":{\"image_position\":\"center-center\",\"position_sticky_breakpoint\":\"m\",\"width_medium\":\"1-4\",\"width_small\":\"1-2\"},\"children\":[{\"type\":\"image\",\"props\":{\"image\":\"wp-content\\\/uploads\\\/2025\\\/10\\\/002-basic.jpg\",\"image_border\":\"rounded\",\"image_box_shadow\":\"medium\",\"image_svg_color\":\"emphasis\",\"margin\":\"default\",\"text_align\":\"center\"}},{\"type\":\"headline\",\"props\":{\"content\":\"Air Basic | Plafon e Ventilador Retr\\u00e1til\",\"text_align\":\"center\",\"title_element\":\"h1\",\"title_style\":\"h5\"}},{\"type\":\"button\",\"props\":{\"grid_column_gap\":\"small\",\"grid_row_gap\":\"small\",\"margin\":\"default\",\"text_align\":\"center\"},\"children\":[{\"type\":\"button_item\",\"props\":{\"button_style\":\"primary\",\"content\":\"VEJA MAIS\",\"dialog\":\"\n\n<p>Pot\\u00eancia: 30W LED + 30W ventilador<br \\\/>\\nFrequ\\u00eancia: 50 - 60Hz<br \\\/>\\nFator de Pot\\u00eancia: >0.5<br \\\/>\\nCorrente m\\u00e1xima: 0.472A (127V) 0.273A (220V)<br \\\/>\\nTens\\u00e3o: 100 - 240V<br \\\/>\\nTemperatura de opera\\u00e7\\u00e3o: 0\\u00b0 - 40\\u00b0C<br \\\/>\\nTemperatura de cor: 3000K - 4000K - 6500K<br \\\/>\\nFluxo luminoso: 3000lm<br \\\/>\\n\\u00c2ngulo: 120\\u00b0<br \\\/>\\nIRC: >80<br \\\/>\\nGrau de Prote\\u00e7\\u00e3o: IP20<br \\\/>\\nAplica\\u00e7\\u00e3o: Teto<br \\\/>\\nDifusor: Leitoso<br \\\/>\\nCor: Branco<br \\\/>\\nDimens\\u00f5es: \\u00d8480 x 445mm<br \\\/>\\nDimens\\u00f5es (p\\u00e1s abertas): \\u00d81060mm<br \\\/>\\nRota\\u00e7\\u00e3o: M\\u00e1x. 230 rpm<br \\\/>\\nRu\\u00eddo: <35dB<br \\\/>\\n\\u00c1rea de ventila\\u00e7\\u00e3o: 20m\\u00b2<br \\\/>\\nClima: \\\"T\\\" Tropical<br \\\/>\\nN\\u00famero de p\\u00e1s: 4<\\\/p>\",\"dialog_close_large\":true,\"dialog_close_outside\":false,\"dialog_layout\":\"modal\",\"dialog_offcanvas_flip\":true,\"icon\":\"plus-circle\",\"icon_align\":\"right\"}}]}]},{\"type\":\"column\",\"props\":{\"image_position\":\"center-center\",\"position_sticky_breakpoint\":\"m\",\"width_medium\":\"1-4\",\"width_small\":\"1-2\"},\"children\":[{\"type\":\"image\",\"props\":{\"image\":\"wp-content\\\/uploads\\\/2025\\\/10\\\/002-basic-inv.jpg\",\"image_border\":\"rounded\",\"image_box_shadow\":\"medium\",\"image_svg_color\":\"emphasis\",\"margin\":\"default\",\"text_align\":\"center\"}},{\"type\":\"headline\",\"props\":{\"content\":\"Air Basic | Plafon e Ventilador Retr\\u00e1til\",\"text_align\":\"center\",\"title_element\":\"h1\",\"title_style\":\"h5\"}},{\"type\":\"button\",\"props\":{\"grid_column_gap\":\"small\",\"grid_row_gap\":\"small\",\"margin\":\"default\",\"text_align\":\"center\"},\"children\":[{\"type\":\"button_item\",\"props\":{\"button_style\":\"primary\",\"content\":\"VEJA MAIS\",\"dialog\":\"\n\n<p>Pot\\u00eancia: 30W LED + 30W ventilador<br \\\/>\\nFrequ\\u00eancia: 50 - 60Hz<br \\\/>\\nFator de Pot\\u00eancia: >0.5<br \\\/>\\nCorrente m\\u00e1xima: 0.472A (127V) 0.273A (220V)<br \\\/>\\nTens\\u00e3o: 100 - 240V<br \\\/>\\nTemperatura de opera\\u00e7\\u00e3o: 0\\u00b0 - 40\\u00b0C<br \\\/>\\nTemperatura de cor: 3000K - 4000K - 6500K<br \\\/>\\nFluxo luminoso: 3000lm<br \\\/>\\n\\u00c2ngulo: 120\\u00b0<br \\\/>\\nIRC: >80<br \\\/>\\nGrau de Prote\\u00e7\\u00e3o: IP20<br \\\/>\\nAplica\\u00e7\\u00e3o: Teto<br \\\/>\\nDifusor: Leitoso<br \\\/>\\nCor: Preto<br \\\/>\\nDimens\\u00f5es: \\u00d8480 x 445mm<br \\\/>\\nDimens\\u00f5es (p\\u00e1s abertas): \\u00d81060mm<br \\\/>\\nRota\\u00e7\\u00e3o: M\\u00e1x. 230 rpm<br \\\/>\\nRu\\u00eddo: <35dB<br \\\/>\\n\\u00c1rea de ventila\\u00e7\\u00e3o: 20m\\u00b2<br \\\/>\\nClima: \\\"T\\\" Tropical<br \\\/>\\nN\\u00famero de p\\u00e1s: 4<\\\/p>\",\"dialog_close_large\":true,\"dialog_close_outside\":false,\"dialog_layout\":\"modal\",\"dialog_offcanvas_flip\":true,\"icon\":\"plus-circle\",\"icon_align\":\"right\"}}]}]},{\"type\":\"column\",\"props\":{\"image_position\":\"center-center\",\"position_sticky_breakpoint\":\"m\",\"width_medium\":\"1-4\",\"width_small\":\"1-2\"},\"children\":[{\"type\":\"image\",\"props\":{\"image\":\"wp-content\\\/uploads\\\/2025\\\/10\\\/003-delta.jpg\",\"image_border\":\"rounded\",\"image_box_shadow\":\"medium\",\"image_svg_color\":\"emphasis\",\"margin\":\"default\",\"text_align\":\"center\"}},{\"type\":\"headline\",\"props\":{\"content\":\"Delta Retr\\u00e1til\",\"text_align\":\"center\",\"title_element\":\"h1\",\"title_style\":\"h5\"}},{\"type\":\"button\",\"props\":{\"grid_column_gap\":\"small\",\"grid_row_gap\":\"small\",\"margin\":\"default\",\"text_align\":\"center\"},\"children\":[{\"type\":\"button_item\",\"props\":{\"button_style\":\"primary\",\"content\":\"VEJA MAIS\",\"dialog\":\"\n\n<p>Motor Inverter: Pot\\u00eancia do ventilador 36 W<br \\\/>\\n\\u00c1rea de ventila\\u00e7\\u00e3o: 25 m\\u00b2<br \\\/>\\nDi\\u00e2metro Ligado: 91 cm<br \\\/>\\nDi\\u00e2metro Desligado: 40 cm<br \\\/>\\nAltura c\\\/ haste 150mm: 28 cm<br \\\/>\\nAltura c\\\/haste 300mm: 43 cm<br \\\/>\\nP\\u00e1s: 3 p\\u00e1s transparentes em ABS<br \\\/>\\nLumin\\u00e1ria: Pot\\u00eancia do LED 24W<br \\\/>\\nTemperatura de cor: 3000K, 4000K, 6500K Dimeriz\\u00e1vel (j\\u00e1 inclusa)<br \\\/>\\nFluxo Luminoso: 2.200 lumens<br \\\/>\\nControle Remoto: 6 velocidades, Ventila\\u00e7\\u00e3o, exaust\\u00e3o e timer<br \\\/>\\nCor: Branco<\\\/p>\",\"dialog_close_large\":true,\"dialog_close_outside\":false,\"dialog_layout\":\"modal\",\"dialog_offcanvas_flip\":true,\"icon\":\"plus-circle\",\"icon_align\":\"right\"}}]}]}],\"props\":{\"layout\":\"1-4,1-4,1-4,1-4|1-2,1-2,1-2,1-2\"}}]}],\"version\":\"4.5.23\"} --><\/p>\n","protected":false},"excerpt":{"rendered":"<p>Ventilador Retr\u00e1til Tecnologia com design retratil-01 retratil-02 retratil-03 Um ventilador com p\u00e1s retr\u00e1teis oferece uma combina\u00e7\u00e3o de funcionalidade e est\u00e9tica, sendo ideal para ambientes modernos e vers\u00e1teis. Quando desligado, as p\u00e1s se recolhem automaticamente, deixando o visual mais elegante e discreto, semelhante a uma lumin\u00e1ria. Isso facilita a limpeza, reduz o ac\u00famulo de poeira e [&hellip;]<\/p>\n","protected":false},"author":1,"featured_media":0,"parent":0,"menu_order":0,"comment_status":"closed","ping_status":"closed","template":"","meta":{"_joinchat":[],"footnotes":""},"class_list":["post-147","page","type-page","status-publish","hentry"],"_links":{"self":[{"href":"https:\/\/casadovento.com.br\/novo\/wp-json\/wp\/v2\/pages\/147","targetHints":{"allow":["GET"]}}],"collection":[{"href":"https:\/\/casadovento.com.br\/novo\/wp-json\/wp\/v2\/pages"}],"about":[{"href":"https:\/\/casadovento.com.br\/novo\/wp-json\/wp\/v2\/types\/page"}],"author":[{"embeddable":true,"href":"https:\/\/casadovento.com.br\/novo\/wp-json\/wp\/v2\/users\/1"}],"replies":[{"embeddable":true,"href":"https:\/\/casadovento.com.br\/novo\/wp-json\/wp\/v2\/comments?post=147"}],"version-history":[{"count":23,"href":"https:\/\/casadovento.com.br\/novo\/wp-json\/wp\/v2\/pages\/147\/revisions"}],"predecessor-version":[{"id":360,"href":"https:\/\/casadovento.com.br\/novo\/wp-json\/wp\/v2\/pages\/147\/revisions\/360"}],"wp:attachment":[{"href":"https:\/\/casadovento.com.br\/novo\/wp-json\/wp\/v2\/media?parent=147"}],"curies":[{"name":"wp","href":"https:\/\/api.w.org\/{rel}","templated":true}]}}