{"id":10,"date":"2025-07-10T14:46:44","date_gmt":"2025-07-10T17:46:44","guid":{"rendered":"https:\/\/casadovento.com.br\/novo\/?page_id=10"},"modified":"2026-01-09T15:24:14","modified_gmt":"2026-01-09T18:24:14","slug":"home","status":"publish","type":"page","link":"https:\/\/casadovento.com.br\/novo\/","title":{"rendered":"Home"},"content":{"rendered":"<p><img decoding=\"async\" src=\"\/novo\/wp-content\/uploads\/2025\/07\/icone-cdv.svg\" alt=\"\"><\/p>\n<h1>Casa do Vento<\/h1>\n<h1>H\u00e1 33 anos fazendo tempo bom!<\/h1>\n<div>Av. Orosimbo Maia, 965 &#8211; Vila Itapura \/ Campinas &#8211; SP<\/div>\n<h1>Nossos Produtos<\/h1>\n<h1>Trabalhamos com as melhores marcas!<\/h1>\n<ul>\n<li>\n<p>        <video src=\"\/novo\/wp-content\/uploads\/2025\/08\/cdv-teto.mp4\"><\/video><\/p>\n<h3>Ventilador de Teto<\/h3>\n<p><a href=\"\/novo\/ventilador-de-teto\/\"><\/a><\/p>\n<\/li>\n<li>\n<p>        <video src=\"\/novo\/wp-content\/uploads\/2025\/10\/cdv-retratil.mp4\"><\/video><\/p>\n<h3>Ventilador Retr\u00e1til<\/h3>\n<p><a href=\"\/novo\/ventilador-retratil\/\"><\/a><\/p>\n<\/li>\n<li>\n<p>        <video src=\"\/novo\/wp-content\/uploads\/2025\/10\/cdv-orbital.mp4\"><\/video><\/p>\n<h3>Ventilador Orbital<\/h3>\n<p><a href=\"\/novo\/ventilador-orbital\/\"><\/a><\/p>\n<\/li>\n<li>\n<p>        <video src=\"\/novo\/wp-content\/uploads\/2025\/08\/cdv-exaustor.mp4\"><\/video><\/p>\n<h3>Exaustores<\/h3>\n<p><a href=\"\/novo\/exaustores\/\"><\/a><\/p>\n<\/li>\n<li>\n<p>        <video src=\"\/novo\/wp-content\/uploads\/2025\/08\/cdv-parede.mp4\"><\/video><\/p>\n<h3>Ventilador de Parede<\/h3>\n<p><a href=\"\/novo\/ventiladores-de-parede\/\"><\/a><\/p>\n<\/li>\n<li>\n<p>        <video src=\"\/novo\/wp-content\/uploads\/2025\/08\/cdv-coluna.mp4\"><\/video><\/p>\n<h3>Ventilador de Coluna<\/h3>\n<p><a href=\"\/novo\/ventilador-de-coluna\/\"><\/a><\/p>\n<\/li>\n<li>\n<p>        <video src=\"\/novo\/wp-content\/uploads\/2025\/08\/cdv-mesa.mp4\"><\/video><\/p>\n<h3>Ventilador de Mesa<\/h3>\n<p><a href=\"\/novo\/ventilador-de-mesa\/\"><\/a><\/p>\n<\/li>\n<li>\n<p>        <img decoding=\"async\" src=\"\/novo\/wp-content\/uploads\/2025\/07\/home-clima.jpg\" alt=\"\"><\/p>\n<h3>Climatizador<\/h3>\n<p><a href=\"\/novo\/climatizador\/\"><\/a><\/p>\n<\/li>\n<li>\n<p>        <img decoding=\"async\" src=\"\/novo\/wp-content\/uploads\/2025\/07\/home-aquece.jpg\" alt=\"\"><\/p>\n<h3>Aquecedor<\/h3>\n<p><a href=\"\/novo\/aquecedor\/\"><\/a><\/p>\n<\/li>\n<li>\n<p>        <video src=\"\/novo\/wp-content\/uploads\/2025\/11\/cdv-micro2.mp4\"><\/video><\/p>\n<h3>Micro-Ventilador<\/h3>\n<p><a href=\"\/novo\/micro-ventilador\/\"><\/a><\/p>\n<\/li>\n<li>\n<p>        <img decoding=\"async\" src=\"\/novo\/wp-content\/uploads\/2025\/12\/home-acessorios.jpg\" alt=\"\"><\/p>\n<h3>Acess\u00f3rios<\/h3>\n<p><a href=\"\/novo\/acessorios\/\"><\/a><\/p>\n<\/li>\n<\/ul>\n<h1>Nossa loja<\/h1>\n<h1>Tradi\u00e7\u00e3o em ventila\u00e7\u00e3o.<\/h1>\n<div>N\u00f3s da Casa do Vento, temos 33 anos de experi\u00eancia com ventiladores, exaustores e climatizadores. Nosso time est\u00e1 altamente capacitado para te ajudar e escolher a melhor op\u00e7\u00e3o para seu ambiente, podendo tamb\u00e9m personalizar seu ventilador do seu jeito. <\/div>\n<p><p>\n        <a href=\"https:\/\/maps.app.goo.gl\/Miqd4J3JiHyRzVh5A\">COMO CHEGAR<\/a>\n    <\/p>\n<\/p>\n<ul>\n<li>\n<p>        <img decoding=\"async\" src=\"\/novo\/wp-content\/uploads\/2025\/07\/home-sobre-1.jpg\" alt=\"\"><\/p>\n<h3>home-sobre<\/h3>\n<\/li>\n<li>\n<p>        <img decoding=\"async\" src=\"\/novo\/wp-content\/uploads\/2025\/07\/home-sobre-2.jpg\" alt=\"\"><\/p>\n<h3>home-sobre-2<\/h3>\n<\/li>\n<li>\n<p>        <img decoding=\"async\" src=\"\/novo\/wp-content\/uploads\/2025\/07\/home-sobre-3.jpg\" alt=\"\"><\/p>\n<h3>home-sobre-3<\/h3>\n<\/li>\n<li>\n<p>        <img decoding=\"async\" src=\"\/novo\/wp-content\/uploads\/2025\/07\/home-sobre-4.jpg\" alt=\"\"><\/p>\n<h3>home-sobre-4<\/h3>\n<\/li>\n<\/ul>\n<div>\n<style>.embed-container { position: relative; padding-bottom: 40%; height: 0; overflow: hidden; max-width: 100%; } .embed-container iframe, .embed-container object, .embed-container embed { position: absolute; top: 0; left: 0; width: 100%; height: 100%; }<\/style>\n<div class='embed-container'><iframe src='https:\/\/www.google.com\/maps\/embed?pb=!1m18!1m12!1m3!1d3675.55739483776!2d-47.0623817850347!3d-22.892802985018896!2m3!1f0!2f0!3f0!3m2!1i1024!2i768!4f13.1!3m3!1m2!1s0x94c8c8ab099083b5%3A0x6f280386fe246eef!2sCasa%20do%20Vento%20Ventiladores%20e%20Exaustores!5e0!3m2!1spt-BR!2sbr!4v1584730389471!5m2!1spt-BR!2sbr' width='600' height='350' frameborder='0' style='border:0;' allowfullscreen='' aria-hidden='false' tabindex='0'><\/iframe><\/div>\n<\/div>\n<h1>Artigos<\/h1>\n<div>\n<\/div>\n<p><!--more--><br \/>\n<!-- {\"type\":\"layout\",\"children\":[{\"type\":\"section\",\"props\":{\"image_position\":\"center-center\",\"image_size\":\"cover\",\"media_overlay\":\"rgba(48, 183, 120, 0.5)\",\"padding\":\"xlarge\",\"style\":\"primary\",\"title_breakpoint\":\"xl\",\"title_position\":\"top-left\",\"title_rotation\":\"left\",\"vertical_align\":\"middle\",\"video\":\"wp-content\\\/uploads\\\/2025\\\/07\\\/video-home.mp4\",\"width\":\"default\"},\"children\":[{\"type\":\"row\",\"children\":[{\"type\":\"column\",\"props\":{\"image_position\":\"center-center\",\"position_sticky_breakpoint\":\"m\"},\"children\":[{\"type\":\"image\",\"props\":{\"image\":\"wp-content\\\/uploads\\\/2025\\\/07\\\/icone-cdv.svg\",\"image_svg_color\":\"emphasis\",\"image_width\":240,\"margin\":\"default\",\"margin_remove_bottom\":true,\"text_align\":\"center\"}},{\"type\":\"headline\",\"props\":{\"content\":\"Casa do Vento\",\"margin\":\"default\",\"margin_remove_bottom\":true,\"text_align\":\"center\",\"title_element\":\"h1\",\"title_font_family\":\"secondary\",\"title_style\":\"heading-xlarge\"}},{\"type\":\"headline\",\"props\":{\"content\":\"H\\u00e1 33 anos fazendo tempo bom!\",\"margin_remove_top\":true,\"text_align\":\"center\",\"title_element\":\"h1\",\"title_font_family\":\"tertiary\",\"title_style\":\"heading-medium\"}},{\"type\":\"text\",\"props\":{\"column_breakpoint\":\"m\",\"content\":\"Av. Orosimbo Maia, 965 - Vila Itapura \\\/ Campinas - SP\",\"margin\":\"default\",\"text_align\":\"center\",\"text_style\":\"lead\"}}]}]}]},{\"type\":\"section\",\"props\":{\"image\":\"wp-content\\\/uploads\\\/2025\\\/07\\\/header2.jpg\",\"image_effect\":\"fixed\",\"image_position\":\"center-center\",\"image_size\":\"cover\",\"media_overlay\":\"rgba(34, 90, 61, 0.72)\",\"padding\":\"large\",\"style\":\"primary\",\"title_breakpoint\":\"xl\",\"title_position\":\"top-left\",\"title_rotation\":\"left\",\"vertical_align\":\"middle\",\"width\":\"default\"},\"children\":[{\"type\":\"row\",\"children\":[{\"type\":\"column\",\"props\":{\"image_position\":\"center-center\",\"position_sticky_breakpoint\":\"m\"},\"children\":[{\"type\":\"headline\",\"props\":{\"content\":\"Nossos Produtos\",\"margin\":\"default\",\"margin_remove_bottom\":true,\"text_align\":\"center\",\"title_element\":\"h1\",\"title_font_family\":\"secondary\",\"title_style\":\"h1\"}},{\"type\":\"headline\",\"props\":{\"content\":\"Trabalhamos com as melhores marcas!\",\"margin_remove_top\":true,\"text_align\":\"center\",\"title_element\":\"h1\",\"title_font_family\":\"tertiary\",\"title_style\":\"h2\"}}]}]},{\"type\":\"row\",\"props\":{\"margin\":\"large\"},\"children\":[{\"type\":\"column\",\"props\":{\"image_position\":\"center-center\",\"position_sticky_breakpoint\":\"m\"},\"children\":[{\"type\":\"grid\",\"props\":{\"content_column_breakpoint\":\"m\",\"filter_align\":\"left\",\"filter_all\":true,\"filter_grid_breakpoint\":\"m\",\"filter_grid_width\":\"auto\",\"filter_position\":\"top\",\"filter_style\":\"tab\",\"grid_column_align\":true,\"grid_column_gap\":\"large\",\"grid_default\":\"1\",\"grid_medium\":\"4\",\"grid_small\":\"2\",\"icon_width\":80,\"image_align\":\"top\",\"image_border\":\"circle\",\"image_grid_breakpoint\":\"m\",\"image_grid_width\":\"1-2\",\"image_svg_color\":\"emphasis\",\"item_animation\":true,\"lightbox_bg_close\":true,\"link_margin\":\"small\",\"link_style\":\"primary\",\"link_text\":\"\",\"margin\":\"default\",\"meta_align\":\"below-title\",\"meta_element\":\"div\",\"meta_style\":\"text-meta\",\"panel_link\":true,\"show_content\":true,\"show_hover_image\":true,\"show_hover_video\":true,\"show_image\":true,\"show_link\":true,\"show_meta\":true,\"show_title\":true,\"show_video\":true,\"text_align\":\"center\",\"title_align\":\"top\",\"title_element\":\"h3\",\"title_grid_breakpoint\":\"m\",\"title_grid_width\":\"1-2\",\"title_hover_style\":\"reset\"},\"children\":[{\"type\":\"grid_item\",\"props\":{\"image\":\"\",\"link\":\"ventilador-de-teto\\\/\",\"title\":\"Ventilador de Teto\",\"video\":\"wp-content\\\/uploads\\\/2025\\\/08\\\/cdv-teto.mp4\"}},{\"type\":\"grid_item\",\"props\":{\"image\":\"\",\"link\":\"ventilador-retratil\\\/\",\"title\":\"Ventilador Retr\\u00e1til\",\"video\":\"wp-content\\\/uploads\\\/2025\\\/10\\\/cdv-retratil.mp4\"}},{\"type\":\"grid_item\",\"props\":{\"image\":\"\",\"link\":\"ventilador-orbital\\\/\",\"title\":\"Ventilador Orbital\",\"video\":\"wp-content\\\/uploads\\\/2025\\\/10\\\/cdv-orbital.mp4\"}},{\"type\":\"grid_item\",\"props\":{\"image\":\"\",\"link\":\"exaustores\\\/\",\"title\":\"Exaustores\",\"video\":\"wp-content\\\/uploads\\\/2025\\\/08\\\/cdv-exaustor.mp4\"}},{\"type\":\"grid_item\",\"props\":{\"image\":\"\",\"link\":\"ventiladores-de-parede\\\/\",\"title\":\"Ventilador de Parede\",\"video\":\"wp-content\\\/uploads\\\/2025\\\/08\\\/cdv-parede.mp4\"}},{\"type\":\"grid_item\",\"props\":{\"image\":\"\",\"link\":\"ventilador-de-coluna\\\/\",\"title\":\"Ventilador de Coluna\",\"video\":\"wp-content\\\/uploads\\\/2025\\\/08\\\/cdv-coluna.mp4\"}},{\"type\":\"grid_item\",\"props\":{\"image\":\"\",\"link\":\"ventilador-de-mesa\\\/\",\"title\":\"Ventilador de Mesa\",\"video\":\"wp-content\\\/uploads\\\/2025\\\/08\\\/cdv-mesa.mp4\"}},{\"type\":\"grid_item\",\"props\":{\"image\":\"wp-content\\\/uploads\\\/2025\\\/07\\\/home-clima.jpg\",\"link\":\"climatizador\\\/\",\"title\":\"Climatizador\"}},{\"type\":\"grid_item\",\"props\":{\"image\":\"wp-content\\\/uploads\\\/2025\\\/07\\\/home-aquece.jpg\",\"link\":\"aquecedor\\\/\",\"title\":\"Aquecedor\"}},{\"type\":\"grid_item\",\"props\":{\"image\":\"\",\"link\":\"micro-ventilador\\\/\",\"title\":\"Micro-Ventilador\",\"video\":\"wp-content\\\/uploads\\\/2025\\\/11\\\/cdv-micro2.mp4\"}},{\"type\":\"grid_item\",\"props\":{\"image\":\"wp-content\\\/uploads\\\/2025\\\/12\\\/home-acessorios.jpg\",\"link\":\"acessorios\\\/\",\"title\":\"Acess\\u00f3rios\"}}]}]}]}]},{\"type\":\"section\",\"props\":{\"animation\":\"scale-up\",\"image_position\":\"center-center\",\"padding\":\"large\",\"padding_remove_bottom\":true,\"style\":\"default\",\"title_breakpoint\":\"xl\",\"title_position\":\"top-left\",\"title_rotation\":\"left\",\"vertical_align\":\"middle\",\"width\":\"default\"},\"children\":[{\"type\":\"row\",\"props\":{\"layout\":\"1-2,1-2\"},\"children\":[{\"type\":\"column\",\"props\":{\"image_position\":\"center-center\",\"position_sticky_breakpoint\":\"m\",\"vertical_align\":\"middle\",\"width_medium\":\"1-2\"},\"children\":[{\"type\":\"headline\",\"props\":{\"animation\":\"slide-left\",\"content\":\"Nossa loja\",\"margin_remove_bottom\":true,\"title_element\":\"h1\",\"title_font_family\":\"secondary\",\"title_style\":\"h1\"}},{\"type\":\"headline\",\"props\":{\"animation\":\"slide-left\",\"content\":\"Tradi\\u00e7\\u00e3o em ventila\\u00e7\\u00e3o.\",\"margin_remove_bottom\":true,\"margin_remove_top\":true,\"title_element\":\"h1\",\"title_font_family\":\"tertiary\",\"title_style\":\"h2\"}},{\"type\":\"text\",\"props\":{\"animation\":\"slide-left\",\"column_breakpoint\":\"m\",\"content\":\"N\\u00f3s da Casa do Vento, temos 33 anos de experi\\u00eancia com ventiladores, exaustores e climatizadores. Nosso time est\\u00e1 altamente capacitado para te ajudar e escolher a melhor op\\u00e7\\u00e3o para seu ambiente, podendo tamb\\u00e9m personalizar seu ventilador do seu jeito. \",\"margin\":\"default\",\"text_style\":\"large\"}},{\"type\":\"button\",\"props\":{\"animation\":\"slide-left\",\"grid_column_gap\":\"small\",\"grid_row_gap\":\"small\",\"margin\":\"default\"},\"children\":[{\"type\":\"button_item\",\"props\":{\"button_style\":\"secondary\",\"content\":\"COMO CHEGAR\",\"dialog_layout\":\"modal\",\"dialog_offcanvas_flip\":true,\"icon\":\"location\",\"icon_align\":\"left\",\"link\":\"https:\\\/\\\/maps.app.goo.gl\\\/Miqd4J3JiHyRzVh5A\",\"link_target\":\"blank\"}}]}]},{\"type\":\"column\",\"props\":{\"image_position\":\"center-center\",\"position_sticky_breakpoint\":\"m\",\"width_medium\":\"1-2\"},\"children\":[{\"type\":\"slideshow\",\"props\":{\"animation\":\"slide-right\",\"height_expand\":true,\"link_style\":\"default\",\"link_text\":\"Read more\",\"margin\":\"default\",\"meta_align\":\"below-title\",\"meta_element\":\"div\",\"meta_style\":\"text-meta\",\"nav\":\"dotnav\",\"nav_align\":\"center\",\"nav_below\":true,\"nav_breakpoint\":\"s\",\"nav_position\":\"bottom-center\",\"nav_position_margin\":\"medium\",\"overlay_animation\":\"parallax\",\"overlay_position\":\"center-left\",\"show_content\":false,\"show_link\":false,\"show_meta\":false,\"show_thumbnail\":false,\"show_title\":false,\"slidenav\":\"default\",\"slidenav_breakpoint\":\"s\",\"slidenav_hover\":true,\"slidenav_large\":false,\"slidenav_margin\":\"medium\",\"slidenav_outside_breakpoint\":\"xl\",\"slideshow_autoplay\":true,\"slideshow_autoplay_pause\":true,\"slideshow_box_decoration\":\"primary\",\"slideshow_box_decoration_inverse\":false,\"slideshow_kenburns\":\"alternate\",\"slideshow_min_height\":300,\"slideshow_ratio\":\"960:640\",\"thumbnav_height\":\"75\",\"thumbnav_svg_color\":\"emphasis\",\"thumbnav_width\":\"100\",\"title_element\":\"h3\",\"title_hover_style\":\"reset\"},\"children\":[{\"type\":\"slideshow_item\",\"props\":{\"image\":\"wp-content\\\/uploads\\\/2025\\\/07\\\/home-sobre-1.jpg\",\"title\":\"home-sobre\"}},{\"type\":\"slideshow_item\",\"props\":{\"image\":\"wp-content\\\/uploads\\\/2025\\\/07\\\/home-sobre-2.jpg\",\"title\":\"home-sobre-2\"}},{\"type\":\"slideshow_item\",\"props\":{\"image\":\"wp-content\\\/uploads\\\/2025\\\/07\\\/home-sobre-3.jpg\",\"title\":\"home-sobre-3\"}},{\"type\":\"slideshow_item\",\"props\":{\"image\":\"wp-content\\\/uploads\\\/2025\\\/07\\\/home-sobre-4.jpg\",\"title\":\"home-sobre-4\"}}]}]}]},{\"type\":\"row\",\"children\":[{\"type\":\"column\",\"props\":{\"image_position\":\"center-center\",\"position_sticky_breakpoint\":\"m\"},\"children\":[{\"type\":\"html\",\"props\":{\"content\":\"\n\n<style>.embed-container { position: relative; padding-bottom: 40%; height: 0; overflow: hidden; max-width: 100%; } .embed-container iframe, .embed-container object, .embed-container embed { position: absolute; top: 0; left: 0; width: 100%; height: 100%; }<\\\/style>\n\n<div class='embed-container'><iframe src='https:\\\/\\\/www.google.com\\\/maps\\\/embed?pb=!1m18!1m12!1m3!1d3675.55739483776!2d-47.0623817850347!3d-22.892802985018896!2m3!1f0!2f0!3f0!3m2!1i1024!2i768!4f13.1!3m3!1m2!1s0x94c8c8ab099083b5%3A0x6f280386fe246eef!2sCasa%20do%20Vento%20Ventiladores%20e%20Exaustores!5e0!3m2!1spt-BR!2sbr!4v1584730389471!5m2!1spt-BR!2sbr' width='600' height='350' frameborder='0' style='border:0;' allowfullscreen='' aria-hidden='false' tabindex='0'><\\\/iframe><\\\/div>\"}}]}]}]},{\"type\":\"section\",\"props\":{\"image_position\":\"center-center\",\"style\":\"muted\",\"title_breakpoint\":\"xl\",\"title_position\":\"top-left\",\"title_rotation\":\"left\",\"vertical_align\":\"middle\",\"width\":\"default\"},\"children\":[{\"type\":\"row\",\"children\":[{\"type\":\"column\",\"props\":{\"image_position\":\"center-center\",\"position_sticky_breakpoint\":\"m\"},\"children\":[{\"type\":\"headline\",\"props\":{\"content\":\"Artigos\",\"text_align\":\"center\",\"title_element\":\"h1\",\"title_font_family\":\"secondary\",\"title_style\":\"h1\"}},{\"type\":\"grid\",\"props\":{\"content_column_breakpoint\":\"m\",\"filter_align\":\"left\",\"filter_all\":true,\"filter_grid_breakpoint\":\"m\",\"filter_grid_width\":\"auto\",\"filter_position\":\"top\",\"filter_style\":\"tab\",\"grid_default\":\"1\",\"grid_medium\":\"3\",\"icon_width\":80,\"image_align\":\"top\",\"image_grid_breakpoint\":\"m\",\"image_grid_width\":\"1-2\",\"image_svg_color\":\"emphasis\",\"item_animation\":true,\"lightbox_bg_close\":true,\"link_style\":\"default\",\"link_text\":\"Read more\",\"margin\":\"large\",\"meta_align\":\"below-title\",\"meta_element\":\"div\",\"meta_style\":\"text-meta\",\"panel_image_no_padding\":true,\"panel_link\":true,\"panel_padding\":\"default\",\"panel_style\":\"card-primary\",\"show_content\":true,\"show_hover_image\":true,\"show_hover_video\":true,\"show_image\":true,\"show_link\":true,\"show_meta\":true,\"show_title\":true,\"show_video\":true,\"title_align\":\"top\",\"title_element\":\"h3\",\"title_grid_breakpoint\":\"m\",\"title_grid_width\":\"1-2\",\"title_hover_style\":\"reset\"},\"children\":[{\"type\":\"grid_item\",\"props\":{\"link_text\":\"LEIA MAIS\"},\"source\":{\"query\":{\"name\":\"posts.customPosts\",\"arguments\":{\"terms\":[3],\"category_operator\":\"IN\",\"post_tag_operator\":\"IN\",\"users\":[],\"users_operator\":\"IN\",\"offset\":0,\"limit\":3,\"order\":\"date\",\"order_direction\":\"DESC\"}},\"props\":{\"title\":{\"name\":\"title\"},\"content\":{\"name\":\"excerpt\",\"filters\":{\"limit\":120}},\"image\":{\"name\":\"featuredImage.url\"},\"link\":{\"name\":\"link\"}}}}]}]}]}],\"name\":\"artigos\"}],\"version\":\"4.5.23\"} --><\/p>\n","protected":false},"excerpt":{"rendered":"<p>Casa do Vento H\u00e1 33 anos fazendo tempo bom! Av. Orosimbo Maia, 965 &#8211; Vila Itapura \/ Campinas &#8211; SP Nossos Produtos Trabalhamos com as melhores marcas! Ventilador de Teto Ventilador Retr\u00e1til Ventilador Orbital Exaustores Ventilador de Parede Ventilador de Coluna Ventilador de Mesa Climatizador Aquecedor Micro-Ventilador Acess\u00f3rios Nossa loja Tradi\u00e7\u00e3o em ventila\u00e7\u00e3o. N\u00f3s da [&hellip;]<\/p>\n","protected":false},"author":1,"featured_media":0,"parent":0,"menu_order":0,"comment_status":"closed","ping_status":"closed","template":"","meta":{"_joinchat":[],"footnotes":""},"class_list":["post-10","page","type-page","status-publish","hentry"],"_links":{"self":[{"href":"https:\/\/casadovento.com.br\/novo\/wp-json\/wp\/v2\/pages\/10","targetHints":{"allow":["GET"]}}],"collection":[{"href":"https:\/\/casadovento.com.br\/novo\/wp-json\/wp\/v2\/pages"}],"about":[{"href":"https:\/\/casadovento.com.br\/novo\/wp-json\/wp\/v2\/types\/page"}],"author":[{"embeddable":true,"href":"https:\/\/casadovento.com.br\/novo\/wp-json\/wp\/v2\/users\/1"}],"replies":[{"embeddable":true,"href":"https:\/\/casadovento.com.br\/novo\/wp-json\/wp\/v2\/comments?post=10"}],"version-history":[{"count":59,"href":"https:\/\/casadovento.com.br\/novo\/wp-json\/wp\/v2\/pages\/10\/revisions"}],"predecessor-version":[{"id":632,"href":"https:\/\/casadovento.com.br\/novo\/wp-json\/wp\/v2\/pages\/10\/revisions\/632"}],"wp:attachment":[{"href":"https:\/\/casadovento.com.br\/novo\/wp-json\/wp\/v2\/media?parent=10"}],"curies":[{"name":"wp","href":"https:\/\/api.w.org\/{rel}","templated":true}]}}